{"id":1777,"date":"2020-11-11T23:34:18","date_gmt":"2020-11-11T23:34:18","guid":{"rendered":"https:\/\/luciolelighting.com\/products\/cone-large-pendant\/"},"modified":"2026-04-09T20:54:46","modified_gmt":"2026-04-09T20:54:46","slug":"cone-24","status":"publish","type":"product","link":"https:\/\/luciolelighting.com\/fr\/produits\/cone-24\/","title":{"rendered":"C\u00f4ne 24"},"content":{"rendered":"<p><strong>Construction<\/strong>: Diffuseur m\u00e9tallique en aluminium usin\u00e9 et repouss\u00e9. Diffuseur d\u2019\u00e9clairage en acrylique blanc opalescent.<\/p>\n<p><strong>DEL<\/strong>: COB de qualit\u00e9 \u00e0 haute performance Bridgelux avec une valeur de chromaticit\u00e9 obtenue \u00e0 partir d\u2019une ellipse MacAdam \u00e0 3 d\u00e9viations (SDCM 3). IRC standard de 90 minimum et plusieurs options de temp\u00e9ratures de couleurs.<\/p>\n<p><strong>Driver<\/strong>: Driver de grade commercial offrant une gradation silencieuse et fluide. Offert avec les options de gradation \u00e0 2 fils Forward Phase ELV ou 0-10V. Gradation 1%. Standard 120V-277V.<\/p>\n<div class=\"page\" title=\"Page 1\">\n<div class=\"section\">\n<div class=\"layoutArea\">\n<div class=\"column\">\n<p><strong>Poids<\/strong>: 5 lbs (2.27 kg)<\/p>\n<\/div>\n<\/div>\n<\/div>\n<\/div>\n<div class=\"page\" title=\"Page 1\">\n<div class=\"section\">\n<div class=\"layoutArea\">\n<div class=\"column\">\n<p><strong>Homologations<\/strong>: cETLus pour le Canada et les \u00c9tats-Unis.<\/p>\n<\/div>\n<\/div>\n<\/div>\n<\/div>\n<p><strong>Garantie<\/strong>: Garantie limit\u00e9e de 5 ans.<\/p>\n","protected":false},"excerpt":{"rendered":"<p>De forme g\u00e9om\u00e9trique simple au style \u00e9pur\u00e9 intemporel, le mod\u00e8le C\u00f4ne a \u00e9t\u00e9 con\u00e7u pour \u00eatre facilement int\u00e9gr\u00e9 \u00e0 diff\u00e9rents types d\u2019espaces. Il est offert en option d\u2019installation suspendu, en deux formats ainsi qu\u2019avec plusieurs possibilit\u00e9s de combinaisons de couleurs standards ou sur-mesure. La source lumineuse DEL est dissimul\u00e9e derri\u00e8re un diffuseur en acrylique opalescent en retrait pour un confort visuel optimal.<\/p>\n","protected":false},"featured_media":3866,"comment_status":"open","ping_status":"closed","template":"","meta":{"_acf_changed":false},"product_brand":[],"product_cat":[166],"product_tag":[168],"class_list":{"0":"post-1777","1":"product","2":"type-product","3":"status-publish","4":"has-post-thumbnail","6":"product_cat-suspendu","7":"product_tag-cone-fr","9":"first","10":"instock","11":"shipping-taxable","12":"product-type-simple"},"acf":[],"yoast_head":"<!-- This site is optimized with the Yoast SEO plugin v26.9 - https:\/\/yoast.com\/product\/yoast-seo-wordpress\/ -->\n<title>C\u00f4ne 24 - Luciole Lighting<\/title>\n<meta name=\"description\" content=\"C\u00f4ne a \u00e9t\u00e9 con\u00e7u pour \u00eatre facilement int\u00e9gr\u00e9 \u00e0 diff\u00e9rents types d\u2019espaces. Il est offert en option d\u2019installation suspendu, en deux formats ainsi qu\u2019avec plusieurs possibilit\u00e9s de combinaisons de couleurs standards ou sur-mesure. La source lumineuse DEL est dissimul\u00e9e derri\u00e8re un diffuseur en acrylique opalescent en retrait pour un confort visuel optimal.\" \/>\n<meta name=\"robots\" content=\"index, follow, max-snippet:-1, max-image-preview:large, max-video-preview:-1\" \/>\n<link rel=\"canonical\" href=\"https:\/\/luciolelighting.com\/fr\/produits\/cone-24\/\" \/>\n<meta property=\"og:locale\" content=\"fr_CA\" \/>\n<meta property=\"og:type\" content=\"article\" \/>\n<meta property=\"og:title\" content=\"C\u00f4ne 24 - Luciole Lighting\" \/>\n<meta property=\"og:description\" content=\"C\u00f4ne a \u00e9t\u00e9 con\u00e7u pour \u00eatre facilement int\u00e9gr\u00e9 \u00e0 diff\u00e9rents types d\u2019espaces. Il est offert en option d\u2019installation suspendu, en deux formats ainsi qu\u2019avec plusieurs possibilit\u00e9s de combinaisons de couleurs standards ou sur-mesure. La source lumineuse DEL est dissimul\u00e9e derri\u00e8re un diffuseur en acrylique opalescent en retrait pour un confort visuel optimal.\" \/>\n<meta property=\"og:url\" content=\"https:\/\/luciolelighting.com\/fr\/produits\/cone-24\/\" \/>\n<meta property=\"og:site_name\" content=\"Luciole Lighting\" \/>\n<meta property=\"article:modified_time\" content=\"2026-04-09T20:54:46+00:00\" \/>\n<meta property=\"og:image\" content=\"https:\/\/luciolelighting.com\/wp-content\/uploads\/2020\/11\/LUCIOLE_P_CONE_24_IMAGE_INITIALE_LR.webp\" \/>\n\t<meta property=\"og:image:width\" content=\"1200\" \/>\n\t<meta property=\"og:image:height\" content=\"1200\" \/>\n\t<meta property=\"og:image:type\" content=\"image\/webp\" \/>\n<meta name=\"twitter:card\" content=\"summary_large_image\" \/>\n<meta name=\"twitter:label1\" content=\"Estimation du temps de lecture\" \/>\n\t<meta name=\"twitter:data1\" content=\"1 minute\" \/>\n<script type=\"application\/ld+json\" class=\"yoast-schema-graph\">{\"@context\":\"https:\/\/schema.org\",\"@graph\":[{\"@type\":\"WebPage\",\"@id\":\"https:\/\/luciolelighting.com\/fr\/produits\/cone-24\/\",\"url\":\"https:\/\/luciolelighting.com\/fr\/produits\/cone-24\/\",\"name\":\"C\u00f4ne 24 - Luciole Lighting\",\"isPartOf\":{\"@id\":\"https:\/\/luciolelighting.com\/fr\/#website\"},\"primaryImageOfPage\":{\"@id\":\"https:\/\/luciolelighting.com\/fr\/produits\/cone-24\/#primaryimage\"},\"image\":{\"@id\":\"https:\/\/luciolelighting.com\/fr\/produits\/cone-24\/#primaryimage\"},\"thumbnailUrl\":\"https:\/\/luciolelighting.com\/wp-content\/uploads\/2020\/11\/LUCIOLE_P_CONE_24_IMAGE_INITIALE_LR.webp\",\"datePublished\":\"2020-11-11T23:34:18+00:00\",\"dateModified\":\"2026-04-09T20:54:46+00:00\",\"description\":\"C\u00f4ne a \u00e9t\u00e9 con\u00e7u pour \u00eatre facilement int\u00e9gr\u00e9 \u00e0 diff\u00e9rents types d\u2019espaces. Il est offert en option d\u2019installation suspendu, en deux formats ainsi qu\u2019avec plusieurs possibilit\u00e9s de combinaisons de couleurs standards ou sur-mesure. La source lumineuse DEL est dissimul\u00e9e derri\u00e8re un diffuseur en acrylique opalescent en retrait pour un confort visuel optimal.\",\"breadcrumb\":{\"@id\":\"https:\/\/luciolelighting.com\/fr\/produits\/cone-24\/#breadcrumb\"},\"inLanguage\":\"fr-CA\",\"potentialAction\":[{\"@type\":\"ReadAction\",\"target\":[\"https:\/\/luciolelighting.com\/fr\/produits\/cone-24\/\"]}]},{\"@type\":\"ImageObject\",\"inLanguage\":\"fr-CA\",\"@id\":\"https:\/\/luciolelighting.com\/fr\/produits\/cone-24\/#primaryimage\",\"url\":\"https:\/\/luciolelighting.com\/wp-content\/uploads\/2020\/11\/LUCIOLE_P_CONE_24_IMAGE_INITIALE_LR.webp\",\"contentUrl\":\"https:\/\/luciolelighting.com\/wp-content\/uploads\/2020\/11\/LUCIOLE_P_CONE_24_IMAGE_INITIALE_LR.webp\",\"width\":1200,\"height\":1200},{\"@type\":\"BreadcrumbList\",\"@id\":\"https:\/\/luciolelighting.com\/fr\/produits\/cone-24\/#breadcrumb\",\"itemListElement\":[{\"@type\":\"ListItem\",\"position\":1,\"name\":\"Products\",\"item\":\"https:\/\/luciolelighting.com\/products\/\"},{\"@type\":\"ListItem\",\"position\":2,\"name\":\"C\u00d4NE\",\"item\":\"https:\/\/luciolelighting.com\/fr\/collection\/cone-fr\/\"},{\"@type\":\"ListItem\",\"position\":3,\"name\":\"C\u00f4ne 24\"}]},{\"@type\":\"WebSite\",\"@id\":\"https:\/\/luciolelighting.com\/fr\/#website\",\"url\":\"https:\/\/luciolelighting.com\/fr\/\",\"name\":\"Luciole Lighting\",\"description\":\"\",\"publisher\":{\"@id\":\"https:\/\/luciolelighting.com\/fr\/#organization\"},\"potentialAction\":[{\"@type\":\"SearchAction\",\"target\":{\"@type\":\"EntryPoint\",\"urlTemplate\":\"https:\/\/luciolelighting.com\/fr\/?s={search_term_string}\"},\"query-input\":{\"@type\":\"PropertyValueSpecification\",\"valueRequired\":true,\"valueName\":\"search_term_string\"}}],\"inLanguage\":\"fr-CA\"},{\"@type\":\"Organization\",\"@id\":\"https:\/\/luciolelighting.com\/fr\/#organization\",\"name\":\"Luciole Lighting\",\"url\":\"https:\/\/luciolelighting.com\/fr\/\",\"logo\":{\"@type\":\"ImageObject\",\"inLanguage\":\"fr-CA\",\"@id\":\"https:\/\/luciolelighting.com\/fr\/#\/schema\/logo\/image\/\",\"url\":\"https:\/\/luciolelighting.com\/wp-content\/uploads\/2020\/11\/logo-header.png\",\"contentUrl\":\"https:\/\/luciolelighting.com\/wp-content\/uploads\/2020\/11\/logo-header.png\",\"width\":180,\"height\":55,\"caption\":\"Luciole Lighting\"},\"image\":{\"@id\":\"https:\/\/luciolelighting.com\/fr\/#\/schema\/logo\/image\/\"}}]}<\/script>\n<!-- \/ Yoast SEO plugin. -->","yoast_head_json":{"title":"C\u00f4ne 24 - Luciole Lighting","description":"C\u00f4ne a \u00e9t\u00e9 con\u00e7u pour \u00eatre facilement int\u00e9gr\u00e9 \u00e0 diff\u00e9rents types d\u2019espaces. Il est offert en option d\u2019installation suspendu, en deux formats ainsi qu\u2019avec plusieurs possibilit\u00e9s de combinaisons de couleurs standards ou sur-mesure. La source lumineuse DEL est dissimul\u00e9e derri\u00e8re un diffuseur en acrylique opalescent en retrait pour un confort visuel optimal.","robots":{"index":"index","follow":"follow","max-snippet":"max-snippet:-1","max-image-preview":"max-image-preview:large","max-video-preview":"max-video-preview:-1"},"canonical":"https:\/\/luciolelighting.com\/fr\/produits\/cone-24\/","og_locale":"fr_CA","og_type":"article","og_title":"C\u00f4ne 24 - Luciole Lighting","og_description":"C\u00f4ne a \u00e9t\u00e9 con\u00e7u pour \u00eatre facilement int\u00e9gr\u00e9 \u00e0 diff\u00e9rents types d\u2019espaces. Il est offert en option d\u2019installation suspendu, en deux formats ainsi qu\u2019avec plusieurs possibilit\u00e9s de combinaisons de couleurs standards ou sur-mesure. La source lumineuse DEL est dissimul\u00e9e derri\u00e8re un diffuseur en acrylique opalescent en retrait pour un confort visuel optimal.","og_url":"https:\/\/luciolelighting.com\/fr\/produits\/cone-24\/","og_site_name":"Luciole Lighting","article_modified_time":"2026-04-09T20:54:46+00:00","og_image":[{"width":1200,"height":1200,"url":"https:\/\/luciolelighting.com\/wp-content\/uploads\/2020\/11\/LUCIOLE_P_CONE_24_IMAGE_INITIALE_LR.webp","type":"image\/webp"}],"twitter_card":"summary_large_image","twitter_misc":{"Estimation du temps de lecture":"1 minute"},"schema":{"@context":"https:\/\/schema.org","@graph":[{"@type":"WebPage","@id":"https:\/\/luciolelighting.com\/fr\/produits\/cone-24\/","url":"https:\/\/luciolelighting.com\/fr\/produits\/cone-24\/","name":"C\u00f4ne 24 - Luciole Lighting","isPartOf":{"@id":"https:\/\/luciolelighting.com\/fr\/#website"},"primaryImageOfPage":{"@id":"https:\/\/luciolelighting.com\/fr\/produits\/cone-24\/#primaryimage"},"image":{"@id":"https:\/\/luciolelighting.com\/fr\/produits\/cone-24\/#primaryimage"},"thumbnailUrl":"https:\/\/luciolelighting.com\/wp-content\/uploads\/2020\/11\/LUCIOLE_P_CONE_24_IMAGE_INITIALE_LR.webp","datePublished":"2020-11-11T23:34:18+00:00","dateModified":"2026-04-09T20:54:46+00:00","description":"C\u00f4ne a \u00e9t\u00e9 con\u00e7u pour \u00eatre facilement int\u00e9gr\u00e9 \u00e0 diff\u00e9rents types d\u2019espaces. Il est offert en option d\u2019installation suspendu, en deux formats ainsi qu\u2019avec plusieurs possibilit\u00e9s de combinaisons de couleurs standards ou sur-mesure. La source lumineuse DEL est dissimul\u00e9e derri\u00e8re un diffuseur en acrylique opalescent en retrait pour un confort visuel optimal.","breadcrumb":{"@id":"https:\/\/luciolelighting.com\/fr\/produits\/cone-24\/#breadcrumb"},"inLanguage":"fr-CA","potentialAction":[{"@type":"ReadAction","target":["https:\/\/luciolelighting.com\/fr\/produits\/cone-24\/"]}]},{"@type":"ImageObject","inLanguage":"fr-CA","@id":"https:\/\/luciolelighting.com\/fr\/produits\/cone-24\/#primaryimage","url":"https:\/\/luciolelighting.com\/wp-content\/uploads\/2020\/11\/LUCIOLE_P_CONE_24_IMAGE_INITIALE_LR.webp","contentUrl":"https:\/\/luciolelighting.com\/wp-content\/uploads\/2020\/11\/LUCIOLE_P_CONE_24_IMAGE_INITIALE_LR.webp","width":1200,"height":1200},{"@type":"BreadcrumbList","@id":"https:\/\/luciolelighting.com\/fr\/produits\/cone-24\/#breadcrumb","itemListElement":[{"@type":"ListItem","position":1,"name":"Products","item":"https:\/\/luciolelighting.com\/products\/"},{"@type":"ListItem","position":2,"name":"C\u00d4NE","item":"https:\/\/luciolelighting.com\/fr\/collection\/cone-fr\/"},{"@type":"ListItem","position":3,"name":"C\u00f4ne 24"}]},{"@type":"WebSite","@id":"https:\/\/luciolelighting.com\/fr\/#website","url":"https:\/\/luciolelighting.com\/fr\/","name":"Luciole Lighting","description":"","publisher":{"@id":"https:\/\/luciolelighting.com\/fr\/#organization"},"potentialAction":[{"@type":"SearchAction","target":{"@type":"EntryPoint","urlTemplate":"https:\/\/luciolelighting.com\/fr\/?s={search_term_string}"},"query-input":{"@type":"PropertyValueSpecification","valueRequired":true,"valueName":"search_term_string"}}],"inLanguage":"fr-CA"},{"@type":"Organization","@id":"https:\/\/luciolelighting.com\/fr\/#organization","name":"Luciole Lighting","url":"https:\/\/luciolelighting.com\/fr\/","logo":{"@type":"ImageObject","inLanguage":"fr-CA","@id":"https:\/\/luciolelighting.com\/fr\/#\/schema\/logo\/image\/","url":"https:\/\/luciolelighting.com\/wp-content\/uploads\/2020\/11\/logo-header.png","contentUrl":"https:\/\/luciolelighting.com\/wp-content\/uploads\/2020\/11\/logo-header.png","width":180,"height":55,"caption":"Luciole Lighting"},"image":{"@id":"https:\/\/luciolelighting.com\/fr\/#\/schema\/logo\/image\/"}}]}},"_links":{"self":[{"href":"https:\/\/luciolelighting.com\/fr\/wp-json\/wp\/v2\/product\/1777","targetHints":{"allow":["GET"]}}],"collection":[{"href":"https:\/\/luciolelighting.com\/fr\/wp-json\/wp\/v2\/product"}],"about":[{"href":"https:\/\/luciolelighting.com\/fr\/wp-json\/wp\/v2\/types\/product"}],"replies":[{"embeddable":true,"href":"https:\/\/luciolelighting.com\/fr\/wp-json\/wp\/v2\/comments?post=1777"}],"wp:featuredmedia":[{"embeddable":true,"href":"https:\/\/luciolelighting.com\/fr\/wp-json\/wp\/v2\/media\/3866"}],"wp:attachment":[{"href":"https:\/\/luciolelighting.com\/fr\/wp-json\/wp\/v2\/media?parent=1777"}],"wp:term":[{"taxonomy":"product_brand","embeddable":true,"href":"https:\/\/luciolelighting.com\/fr\/wp-json\/wp\/v2\/product_brand?post=1777"},{"taxonomy":"product_cat","embeddable":true,"href":"https:\/\/luciolelighting.com\/fr\/wp-json\/wp\/v2\/product_cat?post=1777"},{"taxonomy":"product_tag","embeddable":true,"href":"https:\/\/luciolelighting.com\/fr\/wp-json\/wp\/v2\/product_tag?post=1777"}],"curies":[{"name":"wp","href":"https:\/\/api.w.org\/{rel}","templated":true}]}}