{"id":1795,"date":"2020-11-11T23:27:53","date_gmt":"2020-11-11T23:27:53","guid":{"rendered":"https:\/\/luciolelighting.com\/products\/fiona-small-pendant\/"},"modified":"2025-10-27T18:51:57","modified_gmt":"2025-10-27T18:51:57","slug":"fiona-12-pendant","status":"publish","type":"product","link":"https:\/\/luciolelighting.com\/fr\/produits\/fiona-12-pendant\/","title":{"rendered":"Fiona 12"},"content":{"rendered":"<p><strong>Construction: <\/strong>Feutre acoustique 100% laine et\/ou li\u00e8ge naturel avec un diffuseur d\u2019\u00e9clairage en acrylique blanc opalescent<\/p>\n<p><strong>DEL<\/strong>: Modules lin\u00e9aires \u00e0 haute performance Advance avec une valeur de chromaticit\u00e9 obtenue \u00e0 partir d\u2019une ellipse MacAdam \u00e0 3 d\u00e9viations (SDCM 3).<\/p>\n<p><strong>Driver<\/strong>: Driver de grade commercial offrant une gradation silencieuse et fluide. Offert avec les options de gradation \u00e0 2 fils Forward Phase ELV ou 0-10V. Gradation 1%. Standard 120V-277V. Option de driver 347V \u00e0 gradation 0- 10V.<\/p>\n<p><strong>Homologations<\/strong>: cETLus pour le Canada et les \u00c9tats-Unis.<\/p>\n<p><strong>Poids<\/strong>: 9.2 lbs (4.17 kg)<\/p>\n<p><strong>Garantie<\/strong>: Garantie limit\u00e9e de 5 ans.<\/p>\n","protected":false},"excerpt":{"rendered":"<p>Le mod\u00e8le Fiona est offert en plusieurs formats pour les options d\u2019installation plafonnier ou suspendu. Il est propos\u00e9 avec des mat\u00e9riaux ayant des propri\u00e9t\u00e9s d\u2019absorption acoustique tels que le feutre 100% laine et le li\u00e8ge. Plusieurs couleurs de feutre sont offertes et peuvent \u00eatre combin\u00e9es sur un m\u00eame assemblage pour l\u2019ext\u00e9rieur et l\u2019int\u00e9rieur de l\u2019abat-jour. La source lumineuse DEL de l\u2019abat-jour est dissimul\u00e9e derri\u00e8re un diffuseur en acrylique opalescent en retrait pour un confort visuel optimal.<\/p>\n","protected":false},"featured_media":875,"comment_status":"open","ping_status":"closed","template":"","meta":{"_acf_changed":false},"product_brand":[],"product_cat":[166],"product_tag":[170],"class_list":{"0":"post-1795","1":"product","2":"type-product","3":"status-publish","4":"has-post-thumbnail","6":"product_cat-suspendu","7":"product_tag-fiona-fr","9":"first","10":"instock","11":"shipping-taxable","12":"product-type-simple"},"acf":[],"yoast_head":"<!-- This site is optimized with the Yoast SEO plugin v26.9 - https:\/\/yoast.com\/product\/yoast-seo-wordpress\/ -->\n<title>Fiona 12 - Luciole Lighting<\/title>\n<meta name=\"description\" content=\"Fiona est offert en plusieurs formats pour les options d\u2019installation plafonnier ou suspendu. Il est propos\u00e9 avec des mat\u00e9riaux ayant des propri\u00e9t\u00e9s d\u2019absorption acoustique tels que le feutre 100% laine et le li\u00e8ge. Plusieurs couleurs de feutre sont offertes et peuvent \u00eatre combin\u00e9es sur un m\u00eame assemblage pour l\u2019ext\u00e9rieur et l\u2019int\u00e9rieur de l\u2019abat-jour. La source lumineuse DEL de l\u2019abat-jour est dissimul\u00e9e derri\u00e8re un diffuseur en acrylique opalescent en retrait pour un confort visuel optimal.\" \/>\n<meta name=\"robots\" content=\"index, follow, max-snippet:-1, max-image-preview:large, max-video-preview:-1\" \/>\n<link rel=\"canonical\" href=\"https:\/\/luciolelighting.com\/fr\/produits\/fiona-12-pendant\/\" \/>\n<meta property=\"og:locale\" content=\"fr_CA\" \/>\n<meta property=\"og:type\" content=\"article\" \/>\n<meta property=\"og:title\" content=\"Fiona 12 - Luciole Lighting\" \/>\n<meta property=\"og:description\" content=\"Fiona est offert en plusieurs formats pour les options d\u2019installation plafonnier ou suspendu. Il est propos\u00e9 avec des mat\u00e9riaux ayant des propri\u00e9t\u00e9s d\u2019absorption acoustique tels que le feutre 100% laine et le li\u00e8ge. Plusieurs couleurs de feutre sont offertes et peuvent \u00eatre combin\u00e9es sur un m\u00eame assemblage pour l\u2019ext\u00e9rieur et l\u2019int\u00e9rieur de l\u2019abat-jour. La source lumineuse DEL de l\u2019abat-jour est dissimul\u00e9e derri\u00e8re un diffuseur en acrylique opalescent en retrait pour un confort visuel optimal.\" \/>\n<meta property=\"og:url\" content=\"https:\/\/luciolelighting.com\/fr\/produits\/fiona-12-pendant\/\" \/>\n<meta property=\"og:site_name\" content=\"Luciole Lighting\" \/>\n<meta property=\"article:modified_time\" content=\"2025-10-27T18:51:57+00:00\" \/>\n<meta property=\"og:image\" content=\"https:\/\/luciolelighting.com\/wp-content\/uploads\/2020\/11\/fiona-small-p-image.jpg\" \/>\n\t<meta property=\"og:image:width\" content=\"1000\" \/>\n\t<meta property=\"og:image:height\" content=\"1000\" \/>\n\t<meta property=\"og:image:type\" content=\"image\/jpeg\" \/>\n<meta name=\"twitter:card\" content=\"summary_large_image\" \/>\n<meta name=\"twitter:label1\" content=\"Estimation du temps de lecture\" \/>\n\t<meta name=\"twitter:data1\" content=\"1 minute\" \/>\n<script type=\"application\/ld+json\" class=\"yoast-schema-graph\">{\"@context\":\"https:\/\/schema.org\",\"@graph\":[{\"@type\":\"WebPage\",\"@id\":\"https:\/\/luciolelighting.com\/fr\/produits\/fiona-12-pendant\/\",\"url\":\"https:\/\/luciolelighting.com\/fr\/produits\/fiona-12-pendant\/\",\"name\":\"Fiona 12 - Luciole Lighting\",\"isPartOf\":{\"@id\":\"https:\/\/luciolelighting.com\/fr\/#website\"},\"primaryImageOfPage\":{\"@id\":\"https:\/\/luciolelighting.com\/fr\/produits\/fiona-12-pendant\/#primaryimage\"},\"image\":{\"@id\":\"https:\/\/luciolelighting.com\/fr\/produits\/fiona-12-pendant\/#primaryimage\"},\"thumbnailUrl\":\"https:\/\/luciolelighting.com\/wp-content\/uploads\/2020\/11\/fiona-small-p-image.jpg\",\"datePublished\":\"2020-11-11T23:27:53+00:00\",\"dateModified\":\"2025-10-27T18:51:57+00:00\",\"description\":\"Fiona est offert en plusieurs formats pour les options d\u2019installation plafonnier ou suspendu. Il est propos\u00e9 avec des mat\u00e9riaux ayant des propri\u00e9t\u00e9s d\u2019absorption acoustique tels que le feutre 100% laine et le li\u00e8ge. Plusieurs couleurs de feutre sont offertes et peuvent \u00eatre combin\u00e9es sur un m\u00eame assemblage pour l\u2019ext\u00e9rieur et l\u2019int\u00e9rieur de l\u2019abat-jour. La source lumineuse DEL de l\u2019abat-jour est dissimul\u00e9e derri\u00e8re un diffuseur en acrylique opalescent en retrait pour un confort visuel optimal.\",\"breadcrumb\":{\"@id\":\"https:\/\/luciolelighting.com\/fr\/produits\/fiona-12-pendant\/#breadcrumb\"},\"inLanguage\":\"fr-CA\",\"potentialAction\":[{\"@type\":\"ReadAction\",\"target\":[\"https:\/\/luciolelighting.com\/fr\/produits\/fiona-12-pendant\/\"]}]},{\"@type\":\"ImageObject\",\"inLanguage\":\"fr-CA\",\"@id\":\"https:\/\/luciolelighting.com\/fr\/produits\/fiona-12-pendant\/#primaryimage\",\"url\":\"https:\/\/luciolelighting.com\/wp-content\/uploads\/2020\/11\/fiona-small-p-image.jpg\",\"contentUrl\":\"https:\/\/luciolelighting.com\/wp-content\/uploads\/2020\/11\/fiona-small-p-image.jpg\",\"width\":1000,\"height\":1000},{\"@type\":\"BreadcrumbList\",\"@id\":\"https:\/\/luciolelighting.com\/fr\/produits\/fiona-12-pendant\/#breadcrumb\",\"itemListElement\":[{\"@type\":\"ListItem\",\"position\":1,\"name\":\"Products\",\"item\":\"https:\/\/luciolelighting.com\/products\/\"},{\"@type\":\"ListItem\",\"position\":2,\"name\":\"FIONA\",\"item\":\"https:\/\/luciolelighting.com\/fr\/collection\/fiona-fr\/\"},{\"@type\":\"ListItem\",\"position\":3,\"name\":\"Fiona 12\"}]},{\"@type\":\"WebSite\",\"@id\":\"https:\/\/luciolelighting.com\/fr\/#website\",\"url\":\"https:\/\/luciolelighting.com\/fr\/\",\"name\":\"Luciole Lighting\",\"description\":\"\",\"publisher\":{\"@id\":\"https:\/\/luciolelighting.com\/fr\/#organization\"},\"potentialAction\":[{\"@type\":\"SearchAction\",\"target\":{\"@type\":\"EntryPoint\",\"urlTemplate\":\"https:\/\/luciolelighting.com\/fr\/?s={search_term_string}\"},\"query-input\":{\"@type\":\"PropertyValueSpecification\",\"valueRequired\":true,\"valueName\":\"search_term_string\"}}],\"inLanguage\":\"fr-CA\"},{\"@type\":\"Organization\",\"@id\":\"https:\/\/luciolelighting.com\/fr\/#organization\",\"name\":\"Luciole Lighting\",\"url\":\"https:\/\/luciolelighting.com\/fr\/\",\"logo\":{\"@type\":\"ImageObject\",\"inLanguage\":\"fr-CA\",\"@id\":\"https:\/\/luciolelighting.com\/fr\/#\/schema\/logo\/image\/\",\"url\":\"https:\/\/luciolelighting.com\/wp-content\/uploads\/2020\/11\/logo-header.png\",\"contentUrl\":\"https:\/\/luciolelighting.com\/wp-content\/uploads\/2020\/11\/logo-header.png\",\"width\":180,\"height\":55,\"caption\":\"Luciole Lighting\"},\"image\":{\"@id\":\"https:\/\/luciolelighting.com\/fr\/#\/schema\/logo\/image\/\"}}]}<\/script>\n<!-- \/ Yoast SEO plugin. -->","yoast_head_json":{"title":"Fiona 12 - Luciole Lighting","description":"Fiona est offert en plusieurs formats pour les options d\u2019installation plafonnier ou suspendu. Il est propos\u00e9 avec des mat\u00e9riaux ayant des propri\u00e9t\u00e9s d\u2019absorption acoustique tels que le feutre 100% laine et le li\u00e8ge. Plusieurs couleurs de feutre sont offertes et peuvent \u00eatre combin\u00e9es sur un m\u00eame assemblage pour l\u2019ext\u00e9rieur et l\u2019int\u00e9rieur de l\u2019abat-jour. La source lumineuse DEL de l\u2019abat-jour est dissimul\u00e9e derri\u00e8re un diffuseur en acrylique opalescent en retrait pour un confort visuel optimal.","robots":{"index":"index","follow":"follow","max-snippet":"max-snippet:-1","max-image-preview":"max-image-preview:large","max-video-preview":"max-video-preview:-1"},"canonical":"https:\/\/luciolelighting.com\/fr\/produits\/fiona-12-pendant\/","og_locale":"fr_CA","og_type":"article","og_title":"Fiona 12 - Luciole Lighting","og_description":"Fiona est offert en plusieurs formats pour les options d\u2019installation plafonnier ou suspendu. Il est propos\u00e9 avec des mat\u00e9riaux ayant des propri\u00e9t\u00e9s d\u2019absorption acoustique tels que le feutre 100% laine et le li\u00e8ge. Plusieurs couleurs de feutre sont offertes et peuvent \u00eatre combin\u00e9es sur un m\u00eame assemblage pour l\u2019ext\u00e9rieur et l\u2019int\u00e9rieur de l\u2019abat-jour. La source lumineuse DEL de l\u2019abat-jour est dissimul\u00e9e derri\u00e8re un diffuseur en acrylique opalescent en retrait pour un confort visuel optimal.","og_url":"https:\/\/luciolelighting.com\/fr\/produits\/fiona-12-pendant\/","og_site_name":"Luciole Lighting","article_modified_time":"2025-10-27T18:51:57+00:00","og_image":[{"width":1000,"height":1000,"url":"https:\/\/luciolelighting.com\/wp-content\/uploads\/2020\/11\/fiona-small-p-image.jpg","type":"image\/jpeg"}],"twitter_card":"summary_large_image","twitter_misc":{"Estimation du temps de lecture":"1 minute"},"schema":{"@context":"https:\/\/schema.org","@graph":[{"@type":"WebPage","@id":"https:\/\/luciolelighting.com\/fr\/produits\/fiona-12-pendant\/","url":"https:\/\/luciolelighting.com\/fr\/produits\/fiona-12-pendant\/","name":"Fiona 12 - Luciole Lighting","isPartOf":{"@id":"https:\/\/luciolelighting.com\/fr\/#website"},"primaryImageOfPage":{"@id":"https:\/\/luciolelighting.com\/fr\/produits\/fiona-12-pendant\/#primaryimage"},"image":{"@id":"https:\/\/luciolelighting.com\/fr\/produits\/fiona-12-pendant\/#primaryimage"},"thumbnailUrl":"https:\/\/luciolelighting.com\/wp-content\/uploads\/2020\/11\/fiona-small-p-image.jpg","datePublished":"2020-11-11T23:27:53+00:00","dateModified":"2025-10-27T18:51:57+00:00","description":"Fiona est offert en plusieurs formats pour les options d\u2019installation plafonnier ou suspendu. Il est propos\u00e9 avec des mat\u00e9riaux ayant des propri\u00e9t\u00e9s d\u2019absorption acoustique tels que le feutre 100% laine et le li\u00e8ge. Plusieurs couleurs de feutre sont offertes et peuvent \u00eatre combin\u00e9es sur un m\u00eame assemblage pour l\u2019ext\u00e9rieur et l\u2019int\u00e9rieur de l\u2019abat-jour. La source lumineuse DEL de l\u2019abat-jour est dissimul\u00e9e derri\u00e8re un diffuseur en acrylique opalescent en retrait pour un confort visuel optimal.","breadcrumb":{"@id":"https:\/\/luciolelighting.com\/fr\/produits\/fiona-12-pendant\/#breadcrumb"},"inLanguage":"fr-CA","potentialAction":[{"@type":"ReadAction","target":["https:\/\/luciolelighting.com\/fr\/produits\/fiona-12-pendant\/"]}]},{"@type":"ImageObject","inLanguage":"fr-CA","@id":"https:\/\/luciolelighting.com\/fr\/produits\/fiona-12-pendant\/#primaryimage","url":"https:\/\/luciolelighting.com\/wp-content\/uploads\/2020\/11\/fiona-small-p-image.jpg","contentUrl":"https:\/\/luciolelighting.com\/wp-content\/uploads\/2020\/11\/fiona-small-p-image.jpg","width":1000,"height":1000},{"@type":"BreadcrumbList","@id":"https:\/\/luciolelighting.com\/fr\/produits\/fiona-12-pendant\/#breadcrumb","itemListElement":[{"@type":"ListItem","position":1,"name":"Products","item":"https:\/\/luciolelighting.com\/products\/"},{"@type":"ListItem","position":2,"name":"FIONA","item":"https:\/\/luciolelighting.com\/fr\/collection\/fiona-fr\/"},{"@type":"ListItem","position":3,"name":"Fiona 12"}]},{"@type":"WebSite","@id":"https:\/\/luciolelighting.com\/fr\/#website","url":"https:\/\/luciolelighting.com\/fr\/","name":"Luciole Lighting","description":"","publisher":{"@id":"https:\/\/luciolelighting.com\/fr\/#organization"},"potentialAction":[{"@type":"SearchAction","target":{"@type":"EntryPoint","urlTemplate":"https:\/\/luciolelighting.com\/fr\/?s={search_term_string}"},"query-input":{"@type":"PropertyValueSpecification","valueRequired":true,"valueName":"search_term_string"}}],"inLanguage":"fr-CA"},{"@type":"Organization","@id":"https:\/\/luciolelighting.com\/fr\/#organization","name":"Luciole Lighting","url":"https:\/\/luciolelighting.com\/fr\/","logo":{"@type":"ImageObject","inLanguage":"fr-CA","@id":"https:\/\/luciolelighting.com\/fr\/#\/schema\/logo\/image\/","url":"https:\/\/luciolelighting.com\/wp-content\/uploads\/2020\/11\/logo-header.png","contentUrl":"https:\/\/luciolelighting.com\/wp-content\/uploads\/2020\/11\/logo-header.png","width":180,"height":55,"caption":"Luciole Lighting"},"image":{"@id":"https:\/\/luciolelighting.com\/fr\/#\/schema\/logo\/image\/"}}]}},"_links":{"self":[{"href":"https:\/\/luciolelighting.com\/fr\/wp-json\/wp\/v2\/product\/1795","targetHints":{"allow":["GET"]}}],"collection":[{"href":"https:\/\/luciolelighting.com\/fr\/wp-json\/wp\/v2\/product"}],"about":[{"href":"https:\/\/luciolelighting.com\/fr\/wp-json\/wp\/v2\/types\/product"}],"replies":[{"embeddable":true,"href":"https:\/\/luciolelighting.com\/fr\/wp-json\/wp\/v2\/comments?post=1795"}],"wp:featuredmedia":[{"embeddable":true,"href":"https:\/\/luciolelighting.com\/fr\/wp-json\/wp\/v2\/media\/875"}],"wp:attachment":[{"href":"https:\/\/luciolelighting.com\/fr\/wp-json\/wp\/v2\/media?parent=1795"}],"wp:term":[{"taxonomy":"product_brand","embeddable":true,"href":"https:\/\/luciolelighting.com\/fr\/wp-json\/wp\/v2\/product_brand?post=1795"},{"taxonomy":"product_cat","embeddable":true,"href":"https:\/\/luciolelighting.com\/fr\/wp-json\/wp\/v2\/product_cat?post=1795"},{"taxonomy":"product_tag","embeddable":true,"href":"https:\/\/luciolelighting.com\/fr\/wp-json\/wp\/v2\/product_tag?post=1795"}],"curies":[{"name":"wp","href":"https:\/\/api.w.org\/{rel}","templated":true}]}}