{"id":1798,"date":"2020-11-03T16:24:57","date_gmt":"2020-11-03T16:24:57","guid":{"rendered":"https:\/\/luciolelighting.com\/products\/hemingway-small-pendant\/"},"modified":"2026-04-09T20:17:08","modified_gmt":"2026-04-09T20:17:08","slug":"hemingway-12","status":"publish","type":"product","link":"https:\/\/luciolelighting.com\/fr\/produits\/hemingway-12\/","title":{"rendered":"Hemingway 12"},"content":{"rendered":"<p><strong>Construction: <\/strong>Diffuseur m\u00e9tallique en aluminium usin\u00e9 et repouss\u00e9. Diffuseur d\u2019\u00e9clairage en acrylique blanc opalin usin\u00e9.<\/p>\n<p><strong>DEL: <\/strong>COB de qualit\u00e9 \u00e0 haute performance Bridgelux avec une valeur de chromaticit\u00e9 obtenue \u00e0 partir d\u2019une ellipse MacAdam \u00e0 3 d\u00e9viations (SDCM 3). IRC standard de 90 minimum et plusieurs options de temp\u00e9ratures de couleurs.<\/p>\n<p><strong>Driver: <\/strong>Driver de grade commercial offrant une gradation silencieuse et fluide. Offert avec les options de gradation \u00e0 2 fils Forward Phase ELV ou 0-10V. Gradation 1%. Standard 120V-277V.<\/p>\n<p><strong>Poids:<\/strong> 3.6 lbs (1.63 kg)<\/p>\n<p><strong>Homologations: <\/strong>cETLus pour le Canada et les \u00c9tats-Unis.<\/p>\n<p><strong>Garantie: <\/strong>Garantie limit\u00e9e de 5 ans.<\/p>\n","protected":false},"excerpt":{"rendered":"<p>Inspir\u00e9 du design moderne du milieu du si\u00e8cle, le mod\u00e8le Hemingway est construit avec un abat-jour en m\u00e9tal repouss\u00e9 au tour fabriqu\u00e9 \u00e0 la main et un diffuseur en acrylique opalescent \u00e0 \u00e9mission lat\u00e9rale offrant un \u00e9clairage direct-indirect interne. Il est offert en option d\u2019installation suspendu, en deux formats ainsi qu\u2019avec plusieurs possibilit\u00e9s de combinaisons de couleurs standards ou sur-mesure. Il est aussi offert avec int\u00e9rieur en li\u00e8ge.\u00a0Le mod\u00e8le Hemingway est \u00e9galement propos\u00e9 avec un grand d\u00e9flecteur \u00e0 lumi\u00e8re directe lorsque sp\u00e9cifi\u00e9 avec les options de flux lumineux plus \u00e9lev\u00e9s pour offrir un confort visuel optimal.<\/p>\n","protected":false},"featured_media":723,"comment_status":"open","ping_status":"closed","template":"","meta":{"_acf_changed":false},"product_brand":[],"product_cat":[166],"product_tag":[171],"class_list":{"0":"post-1798","1":"product","2":"type-product","3":"status-publish","4":"has-post-thumbnail","6":"product_cat-suspendu","7":"product_tag-hemingway-fr","9":"first","10":"instock","11":"shipping-taxable","12":"product-type-simple"},"acf":[],"yoast_head":"<!-- This site is optimized with the Yoast SEO plugin v26.9 - https:\/\/yoast.com\/product\/yoast-seo-wordpress\/ -->\n<title>Hemingway 12 - Luciole Lighting<\/title>\n<meta name=\"description\" content=\"Hemingway est construit avec un abat-jour en m\u00e9tal repouss\u00e9 au tour fabriqu\u00e9 \u00e0 la main et un diffuseur en acrylique opalescent \u00e0 \u00e9mission lat\u00e9rale offrant un \u00e9clairage direct-indirect interne. Il est offert en option d\u2019installation suspendu, en deux formats ainsi qu\u2019avec plusieurs possibilit\u00e9s de combinaisons de couleurs standards ou sur-mesure. Il est aussi offert avec int\u00e9rieur en li\u00e8ge.\u00a0Le mod\u00e8le Hemingway est \u00e9galement propos\u00e9 avec un grand d\u00e9flecteur \u00e0 lumi\u00e8re directe lorsque sp\u00e9cifi\u00e9 avec les options de flux lumineux plus \u00e9lev\u00e9s pour offrir un confort visuel optimal.\" \/>\n<meta name=\"robots\" content=\"index, follow, max-snippet:-1, max-image-preview:large, max-video-preview:-1\" \/>\n<link rel=\"canonical\" href=\"https:\/\/luciolelighting.com\/fr\/produits\/hemingway-12\/\" \/>\n<meta property=\"og:locale\" content=\"fr_CA\" \/>\n<meta property=\"og:type\" content=\"article\" \/>\n<meta property=\"og:title\" content=\"Hemingway 12 - Luciole Lighting\" \/>\n<meta property=\"og:description\" content=\"Hemingway est construit avec un abat-jour en m\u00e9tal repouss\u00e9 au tour fabriqu\u00e9 \u00e0 la main et un diffuseur en acrylique opalescent \u00e0 \u00e9mission lat\u00e9rale offrant un \u00e9clairage direct-indirect interne. Il est offert en option d\u2019installation suspendu, en deux formats ainsi qu\u2019avec plusieurs possibilit\u00e9s de combinaisons de couleurs standards ou sur-mesure. Il est aussi offert avec int\u00e9rieur en li\u00e8ge.\u00a0Le mod\u00e8le Hemingway est \u00e9galement propos\u00e9 avec un grand d\u00e9flecteur \u00e0 lumi\u00e8re directe lorsque sp\u00e9cifi\u00e9 avec les options de flux lumineux plus \u00e9lev\u00e9s pour offrir un confort visuel optimal.\" \/>\n<meta property=\"og:url\" content=\"https:\/\/luciolelighting.com\/fr\/produits\/hemingway-12\/\" \/>\n<meta property=\"og:site_name\" content=\"Luciole Lighting\" \/>\n<meta property=\"article:modified_time\" content=\"2026-04-09T20:17:08+00:00\" \/>\n<meta property=\"og:image\" content=\"https:\/\/luciolelighting.com\/wp-content\/uploads\/2020\/11\/hemingway-small-image-1.jpg\" \/>\n\t<meta property=\"og:image:width\" content=\"1000\" \/>\n\t<meta property=\"og:image:height\" content=\"1000\" \/>\n\t<meta property=\"og:image:type\" content=\"image\/jpeg\" \/>\n<meta name=\"twitter:card\" content=\"summary_large_image\" \/>\n<meta name=\"twitter:label1\" content=\"Estimation du temps de lecture\" \/>\n\t<meta name=\"twitter:data1\" content=\"1 minute\" \/>\n<script type=\"application\/ld+json\" class=\"yoast-schema-graph\">{\"@context\":\"https:\/\/schema.org\",\"@graph\":[{\"@type\":\"WebPage\",\"@id\":\"https:\/\/luciolelighting.com\/fr\/produits\/hemingway-12\/\",\"url\":\"https:\/\/luciolelighting.com\/fr\/produits\/hemingway-12\/\",\"name\":\"Hemingway 12 - Luciole Lighting\",\"isPartOf\":{\"@id\":\"https:\/\/luciolelighting.com\/fr\/#website\"},\"primaryImageOfPage\":{\"@id\":\"https:\/\/luciolelighting.com\/fr\/produits\/hemingway-12\/#primaryimage\"},\"image\":{\"@id\":\"https:\/\/luciolelighting.com\/fr\/produits\/hemingway-12\/#primaryimage\"},\"thumbnailUrl\":\"https:\/\/luciolelighting.com\/wp-content\/uploads\/2020\/11\/hemingway-small-image-1.jpg\",\"datePublished\":\"2020-11-03T16:24:57+00:00\",\"dateModified\":\"2026-04-09T20:17:08+00:00\",\"description\":\"Hemingway est construit avec un abat-jour en m\u00e9tal repouss\u00e9 au tour fabriqu\u00e9 \u00e0 la main et un diffuseur en acrylique opalescent \u00e0 \u00e9mission lat\u00e9rale offrant un \u00e9clairage direct-indirect interne. Il est offert en option d\u2019installation suspendu, en deux formats ainsi qu\u2019avec plusieurs possibilit\u00e9s de combinaisons de couleurs standards ou sur-mesure. Il est aussi offert avec int\u00e9rieur en li\u00e8ge.\u00a0Le mod\u00e8le Hemingway est \u00e9galement propos\u00e9 avec un grand d\u00e9flecteur \u00e0 lumi\u00e8re directe lorsque sp\u00e9cifi\u00e9 avec les options de flux lumineux plus \u00e9lev\u00e9s pour offrir un confort visuel optimal.\",\"breadcrumb\":{\"@id\":\"https:\/\/luciolelighting.com\/fr\/produits\/hemingway-12\/#breadcrumb\"},\"inLanguage\":\"fr-CA\",\"potentialAction\":[{\"@type\":\"ReadAction\",\"target\":[\"https:\/\/luciolelighting.com\/fr\/produits\/hemingway-12\/\"]}]},{\"@type\":\"ImageObject\",\"inLanguage\":\"fr-CA\",\"@id\":\"https:\/\/luciolelighting.com\/fr\/produits\/hemingway-12\/#primaryimage\",\"url\":\"https:\/\/luciolelighting.com\/wp-content\/uploads\/2020\/11\/hemingway-small-image-1.jpg\",\"contentUrl\":\"https:\/\/luciolelighting.com\/wp-content\/uploads\/2020\/11\/hemingway-small-image-1.jpg\",\"width\":1000,\"height\":1000},{\"@type\":\"BreadcrumbList\",\"@id\":\"https:\/\/luciolelighting.com\/fr\/produits\/hemingway-12\/#breadcrumb\",\"itemListElement\":[{\"@type\":\"ListItem\",\"position\":1,\"name\":\"Products\",\"item\":\"https:\/\/luciolelighting.com\/products\/\"},{\"@type\":\"ListItem\",\"position\":2,\"name\":\"HEMINGWAY\",\"item\":\"https:\/\/luciolelighting.com\/fr\/collection\/hemingway-fr\/\"},{\"@type\":\"ListItem\",\"position\":3,\"name\":\"Hemingway 12\"}]},{\"@type\":\"WebSite\",\"@id\":\"https:\/\/luciolelighting.com\/fr\/#website\",\"url\":\"https:\/\/luciolelighting.com\/fr\/\",\"name\":\"Luciole Lighting\",\"description\":\"\",\"publisher\":{\"@id\":\"https:\/\/luciolelighting.com\/fr\/#organization\"},\"potentialAction\":[{\"@type\":\"SearchAction\",\"target\":{\"@type\":\"EntryPoint\",\"urlTemplate\":\"https:\/\/luciolelighting.com\/fr\/?s={search_term_string}\"},\"query-input\":{\"@type\":\"PropertyValueSpecification\",\"valueRequired\":true,\"valueName\":\"search_term_string\"}}],\"inLanguage\":\"fr-CA\"},{\"@type\":\"Organization\",\"@id\":\"https:\/\/luciolelighting.com\/fr\/#organization\",\"name\":\"Luciole Lighting\",\"url\":\"https:\/\/luciolelighting.com\/fr\/\",\"logo\":{\"@type\":\"ImageObject\",\"inLanguage\":\"fr-CA\",\"@id\":\"https:\/\/luciolelighting.com\/fr\/#\/schema\/logo\/image\/\",\"url\":\"https:\/\/luciolelighting.com\/wp-content\/uploads\/2020\/11\/logo-header.png\",\"contentUrl\":\"https:\/\/luciolelighting.com\/wp-content\/uploads\/2020\/11\/logo-header.png\",\"width\":180,\"height\":55,\"caption\":\"Luciole Lighting\"},\"image\":{\"@id\":\"https:\/\/luciolelighting.com\/fr\/#\/schema\/logo\/image\/\"}}]}<\/script>\n<!-- \/ Yoast SEO plugin. -->","yoast_head_json":{"title":"Hemingway 12 - Luciole Lighting","description":"Hemingway est construit avec un abat-jour en m\u00e9tal repouss\u00e9 au tour fabriqu\u00e9 \u00e0 la main et un diffuseur en acrylique opalescent \u00e0 \u00e9mission lat\u00e9rale offrant un \u00e9clairage direct-indirect interne. Il est offert en option d\u2019installation suspendu, en deux formats ainsi qu\u2019avec plusieurs possibilit\u00e9s de combinaisons de couleurs standards ou sur-mesure. Il est aussi offert avec int\u00e9rieur en li\u00e8ge.\u00a0Le mod\u00e8le Hemingway est \u00e9galement propos\u00e9 avec un grand d\u00e9flecteur \u00e0 lumi\u00e8re directe lorsque sp\u00e9cifi\u00e9 avec les options de flux lumineux plus \u00e9lev\u00e9s pour offrir un confort visuel optimal.","robots":{"index":"index","follow":"follow","max-snippet":"max-snippet:-1","max-image-preview":"max-image-preview:large","max-video-preview":"max-video-preview:-1"},"canonical":"https:\/\/luciolelighting.com\/fr\/produits\/hemingway-12\/","og_locale":"fr_CA","og_type":"article","og_title":"Hemingway 12 - Luciole Lighting","og_description":"Hemingway est construit avec un abat-jour en m\u00e9tal repouss\u00e9 au tour fabriqu\u00e9 \u00e0 la main et un diffuseur en acrylique opalescent \u00e0 \u00e9mission lat\u00e9rale offrant un \u00e9clairage direct-indirect interne. Il est offert en option d\u2019installation suspendu, en deux formats ainsi qu\u2019avec plusieurs possibilit\u00e9s de combinaisons de couleurs standards ou sur-mesure. Il est aussi offert avec int\u00e9rieur en li\u00e8ge.\u00a0Le mod\u00e8le Hemingway est \u00e9galement propos\u00e9 avec un grand d\u00e9flecteur \u00e0 lumi\u00e8re directe lorsque sp\u00e9cifi\u00e9 avec les options de flux lumineux plus \u00e9lev\u00e9s pour offrir un confort visuel optimal.","og_url":"https:\/\/luciolelighting.com\/fr\/produits\/hemingway-12\/","og_site_name":"Luciole Lighting","article_modified_time":"2026-04-09T20:17:08+00:00","og_image":[{"width":1000,"height":1000,"url":"https:\/\/luciolelighting.com\/wp-content\/uploads\/2020\/11\/hemingway-small-image-1.jpg","type":"image\/jpeg"}],"twitter_card":"summary_large_image","twitter_misc":{"Estimation du temps de lecture":"1 minute"},"schema":{"@context":"https:\/\/schema.org","@graph":[{"@type":"WebPage","@id":"https:\/\/luciolelighting.com\/fr\/produits\/hemingway-12\/","url":"https:\/\/luciolelighting.com\/fr\/produits\/hemingway-12\/","name":"Hemingway 12 - Luciole Lighting","isPartOf":{"@id":"https:\/\/luciolelighting.com\/fr\/#website"},"primaryImageOfPage":{"@id":"https:\/\/luciolelighting.com\/fr\/produits\/hemingway-12\/#primaryimage"},"image":{"@id":"https:\/\/luciolelighting.com\/fr\/produits\/hemingway-12\/#primaryimage"},"thumbnailUrl":"https:\/\/luciolelighting.com\/wp-content\/uploads\/2020\/11\/hemingway-small-image-1.jpg","datePublished":"2020-11-03T16:24:57+00:00","dateModified":"2026-04-09T20:17:08+00:00","description":"Hemingway est construit avec un abat-jour en m\u00e9tal repouss\u00e9 au tour fabriqu\u00e9 \u00e0 la main et un diffuseur en acrylique opalescent \u00e0 \u00e9mission lat\u00e9rale offrant un \u00e9clairage direct-indirect interne. Il est offert en option d\u2019installation suspendu, en deux formats ainsi qu\u2019avec plusieurs possibilit\u00e9s de combinaisons de couleurs standards ou sur-mesure. Il est aussi offert avec int\u00e9rieur en li\u00e8ge.\u00a0Le mod\u00e8le Hemingway est \u00e9galement propos\u00e9 avec un grand d\u00e9flecteur \u00e0 lumi\u00e8re directe lorsque sp\u00e9cifi\u00e9 avec les options de flux lumineux plus \u00e9lev\u00e9s pour offrir un confort visuel optimal.","breadcrumb":{"@id":"https:\/\/luciolelighting.com\/fr\/produits\/hemingway-12\/#breadcrumb"},"inLanguage":"fr-CA","potentialAction":[{"@type":"ReadAction","target":["https:\/\/luciolelighting.com\/fr\/produits\/hemingway-12\/"]}]},{"@type":"ImageObject","inLanguage":"fr-CA","@id":"https:\/\/luciolelighting.com\/fr\/produits\/hemingway-12\/#primaryimage","url":"https:\/\/luciolelighting.com\/wp-content\/uploads\/2020\/11\/hemingway-small-image-1.jpg","contentUrl":"https:\/\/luciolelighting.com\/wp-content\/uploads\/2020\/11\/hemingway-small-image-1.jpg","width":1000,"height":1000},{"@type":"BreadcrumbList","@id":"https:\/\/luciolelighting.com\/fr\/produits\/hemingway-12\/#breadcrumb","itemListElement":[{"@type":"ListItem","position":1,"name":"Products","item":"https:\/\/luciolelighting.com\/products\/"},{"@type":"ListItem","position":2,"name":"HEMINGWAY","item":"https:\/\/luciolelighting.com\/fr\/collection\/hemingway-fr\/"},{"@type":"ListItem","position":3,"name":"Hemingway 12"}]},{"@type":"WebSite","@id":"https:\/\/luciolelighting.com\/fr\/#website","url":"https:\/\/luciolelighting.com\/fr\/","name":"Luciole Lighting","description":"","publisher":{"@id":"https:\/\/luciolelighting.com\/fr\/#organization"},"potentialAction":[{"@type":"SearchAction","target":{"@type":"EntryPoint","urlTemplate":"https:\/\/luciolelighting.com\/fr\/?s={search_term_string}"},"query-input":{"@type":"PropertyValueSpecification","valueRequired":true,"valueName":"search_term_string"}}],"inLanguage":"fr-CA"},{"@type":"Organization","@id":"https:\/\/luciolelighting.com\/fr\/#organization","name":"Luciole Lighting","url":"https:\/\/luciolelighting.com\/fr\/","logo":{"@type":"ImageObject","inLanguage":"fr-CA","@id":"https:\/\/luciolelighting.com\/fr\/#\/schema\/logo\/image\/","url":"https:\/\/luciolelighting.com\/wp-content\/uploads\/2020\/11\/logo-header.png","contentUrl":"https:\/\/luciolelighting.com\/wp-content\/uploads\/2020\/11\/logo-header.png","width":180,"height":55,"caption":"Luciole Lighting"},"image":{"@id":"https:\/\/luciolelighting.com\/fr\/#\/schema\/logo\/image\/"}}]}},"_links":{"self":[{"href":"https:\/\/luciolelighting.com\/fr\/wp-json\/wp\/v2\/product\/1798","targetHints":{"allow":["GET"]}}],"collection":[{"href":"https:\/\/luciolelighting.com\/fr\/wp-json\/wp\/v2\/product"}],"about":[{"href":"https:\/\/luciolelighting.com\/fr\/wp-json\/wp\/v2\/types\/product"}],"replies":[{"embeddable":true,"href":"https:\/\/luciolelighting.com\/fr\/wp-json\/wp\/v2\/comments?post=1798"}],"wp:featuredmedia":[{"embeddable":true,"href":"https:\/\/luciolelighting.com\/fr\/wp-json\/wp\/v2\/media\/723"}],"wp:attachment":[{"href":"https:\/\/luciolelighting.com\/fr\/wp-json\/wp\/v2\/media?parent=1798"}],"wp:term":[{"taxonomy":"product_brand","embeddable":true,"href":"https:\/\/luciolelighting.com\/fr\/wp-json\/wp\/v2\/product_brand?post=1798"},{"taxonomy":"product_cat","embeddable":true,"href":"https:\/\/luciolelighting.com\/fr\/wp-json\/wp\/v2\/product_cat?post=1798"},{"taxonomy":"product_tag","embeddable":true,"href":"https:\/\/luciolelighting.com\/fr\/wp-json\/wp\/v2\/product_tag?post=1798"}],"curies":[{"name":"wp","href":"https:\/\/api.w.org\/{rel}","templated":true}]}}