{"id":1808,"date":"2020-11-11T23:17:39","date_gmt":"2020-11-11T23:17:39","guid":{"rendered":"https:\/\/luciolelighting.com\/products\/scale-large-pendant\/"},"modified":"2026-04-09T21:27:20","modified_gmt":"2026-04-09T21:27:20","slug":"scale-large-pendant","status":"publish","type":"product","link":"https:\/\/luciolelighting.com\/fr\/produits\/scale-large-pendant\/","title":{"rendered":"Scale Large"},"content":{"rendered":"<p><strong>Construction: <\/strong>Aluminium extrud\u00e9 et usin\u00e9.<\/p>\n<p><strong>DEL:<\/strong>COB de qualit\u00e9 \u00e0 haute performance Bridgelux avec une valeur de chromaticit\u00e9 obtenue \u00e0 partir d\u2019une ellipse MacAdam \u00e0 3 d\u00e9viations (SDCM 3). IRC standard de 90 minimum et plusieurs options de temp\u00e9ratures de couleurs.<\/p>\n<p><strong>Driver: <\/strong>Driver de grade commercial offrant une gradation silencieuse et fluide. Offert avec les options de gradation \u00e0 2 fils Forward Phase ELV ou 0-10V. Gradation 1%. Standard 120V-277V.<\/p>\n<p><strong>Poids:<\/strong>\u00a05.8 lb (2.63 kg)<\/p>\n<p><strong>Homologations: <\/strong>cETLus pour le Canada et les \u00c9tats-Unis.<\/p>\n<p><strong>Garantie: <\/strong>Garantie limit\u00e9e de 5 ans.<\/p>\n","protected":false},"excerpt":{"rendered":"<p>Le mod\u00e8le Scale est un projecteur de forme cylindrique offert en option d\u2019installation plafonnier et suspendu. Il est disponible en deux diam\u00e8tres de 3po et 5po et deux options de hauteurs. La source lumineuse DEL est en retrait dans le cylindre offrant ainsi un confort visuel optimal La lentille optique permet d\u2019obtenir un faisceau lumineux homog\u00e8ne au contour d\u00e9grad\u00e9 et sans effet tranchant.<\/p>\n","protected":false},"featured_media":837,"comment_status":"open","ping_status":"closed","template":"","meta":{"_acf_changed":false},"product_brand":[],"product_cat":[166],"product_tag":[173],"class_list":{"0":"post-1808","1":"product","2":"type-product","3":"status-publish","4":"has-post-thumbnail","6":"product_cat-suspendu","7":"product_tag-scale-fr","9":"first","10":"instock","11":"shipping-taxable","12":"product-type-simple"},"acf":[],"yoast_head":"<!-- This site is optimized with the Yoast SEO plugin v26.9 - https:\/\/yoast.com\/product\/yoast-seo-wordpress\/ -->\n<title>Scale Large - Luciole Lighting<\/title>\n<meta name=\"description\" content=\"Scale est un projecteur de forme cylindrique offert en option d\u2019installation plafonnier et suspendu. Il est disponible en deux diam\u00e8tres de 3po et 5po et deux options de hauteurs. La source lumineuse DEL est en retrait dans le cylindre offrant ainsi un confort visuel optimal La lentille optique permet d\u2019obtenir un faisceau lumineux homog\u00e8ne au contour d\u00e9grad\u00e9 et sans effet tranchant.\" \/>\n<meta name=\"robots\" content=\"index, follow, max-snippet:-1, max-image-preview:large, max-video-preview:-1\" \/>\n<link rel=\"canonical\" href=\"https:\/\/luciolelighting.com\/fr\/produits\/scale-large-pendant\/\" \/>\n<meta property=\"og:locale\" content=\"fr_CA\" \/>\n<meta property=\"og:type\" content=\"article\" \/>\n<meta property=\"og:title\" content=\"Scale Large - Luciole Lighting\" \/>\n<meta property=\"og:description\" content=\"Scale est un projecteur de forme cylindrique offert en option d\u2019installation plafonnier et suspendu. Il est disponible en deux diam\u00e8tres de 3po et 5po et deux options de hauteurs. La source lumineuse DEL est en retrait dans le cylindre offrant ainsi un confort visuel optimal La lentille optique permet d\u2019obtenir un faisceau lumineux homog\u00e8ne au contour d\u00e9grad\u00e9 et sans effet tranchant.\" \/>\n<meta property=\"og:url\" content=\"https:\/\/luciolelighting.com\/fr\/produits\/scale-large-pendant\/\" \/>\n<meta property=\"og:site_name\" content=\"Luciole Lighting\" \/>\n<meta property=\"article:modified_time\" content=\"2026-04-09T21:27:20+00:00\" \/>\n<meta property=\"og:image\" content=\"https:\/\/luciolelighting.com\/wp-content\/uploads\/2020\/11\/scale-large-p-image-1.jpg\" \/>\n\t<meta property=\"og:image:width\" content=\"1000\" \/>\n\t<meta property=\"og:image:height\" content=\"1000\" \/>\n\t<meta property=\"og:image:type\" content=\"image\/jpeg\" \/>\n<meta name=\"twitter:card\" content=\"summary_large_image\" \/>\n<meta name=\"twitter:label1\" content=\"Estimation du temps de lecture\" \/>\n\t<meta name=\"twitter:data1\" content=\"1 minute\" \/>\n<script type=\"application\/ld+json\" class=\"yoast-schema-graph\">{\"@context\":\"https:\/\/schema.org\",\"@graph\":[{\"@type\":\"WebPage\",\"@id\":\"https:\/\/luciolelighting.com\/fr\/produits\/scale-large-pendant\/\",\"url\":\"https:\/\/luciolelighting.com\/fr\/produits\/scale-large-pendant\/\",\"name\":\"Scale Large - Luciole Lighting\",\"isPartOf\":{\"@id\":\"https:\/\/luciolelighting.com\/fr\/#website\"},\"primaryImageOfPage\":{\"@id\":\"https:\/\/luciolelighting.com\/fr\/produits\/scale-large-pendant\/#primaryimage\"},\"image\":{\"@id\":\"https:\/\/luciolelighting.com\/fr\/produits\/scale-large-pendant\/#primaryimage\"},\"thumbnailUrl\":\"https:\/\/luciolelighting.com\/wp-content\/uploads\/2020\/11\/scale-large-p-image-1.jpg\",\"datePublished\":\"2020-11-11T23:17:39+00:00\",\"dateModified\":\"2026-04-09T21:27:20+00:00\",\"description\":\"Scale est un projecteur de forme cylindrique offert en option d\u2019installation plafonnier et suspendu. Il est disponible en deux diam\u00e8tres de 3po et 5po et deux options de hauteurs. La source lumineuse DEL est en retrait dans le cylindre offrant ainsi un confort visuel optimal La lentille optique permet d\u2019obtenir un faisceau lumineux homog\u00e8ne au contour d\u00e9grad\u00e9 et sans effet tranchant.\",\"breadcrumb\":{\"@id\":\"https:\/\/luciolelighting.com\/fr\/produits\/scale-large-pendant\/#breadcrumb\"},\"inLanguage\":\"fr-CA\",\"potentialAction\":[{\"@type\":\"ReadAction\",\"target\":[\"https:\/\/luciolelighting.com\/fr\/produits\/scale-large-pendant\/\"]}]},{\"@type\":\"ImageObject\",\"inLanguage\":\"fr-CA\",\"@id\":\"https:\/\/luciolelighting.com\/fr\/produits\/scale-large-pendant\/#primaryimage\",\"url\":\"https:\/\/luciolelighting.com\/wp-content\/uploads\/2020\/11\/scale-large-p-image-1.jpg\",\"contentUrl\":\"https:\/\/luciolelighting.com\/wp-content\/uploads\/2020\/11\/scale-large-p-image-1.jpg\",\"width\":1000,\"height\":1000},{\"@type\":\"BreadcrumbList\",\"@id\":\"https:\/\/luciolelighting.com\/fr\/produits\/scale-large-pendant\/#breadcrumb\",\"itemListElement\":[{\"@type\":\"ListItem\",\"position\":1,\"name\":\"Products\",\"item\":\"https:\/\/luciolelighting.com\/products\/\"},{\"@type\":\"ListItem\",\"position\":2,\"name\":\"SCALE\",\"item\":\"https:\/\/luciolelighting.com\/fr\/collection\/scale-fr\/\"},{\"@type\":\"ListItem\",\"position\":3,\"name\":\"Scale Large\"}]},{\"@type\":\"WebSite\",\"@id\":\"https:\/\/luciolelighting.com\/fr\/#website\",\"url\":\"https:\/\/luciolelighting.com\/fr\/\",\"name\":\"Luciole Lighting\",\"description\":\"\",\"publisher\":{\"@id\":\"https:\/\/luciolelighting.com\/fr\/#organization\"},\"potentialAction\":[{\"@type\":\"SearchAction\",\"target\":{\"@type\":\"EntryPoint\",\"urlTemplate\":\"https:\/\/luciolelighting.com\/fr\/?s={search_term_string}\"},\"query-input\":{\"@type\":\"PropertyValueSpecification\",\"valueRequired\":true,\"valueName\":\"search_term_string\"}}],\"inLanguage\":\"fr-CA\"},{\"@type\":\"Organization\",\"@id\":\"https:\/\/luciolelighting.com\/fr\/#organization\",\"name\":\"Luciole Lighting\",\"url\":\"https:\/\/luciolelighting.com\/fr\/\",\"logo\":{\"@type\":\"ImageObject\",\"inLanguage\":\"fr-CA\",\"@id\":\"https:\/\/luciolelighting.com\/fr\/#\/schema\/logo\/image\/\",\"url\":\"https:\/\/luciolelighting.com\/wp-content\/uploads\/2020\/11\/logo-header.png\",\"contentUrl\":\"https:\/\/luciolelighting.com\/wp-content\/uploads\/2020\/11\/logo-header.png\",\"width\":180,\"height\":55,\"caption\":\"Luciole Lighting\"},\"image\":{\"@id\":\"https:\/\/luciolelighting.com\/fr\/#\/schema\/logo\/image\/\"}}]}<\/script>\n<!-- \/ Yoast SEO plugin. -->","yoast_head_json":{"title":"Scale Large - Luciole Lighting","description":"Scale est un projecteur de forme cylindrique offert en option d\u2019installation plafonnier et suspendu. Il est disponible en deux diam\u00e8tres de 3po et 5po et deux options de hauteurs. La source lumineuse DEL est en retrait dans le cylindre offrant ainsi un confort visuel optimal La lentille optique permet d\u2019obtenir un faisceau lumineux homog\u00e8ne au contour d\u00e9grad\u00e9 et sans effet tranchant.","robots":{"index":"index","follow":"follow","max-snippet":"max-snippet:-1","max-image-preview":"max-image-preview:large","max-video-preview":"max-video-preview:-1"},"canonical":"https:\/\/luciolelighting.com\/fr\/produits\/scale-large-pendant\/","og_locale":"fr_CA","og_type":"article","og_title":"Scale Large - Luciole Lighting","og_description":"Scale est un projecteur de forme cylindrique offert en option d\u2019installation plafonnier et suspendu. Il est disponible en deux diam\u00e8tres de 3po et 5po et deux options de hauteurs. La source lumineuse DEL est en retrait dans le cylindre offrant ainsi un confort visuel optimal La lentille optique permet d\u2019obtenir un faisceau lumineux homog\u00e8ne au contour d\u00e9grad\u00e9 et sans effet tranchant.","og_url":"https:\/\/luciolelighting.com\/fr\/produits\/scale-large-pendant\/","og_site_name":"Luciole Lighting","article_modified_time":"2026-04-09T21:27:20+00:00","og_image":[{"width":1000,"height":1000,"url":"https:\/\/luciolelighting.com\/wp-content\/uploads\/2020\/11\/scale-large-p-image-1.jpg","type":"image\/jpeg"}],"twitter_card":"summary_large_image","twitter_misc":{"Estimation du temps de lecture":"1 minute"},"schema":{"@context":"https:\/\/schema.org","@graph":[{"@type":"WebPage","@id":"https:\/\/luciolelighting.com\/fr\/produits\/scale-large-pendant\/","url":"https:\/\/luciolelighting.com\/fr\/produits\/scale-large-pendant\/","name":"Scale Large - Luciole Lighting","isPartOf":{"@id":"https:\/\/luciolelighting.com\/fr\/#website"},"primaryImageOfPage":{"@id":"https:\/\/luciolelighting.com\/fr\/produits\/scale-large-pendant\/#primaryimage"},"image":{"@id":"https:\/\/luciolelighting.com\/fr\/produits\/scale-large-pendant\/#primaryimage"},"thumbnailUrl":"https:\/\/luciolelighting.com\/wp-content\/uploads\/2020\/11\/scale-large-p-image-1.jpg","datePublished":"2020-11-11T23:17:39+00:00","dateModified":"2026-04-09T21:27:20+00:00","description":"Scale est un projecteur de forme cylindrique offert en option d\u2019installation plafonnier et suspendu. Il est disponible en deux diam\u00e8tres de 3po et 5po et deux options de hauteurs. La source lumineuse DEL est en retrait dans le cylindre offrant ainsi un confort visuel optimal La lentille optique permet d\u2019obtenir un faisceau lumineux homog\u00e8ne au contour d\u00e9grad\u00e9 et sans effet tranchant.","breadcrumb":{"@id":"https:\/\/luciolelighting.com\/fr\/produits\/scale-large-pendant\/#breadcrumb"},"inLanguage":"fr-CA","potentialAction":[{"@type":"ReadAction","target":["https:\/\/luciolelighting.com\/fr\/produits\/scale-large-pendant\/"]}]},{"@type":"ImageObject","inLanguage":"fr-CA","@id":"https:\/\/luciolelighting.com\/fr\/produits\/scale-large-pendant\/#primaryimage","url":"https:\/\/luciolelighting.com\/wp-content\/uploads\/2020\/11\/scale-large-p-image-1.jpg","contentUrl":"https:\/\/luciolelighting.com\/wp-content\/uploads\/2020\/11\/scale-large-p-image-1.jpg","width":1000,"height":1000},{"@type":"BreadcrumbList","@id":"https:\/\/luciolelighting.com\/fr\/produits\/scale-large-pendant\/#breadcrumb","itemListElement":[{"@type":"ListItem","position":1,"name":"Products","item":"https:\/\/luciolelighting.com\/products\/"},{"@type":"ListItem","position":2,"name":"SCALE","item":"https:\/\/luciolelighting.com\/fr\/collection\/scale-fr\/"},{"@type":"ListItem","position":3,"name":"Scale Large"}]},{"@type":"WebSite","@id":"https:\/\/luciolelighting.com\/fr\/#website","url":"https:\/\/luciolelighting.com\/fr\/","name":"Luciole Lighting","description":"","publisher":{"@id":"https:\/\/luciolelighting.com\/fr\/#organization"},"potentialAction":[{"@type":"SearchAction","target":{"@type":"EntryPoint","urlTemplate":"https:\/\/luciolelighting.com\/fr\/?s={search_term_string}"},"query-input":{"@type":"PropertyValueSpecification","valueRequired":true,"valueName":"search_term_string"}}],"inLanguage":"fr-CA"},{"@type":"Organization","@id":"https:\/\/luciolelighting.com\/fr\/#organization","name":"Luciole Lighting","url":"https:\/\/luciolelighting.com\/fr\/","logo":{"@type":"ImageObject","inLanguage":"fr-CA","@id":"https:\/\/luciolelighting.com\/fr\/#\/schema\/logo\/image\/","url":"https:\/\/luciolelighting.com\/wp-content\/uploads\/2020\/11\/logo-header.png","contentUrl":"https:\/\/luciolelighting.com\/wp-content\/uploads\/2020\/11\/logo-header.png","width":180,"height":55,"caption":"Luciole Lighting"},"image":{"@id":"https:\/\/luciolelighting.com\/fr\/#\/schema\/logo\/image\/"}}]}},"_links":{"self":[{"href":"https:\/\/luciolelighting.com\/fr\/wp-json\/wp\/v2\/product\/1808","targetHints":{"allow":["GET"]}}],"collection":[{"href":"https:\/\/luciolelighting.com\/fr\/wp-json\/wp\/v2\/product"}],"about":[{"href":"https:\/\/luciolelighting.com\/fr\/wp-json\/wp\/v2\/types\/product"}],"replies":[{"embeddable":true,"href":"https:\/\/luciolelighting.com\/fr\/wp-json\/wp\/v2\/comments?post=1808"}],"wp:featuredmedia":[{"embeddable":true,"href":"https:\/\/luciolelighting.com\/fr\/wp-json\/wp\/v2\/media\/837"}],"wp:attachment":[{"href":"https:\/\/luciolelighting.com\/fr\/wp-json\/wp\/v2\/media?parent=1808"}],"wp:term":[{"taxonomy":"product_brand","embeddable":true,"href":"https:\/\/luciolelighting.com\/fr\/wp-json\/wp\/v2\/product_brand?post=1808"},{"taxonomy":"product_cat","embeddable":true,"href":"https:\/\/luciolelighting.com\/fr\/wp-json\/wp\/v2\/product_cat?post=1808"},{"taxonomy":"product_tag","embeddable":true,"href":"https:\/\/luciolelighting.com\/fr\/wp-json\/wp\/v2\/product_tag?post=1808"}],"curies":[{"name":"wp","href":"https:\/\/api.w.org\/{rel}","templated":true}]}}