{"id":2218,"date":"2022-01-10T20:35:41","date_gmt":"2022-01-10T20:35:41","guid":{"rendered":"https:\/\/luciolelighting.com\/products\/bistro-mtl-large\/"},"modified":"2025-10-27T18:45:15","modified_gmt":"2025-10-27T18:45:15","slug":"bistro-mtl-5","status":"publish","type":"product","link":"https:\/\/luciolelighting.com\/fr\/produits\/bistro-mtl-5\/","title":{"rendered":"Bistro MTL 5"},"content":{"rendered":"<p><strong>Construction: <\/strong>Diffuseur en verre souffl\u00e9 bouche opalescent et structure en aluminium. Plaque de montage d\u00e9corative magn\u00e9tique sans vis<\/p>\n<p><strong>Lampe DEL recommand\u00e9e: <\/strong>Lampe G9 DEL givr\u00e9e \u00e0 base bipin. La lampe n&rsquo;est pas incluse avec le luminaire<\/p>\n<p><strong>Homologation: <\/strong>cULus pour le Canada et les \u00c9tats-Unis<\/p>\n<p><strong>Tension d&rsquo;entr\u00e9e: <\/strong>120V<\/p>\n<p><strong>Poids: <\/strong>4 lbs (1.81 KG)<\/p>\n<p><strong>Garantie: <\/strong>Garantie limit\u00e9e de 5 ans.<\/p>\n","protected":false},"excerpt":{"rendered":"<p>Inspir\u00e9e des cr\u00e9ations r\u00e9tros aux formes simples, la collection Bistro MTL a \u00e9t\u00e9 cr\u00e9\u00e9e afin de faire renaitre le design de cette \u00e9poque tout en offrant des composantes de grande qualit\u00e9 et une flexibilit\u00e9 tangible. Offert en deux formats, le globe en verre souffl\u00e9 opalescent offre un \u00e9clairage doux et confortable. Plusieurs choix de couleurs standards ou sur-mesure vous permettent de meubler vos espaces selon vos besoins.<\/p>\n","protected":false},"featured_media":2277,"comment_status":"open","ping_status":"closed","template":"","meta":{"_acf_changed":false},"product_brand":[],"product_cat":[165,194],"product_tag":[195],"class_list":{"0":"post-2218","1":"product","2":"type-product","3":"status-publish","4":"has-post-thumbnail","6":"product_cat-plafond","7":"product_cat-mur","8":"product_tag-bistro-mtl-fr","10":"first","11":"instock","12":"shipping-taxable","13":"product-type-simple"},"acf":[],"yoast_head":"<!-- This site is optimized with the Yoast SEO plugin v26.9 - https:\/\/yoast.com\/product\/yoast-seo-wordpress\/ -->\n<title>Bistro MTL 5 - Luciole Lighting<\/title>\n<meta name=\"description\" content=\"Inspir\u00e9e des cr\u00e9ations r\u00e9tros aux formes simples, la collection Bistro MTL a \u00e9t\u00e9 cr\u00e9\u00e9e afin de faire renaitre le design de cette \u00e9poque tout en offrant des composantes de grande qualit\u00e9 et une flexibilit\u00e9 tangible. Offert en deux formats, le globe en verre souffl\u00e9 opalescent offre un \u00e9clairage doux et confortable. Plusieurs choix de couleurs standards ou sur-mesure vous permettent de meubler vos espaces selon vos besoins.\" \/>\n<meta name=\"robots\" content=\"index, follow, max-snippet:-1, max-image-preview:large, max-video-preview:-1\" \/>\n<link rel=\"canonical\" href=\"https:\/\/luciolelighting.com\/fr\/produits\/bistro-mtl-5\/\" \/>\n<meta property=\"og:locale\" content=\"fr_CA\" \/>\n<meta property=\"og:type\" content=\"article\" \/>\n<meta property=\"og:title\" content=\"Bistro MTL 5 - Luciole Lighting\" \/>\n<meta property=\"og:description\" content=\"Inspir\u00e9e des cr\u00e9ations r\u00e9tros aux formes simples, la collection Bistro MTL a \u00e9t\u00e9 cr\u00e9\u00e9e afin de faire renaitre le design de cette \u00e9poque tout en offrant des composantes de grande qualit\u00e9 et une flexibilit\u00e9 tangible. Offert en deux formats, le globe en verre souffl\u00e9 opalescent offre un \u00e9clairage doux et confortable. Plusieurs choix de couleurs standards ou sur-mesure vous permettent de meubler vos espaces selon vos besoins.\" \/>\n<meta property=\"og:url\" content=\"https:\/\/luciolelighting.com\/fr\/produits\/bistro-mtl-5\/\" \/>\n<meta property=\"og:site_name\" content=\"Luciole Lighting\" \/>\n<meta property=\"article:modified_time\" content=\"2025-10-27T18:45:15+00:00\" \/>\n<meta property=\"og:image\" content=\"https:\/\/luciolelighting.com\/wp-content\/uploads\/2022\/01\/LUCIOLE_CW_BISTRO-MTL_LARGE_BK_INIT_LR.jpg\" \/>\n\t<meta property=\"og:image:width\" content=\"2500\" \/>\n\t<meta property=\"og:image:height\" content=\"2500\" \/>\n\t<meta property=\"og:image:type\" content=\"image\/jpeg\" \/>\n<meta name=\"twitter:card\" content=\"summary_large_image\" \/>\n<meta name=\"twitter:label1\" content=\"Estimation du temps de lecture\" \/>\n\t<meta name=\"twitter:data1\" content=\"1 minute\" \/>\n<script type=\"application\/ld+json\" class=\"yoast-schema-graph\">{\"@context\":\"https:\/\/schema.org\",\"@graph\":[{\"@type\":\"WebPage\",\"@id\":\"https:\/\/luciolelighting.com\/fr\/produits\/bistro-mtl-5\/\",\"url\":\"https:\/\/luciolelighting.com\/fr\/produits\/bistro-mtl-5\/\",\"name\":\"Bistro MTL 5 - Luciole Lighting\",\"isPartOf\":{\"@id\":\"https:\/\/luciolelighting.com\/fr\/#website\"},\"primaryImageOfPage\":{\"@id\":\"https:\/\/luciolelighting.com\/fr\/produits\/bistro-mtl-5\/#primaryimage\"},\"image\":{\"@id\":\"https:\/\/luciolelighting.com\/fr\/produits\/bistro-mtl-5\/#primaryimage\"},\"thumbnailUrl\":\"https:\/\/luciolelighting.com\/wp-content\/uploads\/2022\/01\/LUCIOLE_CW_BISTRO-MTL_LARGE_BK_INIT_LR.jpg\",\"datePublished\":\"2022-01-10T20:35:41+00:00\",\"dateModified\":\"2025-10-27T18:45:15+00:00\",\"description\":\"Inspir\u00e9e des cr\u00e9ations r\u00e9tros aux formes simples, la collection Bistro MTL a \u00e9t\u00e9 cr\u00e9\u00e9e afin de faire renaitre le design de cette \u00e9poque tout en offrant des composantes de grande qualit\u00e9 et une flexibilit\u00e9 tangible. Offert en deux formats, le globe en verre souffl\u00e9 opalescent offre un \u00e9clairage doux et confortable. Plusieurs choix de couleurs standards ou sur-mesure vous permettent de meubler vos espaces selon vos besoins.\",\"breadcrumb\":{\"@id\":\"https:\/\/luciolelighting.com\/fr\/produits\/bistro-mtl-5\/#breadcrumb\"},\"inLanguage\":\"fr-CA\",\"potentialAction\":[{\"@type\":\"ReadAction\",\"target\":[\"https:\/\/luciolelighting.com\/fr\/produits\/bistro-mtl-5\/\"]}]},{\"@type\":\"ImageObject\",\"inLanguage\":\"fr-CA\",\"@id\":\"https:\/\/luciolelighting.com\/fr\/produits\/bistro-mtl-5\/#primaryimage\",\"url\":\"https:\/\/luciolelighting.com\/wp-content\/uploads\/2022\/01\/LUCIOLE_CW_BISTRO-MTL_LARGE_BK_INIT_LR.jpg\",\"contentUrl\":\"https:\/\/luciolelighting.com\/wp-content\/uploads\/2022\/01\/LUCIOLE_CW_BISTRO-MTL_LARGE_BK_INIT_LR.jpg\",\"width\":2500,\"height\":2500},{\"@type\":\"BreadcrumbList\",\"@id\":\"https:\/\/luciolelighting.com\/fr\/produits\/bistro-mtl-5\/#breadcrumb\",\"itemListElement\":[{\"@type\":\"ListItem\",\"position\":1,\"name\":\"Products\",\"item\":\"https:\/\/luciolelighting.com\/products\/\"},{\"@type\":\"ListItem\",\"position\":2,\"name\":\"BISTRO MTL\",\"item\":\"https:\/\/luciolelighting.com\/fr\/collection\/bistro-mtl-fr\/\"},{\"@type\":\"ListItem\",\"position\":3,\"name\":\"Bistro MTL 5\"}]},{\"@type\":\"WebSite\",\"@id\":\"https:\/\/luciolelighting.com\/fr\/#website\",\"url\":\"https:\/\/luciolelighting.com\/fr\/\",\"name\":\"Luciole Lighting\",\"description\":\"\",\"publisher\":{\"@id\":\"https:\/\/luciolelighting.com\/fr\/#organization\"},\"potentialAction\":[{\"@type\":\"SearchAction\",\"target\":{\"@type\":\"EntryPoint\",\"urlTemplate\":\"https:\/\/luciolelighting.com\/fr\/?s={search_term_string}\"},\"query-input\":{\"@type\":\"PropertyValueSpecification\",\"valueRequired\":true,\"valueName\":\"search_term_string\"}}],\"inLanguage\":\"fr-CA\"},{\"@type\":\"Organization\",\"@id\":\"https:\/\/luciolelighting.com\/fr\/#organization\",\"name\":\"Luciole Lighting\",\"url\":\"https:\/\/luciolelighting.com\/fr\/\",\"logo\":{\"@type\":\"ImageObject\",\"inLanguage\":\"fr-CA\",\"@id\":\"https:\/\/luciolelighting.com\/fr\/#\/schema\/logo\/image\/\",\"url\":\"https:\/\/luciolelighting.com\/wp-content\/uploads\/2020\/11\/logo-header.png\",\"contentUrl\":\"https:\/\/luciolelighting.com\/wp-content\/uploads\/2020\/11\/logo-header.png\",\"width\":180,\"height\":55,\"caption\":\"Luciole Lighting\"},\"image\":{\"@id\":\"https:\/\/luciolelighting.com\/fr\/#\/schema\/logo\/image\/\"}}]}<\/script>\n<!-- \/ Yoast SEO plugin. -->","yoast_head_json":{"title":"Bistro MTL 5 - Luciole Lighting","description":"Inspir\u00e9e des cr\u00e9ations r\u00e9tros aux formes simples, la collection Bistro MTL a \u00e9t\u00e9 cr\u00e9\u00e9e afin de faire renaitre le design de cette \u00e9poque tout en offrant des composantes de grande qualit\u00e9 et une flexibilit\u00e9 tangible. Offert en deux formats, le globe en verre souffl\u00e9 opalescent offre un \u00e9clairage doux et confortable. Plusieurs choix de couleurs standards ou sur-mesure vous permettent de meubler vos espaces selon vos besoins.","robots":{"index":"index","follow":"follow","max-snippet":"max-snippet:-1","max-image-preview":"max-image-preview:large","max-video-preview":"max-video-preview:-1"},"canonical":"https:\/\/luciolelighting.com\/fr\/produits\/bistro-mtl-5\/","og_locale":"fr_CA","og_type":"article","og_title":"Bistro MTL 5 - Luciole Lighting","og_description":"Inspir\u00e9e des cr\u00e9ations r\u00e9tros aux formes simples, la collection Bistro MTL a \u00e9t\u00e9 cr\u00e9\u00e9e afin de faire renaitre le design de cette \u00e9poque tout en offrant des composantes de grande qualit\u00e9 et une flexibilit\u00e9 tangible. Offert en deux formats, le globe en verre souffl\u00e9 opalescent offre un \u00e9clairage doux et confortable. Plusieurs choix de couleurs standards ou sur-mesure vous permettent de meubler vos espaces selon vos besoins.","og_url":"https:\/\/luciolelighting.com\/fr\/produits\/bistro-mtl-5\/","og_site_name":"Luciole Lighting","article_modified_time":"2025-10-27T18:45:15+00:00","og_image":[{"width":2500,"height":2500,"url":"https:\/\/luciolelighting.com\/wp-content\/uploads\/2022\/01\/LUCIOLE_CW_BISTRO-MTL_LARGE_BK_INIT_LR.jpg","type":"image\/jpeg"}],"twitter_card":"summary_large_image","twitter_misc":{"Estimation du temps de lecture":"1 minute"},"schema":{"@context":"https:\/\/schema.org","@graph":[{"@type":"WebPage","@id":"https:\/\/luciolelighting.com\/fr\/produits\/bistro-mtl-5\/","url":"https:\/\/luciolelighting.com\/fr\/produits\/bistro-mtl-5\/","name":"Bistro MTL 5 - Luciole Lighting","isPartOf":{"@id":"https:\/\/luciolelighting.com\/fr\/#website"},"primaryImageOfPage":{"@id":"https:\/\/luciolelighting.com\/fr\/produits\/bistro-mtl-5\/#primaryimage"},"image":{"@id":"https:\/\/luciolelighting.com\/fr\/produits\/bistro-mtl-5\/#primaryimage"},"thumbnailUrl":"https:\/\/luciolelighting.com\/wp-content\/uploads\/2022\/01\/LUCIOLE_CW_BISTRO-MTL_LARGE_BK_INIT_LR.jpg","datePublished":"2022-01-10T20:35:41+00:00","dateModified":"2025-10-27T18:45:15+00:00","description":"Inspir\u00e9e des cr\u00e9ations r\u00e9tros aux formes simples, la collection Bistro MTL a \u00e9t\u00e9 cr\u00e9\u00e9e afin de faire renaitre le design de cette \u00e9poque tout en offrant des composantes de grande qualit\u00e9 et une flexibilit\u00e9 tangible. Offert en deux formats, le globe en verre souffl\u00e9 opalescent offre un \u00e9clairage doux et confortable. Plusieurs choix de couleurs standards ou sur-mesure vous permettent de meubler vos espaces selon vos besoins.","breadcrumb":{"@id":"https:\/\/luciolelighting.com\/fr\/produits\/bistro-mtl-5\/#breadcrumb"},"inLanguage":"fr-CA","potentialAction":[{"@type":"ReadAction","target":["https:\/\/luciolelighting.com\/fr\/produits\/bistro-mtl-5\/"]}]},{"@type":"ImageObject","inLanguage":"fr-CA","@id":"https:\/\/luciolelighting.com\/fr\/produits\/bistro-mtl-5\/#primaryimage","url":"https:\/\/luciolelighting.com\/wp-content\/uploads\/2022\/01\/LUCIOLE_CW_BISTRO-MTL_LARGE_BK_INIT_LR.jpg","contentUrl":"https:\/\/luciolelighting.com\/wp-content\/uploads\/2022\/01\/LUCIOLE_CW_BISTRO-MTL_LARGE_BK_INIT_LR.jpg","width":2500,"height":2500},{"@type":"BreadcrumbList","@id":"https:\/\/luciolelighting.com\/fr\/produits\/bistro-mtl-5\/#breadcrumb","itemListElement":[{"@type":"ListItem","position":1,"name":"Products","item":"https:\/\/luciolelighting.com\/products\/"},{"@type":"ListItem","position":2,"name":"BISTRO MTL","item":"https:\/\/luciolelighting.com\/fr\/collection\/bistro-mtl-fr\/"},{"@type":"ListItem","position":3,"name":"Bistro MTL 5"}]},{"@type":"WebSite","@id":"https:\/\/luciolelighting.com\/fr\/#website","url":"https:\/\/luciolelighting.com\/fr\/","name":"Luciole Lighting","description":"","publisher":{"@id":"https:\/\/luciolelighting.com\/fr\/#organization"},"potentialAction":[{"@type":"SearchAction","target":{"@type":"EntryPoint","urlTemplate":"https:\/\/luciolelighting.com\/fr\/?s={search_term_string}"},"query-input":{"@type":"PropertyValueSpecification","valueRequired":true,"valueName":"search_term_string"}}],"inLanguage":"fr-CA"},{"@type":"Organization","@id":"https:\/\/luciolelighting.com\/fr\/#organization","name":"Luciole Lighting","url":"https:\/\/luciolelighting.com\/fr\/","logo":{"@type":"ImageObject","inLanguage":"fr-CA","@id":"https:\/\/luciolelighting.com\/fr\/#\/schema\/logo\/image\/","url":"https:\/\/luciolelighting.com\/wp-content\/uploads\/2020\/11\/logo-header.png","contentUrl":"https:\/\/luciolelighting.com\/wp-content\/uploads\/2020\/11\/logo-header.png","width":180,"height":55,"caption":"Luciole Lighting"},"image":{"@id":"https:\/\/luciolelighting.com\/fr\/#\/schema\/logo\/image\/"}}]}},"_links":{"self":[{"href":"https:\/\/luciolelighting.com\/fr\/wp-json\/wp\/v2\/product\/2218","targetHints":{"allow":["GET"]}}],"collection":[{"href":"https:\/\/luciolelighting.com\/fr\/wp-json\/wp\/v2\/product"}],"about":[{"href":"https:\/\/luciolelighting.com\/fr\/wp-json\/wp\/v2\/types\/product"}],"replies":[{"embeddable":true,"href":"https:\/\/luciolelighting.com\/fr\/wp-json\/wp\/v2\/comments?post=2218"}],"wp:featuredmedia":[{"embeddable":true,"href":"https:\/\/luciolelighting.com\/fr\/wp-json\/wp\/v2\/media\/2277"}],"wp:attachment":[{"href":"https:\/\/luciolelighting.com\/fr\/wp-json\/wp\/v2\/media?parent=2218"}],"wp:term":[{"taxonomy":"product_brand","embeddable":true,"href":"https:\/\/luciolelighting.com\/fr\/wp-json\/wp\/v2\/product_brand?post=2218"},{"taxonomy":"product_cat","embeddable":true,"href":"https:\/\/luciolelighting.com\/fr\/wp-json\/wp\/v2\/product_cat?post=2218"},{"taxonomy":"product_tag","embeddable":true,"href":"https:\/\/luciolelighting.com\/fr\/wp-json\/wp\/v2\/product_tag?post=2218"}],"curies":[{"name":"wp","href":"https:\/\/api.w.org\/{rel}","templated":true}]}}