{"id":2324,"date":"2022-04-08T13:58:46","date_gmt":"2022-04-08T13:58:46","guid":{"rendered":"https:\/\/luciolelighting.com\/?post_type=product&#038;p=2324"},"modified":"2025-08-20T12:13:49","modified_gmt":"2025-08-20T12:13:49","slug":"emilie-small","status":"publish","type":"product","link":"https:\/\/luciolelighting.com\/fr\/produits\/emilie-small\/","title":{"rendered":"\u00c9MILIE"},"content":{"rendered":"<p><strong>Construction: <\/strong>Diffuseur en verre souffl\u00e9 bouche opalescent mat.<\/p>\n<p><strong>Recommended LED lamp: <\/strong>Lampe G9-DEL givr\u00e9e avec base bipin. La lampe n\u2019est pas incluse.<\/p>\n<p><strong>Homologations: <\/strong>cULus pour le Canada et les \u00c9tats-Unis.<\/p>\n<p><strong>Tension d&rsquo;entr\u00e9e: <\/strong>120V<\/p>\n<p><strong>Poids: <\/strong>6.5 lbs (2.95 kg)<\/p>\n<p><strong>Garantie: <\/strong>Garantie limit\u00e9e de 5 ans. La lampe (non-incluse) ne fait pas partie de la garantie du luminaire.<\/p>\n","protected":false},"excerpt":{"rendered":"<p>En continuit\u00e9 avec la collection Bistro MTL, la collection \u00c9milie est simplement un assemblage d\u2019\u00e9l\u00e9ments de formes rondes aux volumes diff\u00e9rents. Cet assemblage permet au luminaire de meubler l\u2019espace sous diff\u00e9rents axes avec l\u00e9g\u00e8ret\u00e9. Le disque m\u00e9tallique sert aussi de diffuseur permettant de r\u00e9duire l\u2019\u00e9clairage indirect et donc de le concentrer vers le bas.<\/p>\n<p>Offert en deux formats, le globe en verre souffl\u00e9 opalescent offre un \u00e9clairage doux et confortable. Plusieurs choix de couleurs standards ou sur-mesure vous permettent de meubler vos espaces selon vos besoins.<\/p>\n","protected":false},"featured_media":2325,"comment_status":"open","ping_status":"closed","template":"","meta":{"_acf_changed":false},"product_brand":[],"product_cat":[166],"product_tag":[197],"class_list":{"0":"post-2324","1":"product","2":"type-product","3":"status-publish","4":"has-post-thumbnail","6":"product_cat-suspendu","7":"product_tag-emilie-fr","9":"first","10":"instock","11":"shipping-taxable","12":"product-type-simple"},"acf":[],"yoast_head":"<!-- This site is optimized with the Yoast SEO plugin v26.9 - https:\/\/yoast.com\/product\/yoast-seo-wordpress\/ -->\n<title>\u00c9MILIE - Luciole Lighting<\/title>\n<meta name=\"robots\" content=\"index, follow, max-snippet:-1, max-image-preview:large, max-video-preview:-1\" \/>\n<link rel=\"canonical\" href=\"https:\/\/luciolelighting.com\/fr\/produits\/emilie-small\/\" \/>\n<meta property=\"og:locale\" content=\"fr_CA\" \/>\n<meta property=\"og:type\" content=\"article\" \/>\n<meta property=\"og:title\" content=\"\u00c9MILIE - Luciole Lighting\" \/>\n<meta property=\"og:description\" content=\"En continuit\u00e9 avec la collection Bistro MTL, la collection \u00c9milie est simplement un assemblage d\u2019\u00e9l\u00e9ments de formes rondes aux volumes diff\u00e9rents. Cet assemblage permet au luminaire de meubler l\u2019espace sous diff\u00e9rents axes avec l\u00e9g\u00e8ret\u00e9. Le disque m\u00e9tallique sert aussi de diffuseur permettant de r\u00e9duire l\u2019\u00e9clairage indirect et donc de le concentrer vers le bas.  Offert en deux formats, le globe en verre souffl\u00e9 opalescent offre un \u00e9clairage doux et confortable. Plusieurs choix de couleurs standards ou sur-mesure vous permettent de meubler vos espaces selon vos besoins.\" \/>\n<meta property=\"og:url\" content=\"https:\/\/luciolelighting.com\/fr\/produits\/emilie-small\/\" \/>\n<meta property=\"og:site_name\" content=\"Luciole Lighting\" \/>\n<meta property=\"article:modified_time\" content=\"2025-08-20T12:13:49+00:00\" \/>\n<meta property=\"og:image\" content=\"https:\/\/luciolelighting.com\/wp-content\/uploads\/2022\/04\/LUCIOLE_P_EMILIE_SMALL_IMAGE_INITIAL_LR.png\" \/>\n\t<meta property=\"og:image:width\" content=\"800\" \/>\n\t<meta property=\"og:image:height\" content=\"800\" \/>\n\t<meta property=\"og:image:type\" content=\"image\/png\" \/>\n<meta name=\"twitter:card\" content=\"summary_large_image\" \/>\n<meta name=\"twitter:label1\" content=\"Estimation du temps de lecture\" \/>\n\t<meta name=\"twitter:data1\" content=\"1 minute\" \/>\n<script type=\"application\/ld+json\" class=\"yoast-schema-graph\">{\"@context\":\"https:\/\/schema.org\",\"@graph\":[{\"@type\":\"WebPage\",\"@id\":\"https:\/\/luciolelighting.com\/fr\/produits\/emilie-small\/\",\"url\":\"https:\/\/luciolelighting.com\/fr\/produits\/emilie-small\/\",\"name\":\"\u00c9MILIE - Luciole Lighting\",\"isPartOf\":{\"@id\":\"https:\/\/luciolelighting.com\/fr\/#website\"},\"primaryImageOfPage\":{\"@id\":\"https:\/\/luciolelighting.com\/fr\/produits\/emilie-small\/#primaryimage\"},\"image\":{\"@id\":\"https:\/\/luciolelighting.com\/fr\/produits\/emilie-small\/#primaryimage\"},\"thumbnailUrl\":\"https:\/\/luciolelighting.com\/wp-content\/uploads\/2022\/04\/LUCIOLE_P_EMILIE_SMALL_IMAGE_INITIAL_LR.png\",\"datePublished\":\"2022-04-08T13:58:46+00:00\",\"dateModified\":\"2025-08-20T12:13:49+00:00\",\"breadcrumb\":{\"@id\":\"https:\/\/luciolelighting.com\/fr\/produits\/emilie-small\/#breadcrumb\"},\"inLanguage\":\"fr-CA\",\"potentialAction\":[{\"@type\":\"ReadAction\",\"target\":[\"https:\/\/luciolelighting.com\/fr\/produits\/emilie-small\/\"]}]},{\"@type\":\"ImageObject\",\"inLanguage\":\"fr-CA\",\"@id\":\"https:\/\/luciolelighting.com\/fr\/produits\/emilie-small\/#primaryimage\",\"url\":\"https:\/\/luciolelighting.com\/wp-content\/uploads\/2022\/04\/LUCIOLE_P_EMILIE_SMALL_IMAGE_INITIAL_LR.png\",\"contentUrl\":\"https:\/\/luciolelighting.com\/wp-content\/uploads\/2022\/04\/LUCIOLE_P_EMILIE_SMALL_IMAGE_INITIAL_LR.png\",\"width\":800,\"height\":800},{\"@type\":\"BreadcrumbList\",\"@id\":\"https:\/\/luciolelighting.com\/fr\/produits\/emilie-small\/#breadcrumb\",\"itemListElement\":[{\"@type\":\"ListItem\",\"position\":1,\"name\":\"Products\",\"item\":\"https:\/\/luciolelighting.com\/products\/\"},{\"@type\":\"ListItem\",\"position\":2,\"name\":\"\u00c9MILIE\",\"item\":\"https:\/\/luciolelighting.com\/fr\/collection\/emilie-fr\/\"},{\"@type\":\"ListItem\",\"position\":3,\"name\":\"\u00c9MILIE\"}]},{\"@type\":\"WebSite\",\"@id\":\"https:\/\/luciolelighting.com\/fr\/#website\",\"url\":\"https:\/\/luciolelighting.com\/fr\/\",\"name\":\"Luciole Lighting\",\"description\":\"\",\"publisher\":{\"@id\":\"https:\/\/luciolelighting.com\/fr\/#organization\"},\"potentialAction\":[{\"@type\":\"SearchAction\",\"target\":{\"@type\":\"EntryPoint\",\"urlTemplate\":\"https:\/\/luciolelighting.com\/fr\/?s={search_term_string}\"},\"query-input\":{\"@type\":\"PropertyValueSpecification\",\"valueRequired\":true,\"valueName\":\"search_term_string\"}}],\"inLanguage\":\"fr-CA\"},{\"@type\":\"Organization\",\"@id\":\"https:\/\/luciolelighting.com\/fr\/#organization\",\"name\":\"Luciole Lighting\",\"url\":\"https:\/\/luciolelighting.com\/fr\/\",\"logo\":{\"@type\":\"ImageObject\",\"inLanguage\":\"fr-CA\",\"@id\":\"https:\/\/luciolelighting.com\/fr\/#\/schema\/logo\/image\/\",\"url\":\"https:\/\/luciolelighting.com\/wp-content\/uploads\/2020\/11\/logo-header.png\",\"contentUrl\":\"https:\/\/luciolelighting.com\/wp-content\/uploads\/2020\/11\/logo-header.png\",\"width\":180,\"height\":55,\"caption\":\"Luciole Lighting\"},\"image\":{\"@id\":\"https:\/\/luciolelighting.com\/fr\/#\/schema\/logo\/image\/\"}}]}<\/script>\n<!-- \/ Yoast SEO plugin. -->","yoast_head_json":{"title":"\u00c9MILIE - Luciole Lighting","robots":{"index":"index","follow":"follow","max-snippet":"max-snippet:-1","max-image-preview":"max-image-preview:large","max-video-preview":"max-video-preview:-1"},"canonical":"https:\/\/luciolelighting.com\/fr\/produits\/emilie-small\/","og_locale":"fr_CA","og_type":"article","og_title":"\u00c9MILIE - Luciole Lighting","og_description":"En continuit\u00e9 avec la collection Bistro MTL, la collection \u00c9milie est simplement un assemblage d\u2019\u00e9l\u00e9ments de formes rondes aux volumes diff\u00e9rents. Cet assemblage permet au luminaire de meubler l\u2019espace sous diff\u00e9rents axes avec l\u00e9g\u00e8ret\u00e9. Le disque m\u00e9tallique sert aussi de diffuseur permettant de r\u00e9duire l\u2019\u00e9clairage indirect et donc de le concentrer vers le bas.  Offert en deux formats, le globe en verre souffl\u00e9 opalescent offre un \u00e9clairage doux et confortable. Plusieurs choix de couleurs standards ou sur-mesure vous permettent de meubler vos espaces selon vos besoins.","og_url":"https:\/\/luciolelighting.com\/fr\/produits\/emilie-small\/","og_site_name":"Luciole Lighting","article_modified_time":"2025-08-20T12:13:49+00:00","og_image":[{"width":800,"height":800,"url":"https:\/\/luciolelighting.com\/wp-content\/uploads\/2022\/04\/LUCIOLE_P_EMILIE_SMALL_IMAGE_INITIAL_LR.png","type":"image\/png"}],"twitter_card":"summary_large_image","twitter_misc":{"Estimation du temps de lecture":"1 minute"},"schema":{"@context":"https:\/\/schema.org","@graph":[{"@type":"WebPage","@id":"https:\/\/luciolelighting.com\/fr\/produits\/emilie-small\/","url":"https:\/\/luciolelighting.com\/fr\/produits\/emilie-small\/","name":"\u00c9MILIE - Luciole Lighting","isPartOf":{"@id":"https:\/\/luciolelighting.com\/fr\/#website"},"primaryImageOfPage":{"@id":"https:\/\/luciolelighting.com\/fr\/produits\/emilie-small\/#primaryimage"},"image":{"@id":"https:\/\/luciolelighting.com\/fr\/produits\/emilie-small\/#primaryimage"},"thumbnailUrl":"https:\/\/luciolelighting.com\/wp-content\/uploads\/2022\/04\/LUCIOLE_P_EMILIE_SMALL_IMAGE_INITIAL_LR.png","datePublished":"2022-04-08T13:58:46+00:00","dateModified":"2025-08-20T12:13:49+00:00","breadcrumb":{"@id":"https:\/\/luciolelighting.com\/fr\/produits\/emilie-small\/#breadcrumb"},"inLanguage":"fr-CA","potentialAction":[{"@type":"ReadAction","target":["https:\/\/luciolelighting.com\/fr\/produits\/emilie-small\/"]}]},{"@type":"ImageObject","inLanguage":"fr-CA","@id":"https:\/\/luciolelighting.com\/fr\/produits\/emilie-small\/#primaryimage","url":"https:\/\/luciolelighting.com\/wp-content\/uploads\/2022\/04\/LUCIOLE_P_EMILIE_SMALL_IMAGE_INITIAL_LR.png","contentUrl":"https:\/\/luciolelighting.com\/wp-content\/uploads\/2022\/04\/LUCIOLE_P_EMILIE_SMALL_IMAGE_INITIAL_LR.png","width":800,"height":800},{"@type":"BreadcrumbList","@id":"https:\/\/luciolelighting.com\/fr\/produits\/emilie-small\/#breadcrumb","itemListElement":[{"@type":"ListItem","position":1,"name":"Products","item":"https:\/\/luciolelighting.com\/products\/"},{"@type":"ListItem","position":2,"name":"\u00c9MILIE","item":"https:\/\/luciolelighting.com\/fr\/collection\/emilie-fr\/"},{"@type":"ListItem","position":3,"name":"\u00c9MILIE"}]},{"@type":"WebSite","@id":"https:\/\/luciolelighting.com\/fr\/#website","url":"https:\/\/luciolelighting.com\/fr\/","name":"Luciole Lighting","description":"","publisher":{"@id":"https:\/\/luciolelighting.com\/fr\/#organization"},"potentialAction":[{"@type":"SearchAction","target":{"@type":"EntryPoint","urlTemplate":"https:\/\/luciolelighting.com\/fr\/?s={search_term_string}"},"query-input":{"@type":"PropertyValueSpecification","valueRequired":true,"valueName":"search_term_string"}}],"inLanguage":"fr-CA"},{"@type":"Organization","@id":"https:\/\/luciolelighting.com\/fr\/#organization","name":"Luciole Lighting","url":"https:\/\/luciolelighting.com\/fr\/","logo":{"@type":"ImageObject","inLanguage":"fr-CA","@id":"https:\/\/luciolelighting.com\/fr\/#\/schema\/logo\/image\/","url":"https:\/\/luciolelighting.com\/wp-content\/uploads\/2020\/11\/logo-header.png","contentUrl":"https:\/\/luciolelighting.com\/wp-content\/uploads\/2020\/11\/logo-header.png","width":180,"height":55,"caption":"Luciole Lighting"},"image":{"@id":"https:\/\/luciolelighting.com\/fr\/#\/schema\/logo\/image\/"}}]}},"_links":{"self":[{"href":"https:\/\/luciolelighting.com\/fr\/wp-json\/wp\/v2\/product\/2324","targetHints":{"allow":["GET"]}}],"collection":[{"href":"https:\/\/luciolelighting.com\/fr\/wp-json\/wp\/v2\/product"}],"about":[{"href":"https:\/\/luciolelighting.com\/fr\/wp-json\/wp\/v2\/types\/product"}],"replies":[{"embeddable":true,"href":"https:\/\/luciolelighting.com\/fr\/wp-json\/wp\/v2\/comments?post=2324"}],"wp:featuredmedia":[{"embeddable":true,"href":"https:\/\/luciolelighting.com\/fr\/wp-json\/wp\/v2\/media\/2325"}],"wp:attachment":[{"href":"https:\/\/luciolelighting.com\/fr\/wp-json\/wp\/v2\/media?parent=2324"}],"wp:term":[{"taxonomy":"product_brand","embeddable":true,"href":"https:\/\/luciolelighting.com\/fr\/wp-json\/wp\/v2\/product_brand?post=2324"},{"taxonomy":"product_cat","embeddable":true,"href":"https:\/\/luciolelighting.com\/fr\/wp-json\/wp\/v2\/product_cat?post=2324"},{"taxonomy":"product_tag","embeddable":true,"href":"https:\/\/luciolelighting.com\/fr\/wp-json\/wp\/v2\/product_tag?post=2324"}],"curies":[{"name":"wp","href":"https:\/\/api.w.org\/{rel}","templated":true}]}}