{"id":2626,"date":"2023-03-29T15:46:50","date_gmt":"2023-03-29T15:46:50","guid":{"rendered":"https:\/\/luciolelighting.com\/products\/lhasa\/"},"modified":"2025-10-27T19:19:56","modified_gmt":"2025-10-27T19:19:56","slug":"lhasa","status":"publish","type":"product","link":"https:\/\/luciolelighting.com\/fr\/produits\/lhasa\/","title":{"rendered":"LHASA"},"content":{"rendered":"<p><strong>Construction :<\/strong> Diffuseur m\u00e9tallique en aluminium usin\u00e9 et repouss\u00e9. Structure en aluminium usin\u00e9 et diffuseur d\u2019\u00e9clairage en acrylique usin\u00e9<\/p>\n<p><strong>DEL : <\/strong>COB de qualit\u00e9 \u00e0 haute performance Bridgelux avec une valeur de chromaticit\u00e9 obtenue \u00e0 partir d\u2019une ellipse MacAdam \u00e0 3 d\u00e9viations (SDCM 3). IRC standard de 90 minimum et plusieurs options de temp\u00e9ratures de couleurs<\/p>\n<p><strong>Homologations : <\/strong>cETLus pour le Canada et les \u00c9tats-Unis<\/p>\n<p><strong>Tension d\u2019entr\u00e9e : <\/strong>120V<\/p>\n<p><strong>Poids : <\/strong>7 lbs (3.18 kg)<\/p>\n<p><strong>Garantie : <\/strong>Garantie limit\u00e9e de 5 ans<\/p>\n","protected":false},"excerpt":{"rendered":"<p>Inspir\u00e9e des luminaires industriels des ann\u00e9es 1940, la collection Industrie regroupe les mod\u00e8les Alys, F\u00e9lix, Leo et Lhasa. Leur lumi\u00e8re directionnelle concentr\u00e9e permet d\u2019obtenir un excellent niveau d\u2019\u00e9clairement sous le luminaire. Une partie de cette lumi\u00e8re est r\u00e9fl\u00e9chie vers le haut par le diffuseur en acrylique usin\u00e9 pour illuminer l\u2019int\u00e9rieur\/bas du diffuseur m\u00e9tallique. Le r\u00e9sultat est un agr\u00e9able m\u00e9lange entre un \u00e9clairage direct concentr\u00e9 et un \u00e9clairage indirect discret.<\/p>\n","protected":false},"featured_media":2612,"comment_status":"open","ping_status":"closed","template":"","meta":{"_acf_changed":false},"product_brand":[],"product_cat":[286],"product_tag":[201],"class_list":{"0":"post-2626","1":"product","2":"type-product","3":"status-publish","4":"has-post-thumbnail","6":"product_cat-1013-suspendu-9","7":"product_tag-industrie-fr","9":"first","10":"instock","11":"featured","12":"shipping-taxable","13":"product-type-simple"},"acf":[],"yoast_head":"<!-- This site is optimized with the Yoast SEO plugin v26.9 - https:\/\/yoast.com\/product\/yoast-seo-wordpress\/ -->\n<title>LHASA - Luciole Lighting<\/title>\n<meta name=\"robots\" content=\"index, follow, max-snippet:-1, max-image-preview:large, max-video-preview:-1\" \/>\n<link rel=\"canonical\" href=\"https:\/\/luciolelighting.com\/fr\/produits\/lhasa\/\" \/>\n<meta property=\"og:locale\" content=\"fr_CA\" \/>\n<meta property=\"og:type\" content=\"article\" \/>\n<meta property=\"og:title\" content=\"LHASA - Luciole Lighting\" \/>\n<meta property=\"og:description\" content=\"Inspir\u00e9e des luminaires industriels des ann\u00e9es 1940, la collection Industrie regroupe les mod\u00e8les Alys, F\u00e9lix, Leo et Lhasa. Leur lumi\u00e8re directionnelle concentr\u00e9e permet d\u2019obtenir un excellent niveau d\u2019\u00e9clairement sous le luminaire. Une partie de cette lumi\u00e8re est r\u00e9fl\u00e9chie vers le haut par le diffuseur en acrylique usin\u00e9 pour illuminer l\u2019int\u00e9rieur\/bas du diffuseur m\u00e9tallique. Le r\u00e9sultat est un agr\u00e9able m\u00e9lange entre un \u00e9clairage direct concentr\u00e9 et un \u00e9clairage indirect discret.\" \/>\n<meta property=\"og:url\" content=\"https:\/\/luciolelighting.com\/fr\/produits\/lhasa\/\" \/>\n<meta property=\"og:site_name\" content=\"Luciole Lighting\" \/>\n<meta property=\"article:modified_time\" content=\"2025-10-27T19:19:56+00:00\" \/>\n<meta property=\"og:image\" content=\"https:\/\/luciolelighting.com\/wp-content\/uploads\/2023\/03\/LHASA_INIT_LR-scaled.jpg\" \/>\n\t<meta property=\"og:image:width\" content=\"2560\" \/>\n\t<meta property=\"og:image:height\" content=\"2560\" \/>\n\t<meta property=\"og:image:type\" content=\"image\/jpeg\" \/>\n<meta name=\"twitter:card\" content=\"summary_large_image\" \/>\n<meta name=\"twitter:label1\" content=\"Estimation du temps de lecture\" \/>\n\t<meta name=\"twitter:data1\" content=\"1 minute\" \/>\n<script type=\"application\/ld+json\" class=\"yoast-schema-graph\">{\"@context\":\"https:\/\/schema.org\",\"@graph\":[{\"@type\":\"WebPage\",\"@id\":\"https:\/\/luciolelighting.com\/fr\/produits\/lhasa\/\",\"url\":\"https:\/\/luciolelighting.com\/fr\/produits\/lhasa\/\",\"name\":\"LHASA - Luciole Lighting\",\"isPartOf\":{\"@id\":\"https:\/\/luciolelighting.com\/fr\/#website\"},\"primaryImageOfPage\":{\"@id\":\"https:\/\/luciolelighting.com\/fr\/produits\/lhasa\/#primaryimage\"},\"image\":{\"@id\":\"https:\/\/luciolelighting.com\/fr\/produits\/lhasa\/#primaryimage\"},\"thumbnailUrl\":\"https:\/\/luciolelighting.com\/wp-content\/uploads\/2023\/03\/LHASA_INIT_LR-scaled.jpg\",\"datePublished\":\"2023-03-29T15:46:50+00:00\",\"dateModified\":\"2025-10-27T19:19:56+00:00\",\"breadcrumb\":{\"@id\":\"https:\/\/luciolelighting.com\/fr\/produits\/lhasa\/#breadcrumb\"},\"inLanguage\":\"fr-CA\",\"potentialAction\":[{\"@type\":\"ReadAction\",\"target\":[\"https:\/\/luciolelighting.com\/fr\/produits\/lhasa\/\"]}]},{\"@type\":\"ImageObject\",\"inLanguage\":\"fr-CA\",\"@id\":\"https:\/\/luciolelighting.com\/fr\/produits\/lhasa\/#primaryimage\",\"url\":\"https:\/\/luciolelighting.com\/wp-content\/uploads\/2023\/03\/LHASA_INIT_LR-scaled.jpg\",\"contentUrl\":\"https:\/\/luciolelighting.com\/wp-content\/uploads\/2023\/03\/LHASA_INIT_LR-scaled.jpg\",\"width\":2560,\"height\":2560},{\"@type\":\"BreadcrumbList\",\"@id\":\"https:\/\/luciolelighting.com\/fr\/produits\/lhasa\/#breadcrumb\",\"itemListElement\":[{\"@type\":\"ListItem\",\"position\":1,\"name\":\"Products\",\"item\":\"https:\/\/luciolelighting.com\/products\/\"},{\"@type\":\"ListItem\",\"position\":2,\"name\":\"INDUSTRIE\",\"item\":\"https:\/\/luciolelighting.com\/fr\/collection\/industrie-fr\/\"},{\"@type\":\"ListItem\",\"position\":3,\"name\":\"LHASA\"}]},{\"@type\":\"WebSite\",\"@id\":\"https:\/\/luciolelighting.com\/fr\/#website\",\"url\":\"https:\/\/luciolelighting.com\/fr\/\",\"name\":\"Luciole Lighting\",\"description\":\"\",\"publisher\":{\"@id\":\"https:\/\/luciolelighting.com\/fr\/#organization\"},\"potentialAction\":[{\"@type\":\"SearchAction\",\"target\":{\"@type\":\"EntryPoint\",\"urlTemplate\":\"https:\/\/luciolelighting.com\/fr\/?s={search_term_string}\"},\"query-input\":{\"@type\":\"PropertyValueSpecification\",\"valueRequired\":true,\"valueName\":\"search_term_string\"}}],\"inLanguage\":\"fr-CA\"},{\"@type\":\"Organization\",\"@id\":\"https:\/\/luciolelighting.com\/fr\/#organization\",\"name\":\"Luciole Lighting\",\"url\":\"https:\/\/luciolelighting.com\/fr\/\",\"logo\":{\"@type\":\"ImageObject\",\"inLanguage\":\"fr-CA\",\"@id\":\"https:\/\/luciolelighting.com\/fr\/#\/schema\/logo\/image\/\",\"url\":\"https:\/\/luciolelighting.com\/wp-content\/uploads\/2020\/11\/logo-header.png\",\"contentUrl\":\"https:\/\/luciolelighting.com\/wp-content\/uploads\/2020\/11\/logo-header.png\",\"width\":180,\"height\":55,\"caption\":\"Luciole Lighting\"},\"image\":{\"@id\":\"https:\/\/luciolelighting.com\/fr\/#\/schema\/logo\/image\/\"}}]}<\/script>\n<!-- \/ Yoast SEO plugin. -->","yoast_head_json":{"title":"LHASA - Luciole Lighting","robots":{"index":"index","follow":"follow","max-snippet":"max-snippet:-1","max-image-preview":"max-image-preview:large","max-video-preview":"max-video-preview:-1"},"canonical":"https:\/\/luciolelighting.com\/fr\/produits\/lhasa\/","og_locale":"fr_CA","og_type":"article","og_title":"LHASA - Luciole Lighting","og_description":"Inspir\u00e9e des luminaires industriels des ann\u00e9es 1940, la collection Industrie regroupe les mod\u00e8les Alys, F\u00e9lix, Leo et Lhasa. Leur lumi\u00e8re directionnelle concentr\u00e9e permet d\u2019obtenir un excellent niveau d\u2019\u00e9clairement sous le luminaire. Une partie de cette lumi\u00e8re est r\u00e9fl\u00e9chie vers le haut par le diffuseur en acrylique usin\u00e9 pour illuminer l\u2019int\u00e9rieur\/bas du diffuseur m\u00e9tallique. Le r\u00e9sultat est un agr\u00e9able m\u00e9lange entre un \u00e9clairage direct concentr\u00e9 et un \u00e9clairage indirect discret.","og_url":"https:\/\/luciolelighting.com\/fr\/produits\/lhasa\/","og_site_name":"Luciole Lighting","article_modified_time":"2025-10-27T19:19:56+00:00","og_image":[{"width":2560,"height":2560,"url":"https:\/\/luciolelighting.com\/wp-content\/uploads\/2023\/03\/LHASA_INIT_LR-scaled.jpg","type":"image\/jpeg"}],"twitter_card":"summary_large_image","twitter_misc":{"Estimation du temps de lecture":"1 minute"},"schema":{"@context":"https:\/\/schema.org","@graph":[{"@type":"WebPage","@id":"https:\/\/luciolelighting.com\/fr\/produits\/lhasa\/","url":"https:\/\/luciolelighting.com\/fr\/produits\/lhasa\/","name":"LHASA - Luciole Lighting","isPartOf":{"@id":"https:\/\/luciolelighting.com\/fr\/#website"},"primaryImageOfPage":{"@id":"https:\/\/luciolelighting.com\/fr\/produits\/lhasa\/#primaryimage"},"image":{"@id":"https:\/\/luciolelighting.com\/fr\/produits\/lhasa\/#primaryimage"},"thumbnailUrl":"https:\/\/luciolelighting.com\/wp-content\/uploads\/2023\/03\/LHASA_INIT_LR-scaled.jpg","datePublished":"2023-03-29T15:46:50+00:00","dateModified":"2025-10-27T19:19:56+00:00","breadcrumb":{"@id":"https:\/\/luciolelighting.com\/fr\/produits\/lhasa\/#breadcrumb"},"inLanguage":"fr-CA","potentialAction":[{"@type":"ReadAction","target":["https:\/\/luciolelighting.com\/fr\/produits\/lhasa\/"]}]},{"@type":"ImageObject","inLanguage":"fr-CA","@id":"https:\/\/luciolelighting.com\/fr\/produits\/lhasa\/#primaryimage","url":"https:\/\/luciolelighting.com\/wp-content\/uploads\/2023\/03\/LHASA_INIT_LR-scaled.jpg","contentUrl":"https:\/\/luciolelighting.com\/wp-content\/uploads\/2023\/03\/LHASA_INIT_LR-scaled.jpg","width":2560,"height":2560},{"@type":"BreadcrumbList","@id":"https:\/\/luciolelighting.com\/fr\/produits\/lhasa\/#breadcrumb","itemListElement":[{"@type":"ListItem","position":1,"name":"Products","item":"https:\/\/luciolelighting.com\/products\/"},{"@type":"ListItem","position":2,"name":"INDUSTRIE","item":"https:\/\/luciolelighting.com\/fr\/collection\/industrie-fr\/"},{"@type":"ListItem","position":3,"name":"LHASA"}]},{"@type":"WebSite","@id":"https:\/\/luciolelighting.com\/fr\/#website","url":"https:\/\/luciolelighting.com\/fr\/","name":"Luciole Lighting","description":"","publisher":{"@id":"https:\/\/luciolelighting.com\/fr\/#organization"},"potentialAction":[{"@type":"SearchAction","target":{"@type":"EntryPoint","urlTemplate":"https:\/\/luciolelighting.com\/fr\/?s={search_term_string}"},"query-input":{"@type":"PropertyValueSpecification","valueRequired":true,"valueName":"search_term_string"}}],"inLanguage":"fr-CA"},{"@type":"Organization","@id":"https:\/\/luciolelighting.com\/fr\/#organization","name":"Luciole Lighting","url":"https:\/\/luciolelighting.com\/fr\/","logo":{"@type":"ImageObject","inLanguage":"fr-CA","@id":"https:\/\/luciolelighting.com\/fr\/#\/schema\/logo\/image\/","url":"https:\/\/luciolelighting.com\/wp-content\/uploads\/2020\/11\/logo-header.png","contentUrl":"https:\/\/luciolelighting.com\/wp-content\/uploads\/2020\/11\/logo-header.png","width":180,"height":55,"caption":"Luciole Lighting"},"image":{"@id":"https:\/\/luciolelighting.com\/fr\/#\/schema\/logo\/image\/"}}]}},"_links":{"self":[{"href":"https:\/\/luciolelighting.com\/fr\/wp-json\/wp\/v2\/product\/2626","targetHints":{"allow":["GET"]}}],"collection":[{"href":"https:\/\/luciolelighting.com\/fr\/wp-json\/wp\/v2\/product"}],"about":[{"href":"https:\/\/luciolelighting.com\/fr\/wp-json\/wp\/v2\/types\/product"}],"replies":[{"embeddable":true,"href":"https:\/\/luciolelighting.com\/fr\/wp-json\/wp\/v2\/comments?post=2626"}],"wp:featuredmedia":[{"embeddable":true,"href":"https:\/\/luciolelighting.com\/fr\/wp-json\/wp\/v2\/media\/2612"}],"wp:attachment":[{"href":"https:\/\/luciolelighting.com\/fr\/wp-json\/wp\/v2\/media?parent=2626"}],"wp:term":[{"taxonomy":"product_brand","embeddable":true,"href":"https:\/\/luciolelighting.com\/fr\/wp-json\/wp\/v2\/product_brand?post=2626"},{"taxonomy":"product_cat","embeddable":true,"href":"https:\/\/luciolelighting.com\/fr\/wp-json\/wp\/v2\/product_cat?post=2626"},{"taxonomy":"product_tag","embeddable":true,"href":"https:\/\/luciolelighting.com\/fr\/wp-json\/wp\/v2\/product_tag?post=2626"}],"curies":[{"name":"wp","href":"https:\/\/api.w.org\/{rel}","templated":true}]}}