{"id":2838,"date":"2024-04-10T13:00:12","date_gmt":"2024-04-10T13:00:12","guid":{"rendered":"https:\/\/luciolelighting.com\/?post_type=product&#038;p=2838"},"modified":"2025-05-13T10:11:00","modified_gmt":"2025-05-13T10:11:00","slug":"dodo-small","status":"publish","type":"product","link":"https:\/\/luciolelighting.com\/fr\/produits\/dodo-small\/","title":{"rendered":"Dodo"},"content":{"rendered":"<p><strong>Construction :<\/strong> Diffuseur m\u00e9tallique en aluminium repouss\u00e9 avec un diffuseur d\u2019\u00e9clairage en acrylique.<\/p>\n<p><strong>DEL : <\/strong>Module DEL avec une valeur de chromaticit\u00e9 obtenue \u00e0 partir d\u2019une ellipse MacAdam \u00e0 4 d\u00e9viations (SDCM 4). IRC standard de 90 minimum et plusieurs options de temp\u00e9ratures de couleurs.<\/p>\n<p><strong>Driver : <\/strong>Driver de grade commercial l\u00e9ger offrant une gradation silencieuse et fluide. Offert avec les options de gradation \u00e0 2 fils Forward\/Reverse Phase ou 0-10V. Gradation 10%.<br \/>\nStandard 120V-277V<\/p>\n<p><strong>Homologations : <\/strong>cETLus pour le Canada et les \u00c9tats-Unis.<\/p>\n<p><strong>Poids : <\/strong>3.2 lbs (1.45 kg)<\/p>\n<p><strong>Garantie : <\/strong>Garantie limit\u00e9e de 5 ans<\/p>\n","protected":false},"excerpt":{"rendered":"<p>Aussi connu sous le nom de Dronte de Maurice (Raphus cucullatus), l\u2019oiseau dodo \u00e9tait reconnaissable par son bec courb\u00e9 distinctif. La collection Dodo a \u00e9t\u00e9 inspir\u00e9e par la forme de son bec et par plusieurs courbes organiques que nous pouvons voir dans la nature. La source lumineuse DEL est dissimul\u00e9e derri\u00e8re un diffuseur en acrylique opalescent en retrait pour un confort visuel optimal.<\/p>\n","protected":false},"featured_media":2844,"comment_status":"open","ping_status":"closed","template":"","meta":{"_acf_changed":false},"product_brand":[],"product_cat":[211],"product_tag":[235],"class_list":{"0":"post-2838","1":"product","2":"type-product","3":"status-publish","4":"has-post-thumbnail","6":"product_cat-suspension-del-s","7":"product_tag-dodo","9":"first","10":"instock","11":"featured","12":"shipping-taxable","13":"product-type-simple"},"acf":[],"yoast_head":"<!-- This site is optimized with the Yoast SEO plugin v26.9 - https:\/\/yoast.com\/product\/yoast-seo-wordpress\/ -->\n<title>Dodo - Luciole Lighting<\/title>\n<meta name=\"robots\" content=\"index, follow, max-snippet:-1, max-image-preview:large, max-video-preview:-1\" \/>\n<link rel=\"canonical\" href=\"https:\/\/luciolelighting.com\/fr\/produits\/dodo-small\/\" \/>\n<meta property=\"og:locale\" content=\"fr_CA\" \/>\n<meta property=\"og:type\" content=\"article\" \/>\n<meta property=\"og:title\" content=\"Dodo - Luciole Lighting\" \/>\n<meta property=\"og:description\" content=\"Aussi connu sous le nom de Dronte de Maurice (Raphus cucullatus), l\u2019oiseau dodo \u00e9tait reconnaissable par son bec courb\u00e9 distinctif. La collection Dodo a \u00e9t\u00e9 inspir\u00e9e par la forme de son bec et par plusieurs courbes organiques que nous pouvons voir dans la nature. La source lumineuse DEL est dissimul\u00e9e derri\u00e8re un diffuseur en acrylique opalescent en retrait pour un confort visuel optimal.\" \/>\n<meta property=\"og:url\" content=\"https:\/\/luciolelighting.com\/fr\/produits\/dodo-small\/\" \/>\n<meta property=\"og:site_name\" content=\"Luciole Lighting\" \/>\n<meta property=\"article:modified_time\" content=\"2025-05-13T10:11:00+00:00\" \/>\n<meta property=\"og:image\" content=\"https:\/\/luciolelighting.com\/wp-content\/uploads\/2024\/02\/LUCIOLE_P_DODO_S_IMAGE_INITIALE_LR-scaled.jpg\" \/>\n\t<meta property=\"og:image:width\" content=\"2560\" \/>\n\t<meta property=\"og:image:height\" content=\"2560\" \/>\n\t<meta property=\"og:image:type\" content=\"image\/jpeg\" \/>\n<meta name=\"twitter:card\" content=\"summary_large_image\" \/>\n<meta name=\"twitter:label1\" content=\"Estimation du temps de lecture\" \/>\n\t<meta name=\"twitter:data1\" content=\"1 minute\" \/>\n<script type=\"application\/ld+json\" class=\"yoast-schema-graph\">{\"@context\":\"https:\/\/schema.org\",\"@graph\":[{\"@type\":\"WebPage\",\"@id\":\"https:\/\/luciolelighting.com\/fr\/produits\/dodo-small\/\",\"url\":\"https:\/\/luciolelighting.com\/fr\/produits\/dodo-small\/\",\"name\":\"Dodo - Luciole Lighting\",\"isPartOf\":{\"@id\":\"https:\/\/luciolelighting.com\/fr\/#website\"},\"primaryImageOfPage\":{\"@id\":\"https:\/\/luciolelighting.com\/fr\/produits\/dodo-small\/#primaryimage\"},\"image\":{\"@id\":\"https:\/\/luciolelighting.com\/fr\/produits\/dodo-small\/#primaryimage\"},\"thumbnailUrl\":\"https:\/\/luciolelighting.com\/wp-content\/uploads\/2024\/02\/LUCIOLE_P_DODO_S_IMAGE_INITIALE_LR-scaled.jpg\",\"datePublished\":\"2024-04-10T13:00:12+00:00\",\"dateModified\":\"2025-05-13T10:11:00+00:00\",\"breadcrumb\":{\"@id\":\"https:\/\/luciolelighting.com\/fr\/produits\/dodo-small\/#breadcrumb\"},\"inLanguage\":\"fr-CA\",\"potentialAction\":[{\"@type\":\"ReadAction\",\"target\":[\"https:\/\/luciolelighting.com\/fr\/produits\/dodo-small\/\"]}]},{\"@type\":\"ImageObject\",\"inLanguage\":\"fr-CA\",\"@id\":\"https:\/\/luciolelighting.com\/fr\/produits\/dodo-small\/#primaryimage\",\"url\":\"https:\/\/luciolelighting.com\/wp-content\/uploads\/2024\/02\/LUCIOLE_P_DODO_S_IMAGE_INITIALE_LR-scaled.jpg\",\"contentUrl\":\"https:\/\/luciolelighting.com\/wp-content\/uploads\/2024\/02\/LUCIOLE_P_DODO_S_IMAGE_INITIALE_LR-scaled.jpg\",\"width\":2560,\"height\":2560},{\"@type\":\"BreadcrumbList\",\"@id\":\"https:\/\/luciolelighting.com\/fr\/produits\/dodo-small\/#breadcrumb\",\"itemListElement\":[{\"@type\":\"ListItem\",\"position\":1,\"name\":\"Products\",\"item\":\"https:\/\/luciolelighting.com\/products\/\"},{\"@type\":\"ListItem\",\"position\":2,\"name\":\"DODO\",\"item\":\"https:\/\/luciolelighting.com\/fr\/collection\/dodo\/\"},{\"@type\":\"ListItem\",\"position\":3,\"name\":\"Dodo\"}]},{\"@type\":\"WebSite\",\"@id\":\"https:\/\/luciolelighting.com\/fr\/#website\",\"url\":\"https:\/\/luciolelighting.com\/fr\/\",\"name\":\"Luciole Lighting\",\"description\":\"\",\"publisher\":{\"@id\":\"https:\/\/luciolelighting.com\/fr\/#organization\"},\"potentialAction\":[{\"@type\":\"SearchAction\",\"target\":{\"@type\":\"EntryPoint\",\"urlTemplate\":\"https:\/\/luciolelighting.com\/fr\/?s={search_term_string}\"},\"query-input\":{\"@type\":\"PropertyValueSpecification\",\"valueRequired\":true,\"valueName\":\"search_term_string\"}}],\"inLanguage\":\"fr-CA\"},{\"@type\":\"Organization\",\"@id\":\"https:\/\/luciolelighting.com\/fr\/#organization\",\"name\":\"Luciole Lighting\",\"url\":\"https:\/\/luciolelighting.com\/fr\/\",\"logo\":{\"@type\":\"ImageObject\",\"inLanguage\":\"fr-CA\",\"@id\":\"https:\/\/luciolelighting.com\/fr\/#\/schema\/logo\/image\/\",\"url\":\"https:\/\/luciolelighting.com\/wp-content\/uploads\/2020\/11\/logo-header.png\",\"contentUrl\":\"https:\/\/luciolelighting.com\/wp-content\/uploads\/2020\/11\/logo-header.png\",\"width\":180,\"height\":55,\"caption\":\"Luciole Lighting\"},\"image\":{\"@id\":\"https:\/\/luciolelighting.com\/fr\/#\/schema\/logo\/image\/\"}}]}<\/script>\n<!-- \/ Yoast SEO plugin. -->","yoast_head_json":{"title":"Dodo - Luciole Lighting","robots":{"index":"index","follow":"follow","max-snippet":"max-snippet:-1","max-image-preview":"max-image-preview:large","max-video-preview":"max-video-preview:-1"},"canonical":"https:\/\/luciolelighting.com\/fr\/produits\/dodo-small\/","og_locale":"fr_CA","og_type":"article","og_title":"Dodo - Luciole Lighting","og_description":"Aussi connu sous le nom de Dronte de Maurice (Raphus cucullatus), l\u2019oiseau dodo \u00e9tait reconnaissable par son bec courb\u00e9 distinctif. La collection Dodo a \u00e9t\u00e9 inspir\u00e9e par la forme de son bec et par plusieurs courbes organiques que nous pouvons voir dans la nature. La source lumineuse DEL est dissimul\u00e9e derri\u00e8re un diffuseur en acrylique opalescent en retrait pour un confort visuel optimal.","og_url":"https:\/\/luciolelighting.com\/fr\/produits\/dodo-small\/","og_site_name":"Luciole Lighting","article_modified_time":"2025-05-13T10:11:00+00:00","og_image":[{"width":2560,"height":2560,"url":"https:\/\/luciolelighting.com\/wp-content\/uploads\/2024\/02\/LUCIOLE_P_DODO_S_IMAGE_INITIALE_LR-scaled.jpg","type":"image\/jpeg"}],"twitter_card":"summary_large_image","twitter_misc":{"Estimation du temps de lecture":"1 minute"},"schema":{"@context":"https:\/\/schema.org","@graph":[{"@type":"WebPage","@id":"https:\/\/luciolelighting.com\/fr\/produits\/dodo-small\/","url":"https:\/\/luciolelighting.com\/fr\/produits\/dodo-small\/","name":"Dodo - Luciole Lighting","isPartOf":{"@id":"https:\/\/luciolelighting.com\/fr\/#website"},"primaryImageOfPage":{"@id":"https:\/\/luciolelighting.com\/fr\/produits\/dodo-small\/#primaryimage"},"image":{"@id":"https:\/\/luciolelighting.com\/fr\/produits\/dodo-small\/#primaryimage"},"thumbnailUrl":"https:\/\/luciolelighting.com\/wp-content\/uploads\/2024\/02\/LUCIOLE_P_DODO_S_IMAGE_INITIALE_LR-scaled.jpg","datePublished":"2024-04-10T13:00:12+00:00","dateModified":"2025-05-13T10:11:00+00:00","breadcrumb":{"@id":"https:\/\/luciolelighting.com\/fr\/produits\/dodo-small\/#breadcrumb"},"inLanguage":"fr-CA","potentialAction":[{"@type":"ReadAction","target":["https:\/\/luciolelighting.com\/fr\/produits\/dodo-small\/"]}]},{"@type":"ImageObject","inLanguage":"fr-CA","@id":"https:\/\/luciolelighting.com\/fr\/produits\/dodo-small\/#primaryimage","url":"https:\/\/luciolelighting.com\/wp-content\/uploads\/2024\/02\/LUCIOLE_P_DODO_S_IMAGE_INITIALE_LR-scaled.jpg","contentUrl":"https:\/\/luciolelighting.com\/wp-content\/uploads\/2024\/02\/LUCIOLE_P_DODO_S_IMAGE_INITIALE_LR-scaled.jpg","width":2560,"height":2560},{"@type":"BreadcrumbList","@id":"https:\/\/luciolelighting.com\/fr\/produits\/dodo-small\/#breadcrumb","itemListElement":[{"@type":"ListItem","position":1,"name":"Products","item":"https:\/\/luciolelighting.com\/products\/"},{"@type":"ListItem","position":2,"name":"DODO","item":"https:\/\/luciolelighting.com\/fr\/collection\/dodo\/"},{"@type":"ListItem","position":3,"name":"Dodo"}]},{"@type":"WebSite","@id":"https:\/\/luciolelighting.com\/fr\/#website","url":"https:\/\/luciolelighting.com\/fr\/","name":"Luciole Lighting","description":"","publisher":{"@id":"https:\/\/luciolelighting.com\/fr\/#organization"},"potentialAction":[{"@type":"SearchAction","target":{"@type":"EntryPoint","urlTemplate":"https:\/\/luciolelighting.com\/fr\/?s={search_term_string}"},"query-input":{"@type":"PropertyValueSpecification","valueRequired":true,"valueName":"search_term_string"}}],"inLanguage":"fr-CA"},{"@type":"Organization","@id":"https:\/\/luciolelighting.com\/fr\/#organization","name":"Luciole Lighting","url":"https:\/\/luciolelighting.com\/fr\/","logo":{"@type":"ImageObject","inLanguage":"fr-CA","@id":"https:\/\/luciolelighting.com\/fr\/#\/schema\/logo\/image\/","url":"https:\/\/luciolelighting.com\/wp-content\/uploads\/2020\/11\/logo-header.png","contentUrl":"https:\/\/luciolelighting.com\/wp-content\/uploads\/2020\/11\/logo-header.png","width":180,"height":55,"caption":"Luciole Lighting"},"image":{"@id":"https:\/\/luciolelighting.com\/fr\/#\/schema\/logo\/image\/"}}]}},"_links":{"self":[{"href":"https:\/\/luciolelighting.com\/fr\/wp-json\/wp\/v2\/product\/2838","targetHints":{"allow":["GET"]}}],"collection":[{"href":"https:\/\/luciolelighting.com\/fr\/wp-json\/wp\/v2\/product"}],"about":[{"href":"https:\/\/luciolelighting.com\/fr\/wp-json\/wp\/v2\/types\/product"}],"replies":[{"embeddable":true,"href":"https:\/\/luciolelighting.com\/fr\/wp-json\/wp\/v2\/comments?post=2838"}],"wp:featuredmedia":[{"embeddable":true,"href":"https:\/\/luciolelighting.com\/fr\/wp-json\/wp\/v2\/media\/2844"}],"wp:attachment":[{"href":"https:\/\/luciolelighting.com\/fr\/wp-json\/wp\/v2\/media?parent=2838"}],"wp:term":[{"taxonomy":"product_brand","embeddable":true,"href":"https:\/\/luciolelighting.com\/fr\/wp-json\/wp\/v2\/product_brand?post=2838"},{"taxonomy":"product_cat","embeddable":true,"href":"https:\/\/luciolelighting.com\/fr\/wp-json\/wp\/v2\/product_cat?post=2838"},{"taxonomy":"product_tag","embeddable":true,"href":"https:\/\/luciolelighting.com\/fr\/wp-json\/wp\/v2\/product_tag?post=2838"}],"curies":[{"name":"wp","href":"https:\/\/api.w.org\/{rel}","templated":true}]}}