{"id":2874,"date":"2024-04-10T13:00:10","date_gmt":"2024-04-10T13:00:10","guid":{"rendered":"https:\/\/luciolelighting.com\/?post_type=product&#038;p=2874"},"modified":"2025-05-13T10:23:21","modified_gmt":"2025-05-13T10:23:21","slug":"po-lamp-small","status":"publish","type":"product","link":"https:\/\/luciolelighting.com\/fr\/produits\/po-lamp-small\/","title":{"rendered":"PO"},"content":{"rendered":"<p><strong>Construction: <\/strong>Diffuseur m\u00e9tallique en aluminium repouss\u00e9 avec une douille \u00e0 base moyenne E26.<\/p>\n<p><strong>DEL: <\/strong>Lampe G25-DEL givr\u00e9e\/blanche \u00e0 base E26. La lampe n\u2019est pas incluse avec le luminaire.<\/p>\n<p><strong>Homologations: <\/strong>cULus pour le Canada et les \u00c9tats-Unis<\/p>\n<p><strong>Tension d&rsquo;entr\u00e9e: <\/strong> 120V<\/p>\n<p><strong>Poids: <\/strong> 2.7 lbs (1.22 kg)<\/p>\n<p><strong>Garantie: <\/strong> Garantie limit\u00e9e de 5 ans. La lampe (non-incluse) ne fait pas partie de la garantie du luminaire.<\/p>\n","protected":false},"excerpt":{"rendered":"<p>Inspir\u00e9 du chapeau Vietnamien \u2018\u2019Non La\u2019\u2019, la collection PO est un hommage \u00e0 la culture asiatique. Elle est disponible pour lampes vissables DEL et avec un syst\u00e8me DEL int\u00e9gr\u00e9. La source lumineuse DEL est dissimul\u00e9e derri\u00e8re un diffuseur en acrylique opalescent en retrait pour un confort visuel optimal.<\/p>\n","protected":false},"featured_media":2875,"comment_status":"open","ping_status":"closed","template":"","meta":{"_acf_changed":false},"product_brand":[],"product_cat":[218],"product_tag":[206],"class_list":{"0":"post-2874","1":"product","2":"type-product","3":"status-publish","4":"has-post-thumbnail","6":"product_cat-1019-suspension-14d-pour-lampe-traditionnelles-del","7":"product_tag-po-fr","9":"first","10":"instock","11":"shipping-taxable","12":"product-type-simple"},"acf":[],"yoast_head":"<!-- This site is optimized with the Yoast SEO plugin v26.9 - https:\/\/yoast.com\/product\/yoast-seo-wordpress\/ -->\n<title>PO - Luciole Lighting<\/title>\n<meta name=\"robots\" content=\"index, follow, max-snippet:-1, max-image-preview:large, max-video-preview:-1\" \/>\n<link rel=\"canonical\" href=\"https:\/\/luciolelighting.com\/fr\/produits\/po-lamp-small\/\" \/>\n<meta property=\"og:locale\" content=\"fr_CA\" \/>\n<meta property=\"og:type\" content=\"article\" \/>\n<meta property=\"og:title\" content=\"PO - Luciole Lighting\" \/>\n<meta property=\"og:description\" content=\"Inspir\u00e9 du chapeau Vietnamien \u2018\u2019Non La\u2019\u2019, la collection PO est un hommage \u00e0 la culture asiatique. Elle est disponible pour lampes vissables DEL et avec un syst\u00e8me DEL int\u00e9gr\u00e9. La source lumineuse DEL est dissimul\u00e9e derri\u00e8re un diffuseur en acrylique opalescent en retrait pour un confort visuel optimal.\" \/>\n<meta property=\"og:url\" content=\"https:\/\/luciolelighting.com\/fr\/produits\/po-lamp-small\/\" \/>\n<meta property=\"og:site_name\" content=\"Luciole Lighting\" \/>\n<meta property=\"article:modified_time\" content=\"2025-05-13T10:23:21+00:00\" \/>\n<meta property=\"og:image\" content=\"https:\/\/luciolelighting.com\/wp-content\/uploads\/2024\/02\/LUCIOLE_P_PO_LAMP_S_IMAGE_INITIALE_LR-scaled.jpg\" \/>\n\t<meta property=\"og:image:width\" content=\"2560\" \/>\n\t<meta property=\"og:image:height\" content=\"2560\" \/>\n\t<meta property=\"og:image:type\" content=\"image\/jpeg\" \/>\n<meta name=\"twitter:card\" content=\"summary_large_image\" \/>\n<meta name=\"twitter:label1\" content=\"Estimation du temps de lecture\" \/>\n\t<meta name=\"twitter:data1\" content=\"1 minute\" \/>\n<script type=\"application\/ld+json\" class=\"yoast-schema-graph\">{\"@context\":\"https:\/\/schema.org\",\"@graph\":[{\"@type\":\"WebPage\",\"@id\":\"https:\/\/luciolelighting.com\/fr\/produits\/po-lamp-small\/\",\"url\":\"https:\/\/luciolelighting.com\/fr\/produits\/po-lamp-small\/\",\"name\":\"PO - Luciole Lighting\",\"isPartOf\":{\"@id\":\"https:\/\/luciolelighting.com\/fr\/#website\"},\"primaryImageOfPage\":{\"@id\":\"https:\/\/luciolelighting.com\/fr\/produits\/po-lamp-small\/#primaryimage\"},\"image\":{\"@id\":\"https:\/\/luciolelighting.com\/fr\/produits\/po-lamp-small\/#primaryimage\"},\"thumbnailUrl\":\"https:\/\/luciolelighting.com\/wp-content\/uploads\/2024\/02\/LUCIOLE_P_PO_LAMP_S_IMAGE_INITIALE_LR-scaled.jpg\",\"datePublished\":\"2024-04-10T13:00:10+00:00\",\"dateModified\":\"2025-05-13T10:23:21+00:00\",\"breadcrumb\":{\"@id\":\"https:\/\/luciolelighting.com\/fr\/produits\/po-lamp-small\/#breadcrumb\"},\"inLanguage\":\"fr-CA\",\"potentialAction\":[{\"@type\":\"ReadAction\",\"target\":[\"https:\/\/luciolelighting.com\/fr\/produits\/po-lamp-small\/\"]}]},{\"@type\":\"ImageObject\",\"inLanguage\":\"fr-CA\",\"@id\":\"https:\/\/luciolelighting.com\/fr\/produits\/po-lamp-small\/#primaryimage\",\"url\":\"https:\/\/luciolelighting.com\/wp-content\/uploads\/2024\/02\/LUCIOLE_P_PO_LAMP_S_IMAGE_INITIALE_LR-scaled.jpg\",\"contentUrl\":\"https:\/\/luciolelighting.com\/wp-content\/uploads\/2024\/02\/LUCIOLE_P_PO_LAMP_S_IMAGE_INITIALE_LR-scaled.jpg\",\"width\":2560,\"height\":2560},{\"@type\":\"BreadcrumbList\",\"@id\":\"https:\/\/luciolelighting.com\/fr\/produits\/po-lamp-small\/#breadcrumb\",\"itemListElement\":[{\"@type\":\"ListItem\",\"position\":1,\"name\":\"Products\",\"item\":\"https:\/\/luciolelighting.com\/products\/\"},{\"@type\":\"ListItem\",\"position\":2,\"name\":\"PO\",\"item\":\"https:\/\/luciolelighting.com\/fr\/collection\/po-fr\/\"},{\"@type\":\"ListItem\",\"position\":3,\"name\":\"PO\"}]},{\"@type\":\"WebSite\",\"@id\":\"https:\/\/luciolelighting.com\/fr\/#website\",\"url\":\"https:\/\/luciolelighting.com\/fr\/\",\"name\":\"Luciole Lighting\",\"description\":\"\",\"publisher\":{\"@id\":\"https:\/\/luciolelighting.com\/fr\/#organization\"},\"potentialAction\":[{\"@type\":\"SearchAction\",\"target\":{\"@type\":\"EntryPoint\",\"urlTemplate\":\"https:\/\/luciolelighting.com\/fr\/?s={search_term_string}\"},\"query-input\":{\"@type\":\"PropertyValueSpecification\",\"valueRequired\":true,\"valueName\":\"search_term_string\"}}],\"inLanguage\":\"fr-CA\"},{\"@type\":\"Organization\",\"@id\":\"https:\/\/luciolelighting.com\/fr\/#organization\",\"name\":\"Luciole Lighting\",\"url\":\"https:\/\/luciolelighting.com\/fr\/\",\"logo\":{\"@type\":\"ImageObject\",\"inLanguage\":\"fr-CA\",\"@id\":\"https:\/\/luciolelighting.com\/fr\/#\/schema\/logo\/image\/\",\"url\":\"https:\/\/luciolelighting.com\/wp-content\/uploads\/2020\/11\/logo-header.png\",\"contentUrl\":\"https:\/\/luciolelighting.com\/wp-content\/uploads\/2020\/11\/logo-header.png\",\"width\":180,\"height\":55,\"caption\":\"Luciole Lighting\"},\"image\":{\"@id\":\"https:\/\/luciolelighting.com\/fr\/#\/schema\/logo\/image\/\"}}]}<\/script>\n<!-- \/ Yoast SEO plugin. -->","yoast_head_json":{"title":"PO - Luciole Lighting","robots":{"index":"index","follow":"follow","max-snippet":"max-snippet:-1","max-image-preview":"max-image-preview:large","max-video-preview":"max-video-preview:-1"},"canonical":"https:\/\/luciolelighting.com\/fr\/produits\/po-lamp-small\/","og_locale":"fr_CA","og_type":"article","og_title":"PO - Luciole Lighting","og_description":"Inspir\u00e9 du chapeau Vietnamien \u2018\u2019Non La\u2019\u2019, la collection PO est un hommage \u00e0 la culture asiatique. Elle est disponible pour lampes vissables DEL et avec un syst\u00e8me DEL int\u00e9gr\u00e9. La source lumineuse DEL est dissimul\u00e9e derri\u00e8re un diffuseur en acrylique opalescent en retrait pour un confort visuel optimal.","og_url":"https:\/\/luciolelighting.com\/fr\/produits\/po-lamp-small\/","og_site_name":"Luciole Lighting","article_modified_time":"2025-05-13T10:23:21+00:00","og_image":[{"width":2560,"height":2560,"url":"https:\/\/luciolelighting.com\/wp-content\/uploads\/2024\/02\/LUCIOLE_P_PO_LAMP_S_IMAGE_INITIALE_LR-scaled.jpg","type":"image\/jpeg"}],"twitter_card":"summary_large_image","twitter_misc":{"Estimation du temps de lecture":"1 minute"},"schema":{"@context":"https:\/\/schema.org","@graph":[{"@type":"WebPage","@id":"https:\/\/luciolelighting.com\/fr\/produits\/po-lamp-small\/","url":"https:\/\/luciolelighting.com\/fr\/produits\/po-lamp-small\/","name":"PO - Luciole Lighting","isPartOf":{"@id":"https:\/\/luciolelighting.com\/fr\/#website"},"primaryImageOfPage":{"@id":"https:\/\/luciolelighting.com\/fr\/produits\/po-lamp-small\/#primaryimage"},"image":{"@id":"https:\/\/luciolelighting.com\/fr\/produits\/po-lamp-small\/#primaryimage"},"thumbnailUrl":"https:\/\/luciolelighting.com\/wp-content\/uploads\/2024\/02\/LUCIOLE_P_PO_LAMP_S_IMAGE_INITIALE_LR-scaled.jpg","datePublished":"2024-04-10T13:00:10+00:00","dateModified":"2025-05-13T10:23:21+00:00","breadcrumb":{"@id":"https:\/\/luciolelighting.com\/fr\/produits\/po-lamp-small\/#breadcrumb"},"inLanguage":"fr-CA","potentialAction":[{"@type":"ReadAction","target":["https:\/\/luciolelighting.com\/fr\/produits\/po-lamp-small\/"]}]},{"@type":"ImageObject","inLanguage":"fr-CA","@id":"https:\/\/luciolelighting.com\/fr\/produits\/po-lamp-small\/#primaryimage","url":"https:\/\/luciolelighting.com\/wp-content\/uploads\/2024\/02\/LUCIOLE_P_PO_LAMP_S_IMAGE_INITIALE_LR-scaled.jpg","contentUrl":"https:\/\/luciolelighting.com\/wp-content\/uploads\/2024\/02\/LUCIOLE_P_PO_LAMP_S_IMAGE_INITIALE_LR-scaled.jpg","width":2560,"height":2560},{"@type":"BreadcrumbList","@id":"https:\/\/luciolelighting.com\/fr\/produits\/po-lamp-small\/#breadcrumb","itemListElement":[{"@type":"ListItem","position":1,"name":"Products","item":"https:\/\/luciolelighting.com\/products\/"},{"@type":"ListItem","position":2,"name":"PO","item":"https:\/\/luciolelighting.com\/fr\/collection\/po-fr\/"},{"@type":"ListItem","position":3,"name":"PO"}]},{"@type":"WebSite","@id":"https:\/\/luciolelighting.com\/fr\/#website","url":"https:\/\/luciolelighting.com\/fr\/","name":"Luciole Lighting","description":"","publisher":{"@id":"https:\/\/luciolelighting.com\/fr\/#organization"},"potentialAction":[{"@type":"SearchAction","target":{"@type":"EntryPoint","urlTemplate":"https:\/\/luciolelighting.com\/fr\/?s={search_term_string}"},"query-input":{"@type":"PropertyValueSpecification","valueRequired":true,"valueName":"search_term_string"}}],"inLanguage":"fr-CA"},{"@type":"Organization","@id":"https:\/\/luciolelighting.com\/fr\/#organization","name":"Luciole Lighting","url":"https:\/\/luciolelighting.com\/fr\/","logo":{"@type":"ImageObject","inLanguage":"fr-CA","@id":"https:\/\/luciolelighting.com\/fr\/#\/schema\/logo\/image\/","url":"https:\/\/luciolelighting.com\/wp-content\/uploads\/2020\/11\/logo-header.png","contentUrl":"https:\/\/luciolelighting.com\/wp-content\/uploads\/2020\/11\/logo-header.png","width":180,"height":55,"caption":"Luciole Lighting"},"image":{"@id":"https:\/\/luciolelighting.com\/fr\/#\/schema\/logo\/image\/"}}]}},"_links":{"self":[{"href":"https:\/\/luciolelighting.com\/fr\/wp-json\/wp\/v2\/product\/2874","targetHints":{"allow":["GET"]}}],"collection":[{"href":"https:\/\/luciolelighting.com\/fr\/wp-json\/wp\/v2\/product"}],"about":[{"href":"https:\/\/luciolelighting.com\/fr\/wp-json\/wp\/v2\/types\/product"}],"replies":[{"embeddable":true,"href":"https:\/\/luciolelighting.com\/fr\/wp-json\/wp\/v2\/comments?post=2874"}],"wp:featuredmedia":[{"embeddable":true,"href":"https:\/\/luciolelighting.com\/fr\/wp-json\/wp\/v2\/media\/2875"}],"wp:attachment":[{"href":"https:\/\/luciolelighting.com\/fr\/wp-json\/wp\/v2\/media?parent=2874"}],"wp:term":[{"taxonomy":"product_brand","embeddable":true,"href":"https:\/\/luciolelighting.com\/fr\/wp-json\/wp\/v2\/product_brand?post=2874"},{"taxonomy":"product_cat","embeddable":true,"href":"https:\/\/luciolelighting.com\/fr\/wp-json\/wp\/v2\/product_cat?post=2874"},{"taxonomy":"product_tag","embeddable":true,"href":"https:\/\/luciolelighting.com\/fr\/wp-json\/wp\/v2\/product_tag?post=2874"}],"curies":[{"name":"wp","href":"https:\/\/api.w.org\/{rel}","templated":true}]}}