{"id":2880,"date":"2024-04-10T13:00:09","date_gmt":"2024-04-10T13:00:09","guid":{"rendered":"https:\/\/luciolelighting.com\/?post_type=product&#038;p=2880"},"modified":"2025-05-13T10:02:57","modified_gmt":"2025-05-13T10:02:57","slug":"fantome-lampe-small","status":"publish","type":"product","link":"https:\/\/luciolelighting.com\/fr\/produits\/fantome-lampe-small\/","title":{"rendered":"Fant\u00f4me"},"content":{"rendered":"<p><strong>Construction :<\/strong> Diffuseur m\u00e9tallique en aluminium repouss\u00e9 avec une douille \u00e0 base moyenne E26.<\/p>\n<p><strong>DEL : <\/strong> Lampe A19- DEL givr\u00e9e\/blanche ou PAR20-LED \u00e0 base moyenne E26. La lampe n\u2019est pas incluse avec le luminaire.<\/p>\n<p><strong>Homologations : <\/strong>cULus pour le Canada et les \u00c9tats-Unis.<\/p>\n<p><strong>Tension d&rsquo;entr\u00e9e: <\/strong> 120V<\/p>\n<p><strong>Poids : <\/strong>3.1 lbs (1.41 kg)<\/p>\n<p><strong>Garantie : <\/strong>Garantie limit\u00e9e de 5 ans. La lampe (non-incluse) ne fait pas partie de la garantie du luminaire.<\/p>\n","protected":false},"excerpt":{"rendered":"<p>Fait d\u2019un m\u00e9lange de lignes droites et courbes, le design de la collection Fant\u00f4me nous rappelle un peu les fameux luminaires chauffants utilis\u00e9s dans les cuisines des restaurants. La source lumineuse DEL est dissimul\u00e9e derri\u00e8re un diffuseur en acrylique opalescent en retrait pour un confort visuel optimal<\/p>\n","protected":false},"featured_media":2854,"comment_status":"open","ping_status":"closed","template":"","meta":{"_acf_changed":false},"product_brand":[],"product_cat":[214],"product_tag":[208],"class_list":{"0":"post-2880","1":"product","2":"type-product","3":"status-publish","4":"has-post-thumbnail","6":"product_cat-1018-suspension-7-5d-del","7":"product_tag-fantome","9":"first","10":"instock","11":"shipping-taxable","12":"product-type-simple"},"acf":[],"yoast_head":"<!-- This site is optimized with the Yoast SEO plugin v26.9 - https:\/\/yoast.com\/product\/yoast-seo-wordpress\/ -->\n<title>Fant\u00f4me - Luciole Lighting<\/title>\n<meta name=\"robots\" content=\"index, follow, max-snippet:-1, max-image-preview:large, max-video-preview:-1\" \/>\n<link rel=\"canonical\" href=\"https:\/\/luciolelighting.com\/fr\/produits\/fantome-lampe-small\/\" \/>\n<meta property=\"og:locale\" content=\"fr_CA\" \/>\n<meta property=\"og:type\" content=\"article\" \/>\n<meta property=\"og:title\" content=\"Fant\u00f4me - Luciole Lighting\" \/>\n<meta property=\"og:description\" content=\"Fait d\u2019un m\u00e9lange de lignes droites et courbes, le design de la collection Fant\u00f4me nous rappelle un peu les fameux luminaires chauffants utilis\u00e9s dans les cuisines des restaurants. La source lumineuse DEL est dissimul\u00e9e derri\u00e8re un diffuseur en acrylique opalescent en retrait pour un confort visuel optimal\" \/>\n<meta property=\"og:url\" content=\"https:\/\/luciolelighting.com\/fr\/produits\/fantome-lampe-small\/\" \/>\n<meta property=\"og:site_name\" content=\"Luciole Lighting\" \/>\n<meta property=\"article:modified_time\" content=\"2025-05-13T10:02:57+00:00\" \/>\n<meta property=\"og:image\" content=\"https:\/\/luciolelighting.com\/wp-content\/uploads\/2024\/02\/LUCIOLE_P_FANTOME_S_IMAGE_VARIANTE_1_LR-1-scaled.jpg\" \/>\n\t<meta property=\"og:image:width\" content=\"2560\" \/>\n\t<meta property=\"og:image:height\" content=\"2560\" \/>\n\t<meta property=\"og:image:type\" content=\"image\/jpeg\" \/>\n<meta name=\"twitter:card\" content=\"summary_large_image\" \/>\n<meta name=\"twitter:label1\" content=\"Estimation du temps de lecture\" \/>\n\t<meta name=\"twitter:data1\" content=\"1 minute\" \/>\n<script type=\"application\/ld+json\" class=\"yoast-schema-graph\">{\"@context\":\"https:\/\/schema.org\",\"@graph\":[{\"@type\":\"WebPage\",\"@id\":\"https:\/\/luciolelighting.com\/fr\/produits\/fantome-lampe-small\/\",\"url\":\"https:\/\/luciolelighting.com\/fr\/produits\/fantome-lampe-small\/\",\"name\":\"Fant\u00f4me - Luciole Lighting\",\"isPartOf\":{\"@id\":\"https:\/\/luciolelighting.com\/fr\/#website\"},\"primaryImageOfPage\":{\"@id\":\"https:\/\/luciolelighting.com\/fr\/produits\/fantome-lampe-small\/#primaryimage\"},\"image\":{\"@id\":\"https:\/\/luciolelighting.com\/fr\/produits\/fantome-lampe-small\/#primaryimage\"},\"thumbnailUrl\":\"https:\/\/luciolelighting.com\/wp-content\/uploads\/2024\/02\/LUCIOLE_P_FANTOME_S_IMAGE_VARIANTE_1_LR-1-scaled.jpg\",\"datePublished\":\"2024-04-10T13:00:09+00:00\",\"dateModified\":\"2025-05-13T10:02:57+00:00\",\"breadcrumb\":{\"@id\":\"https:\/\/luciolelighting.com\/fr\/produits\/fantome-lampe-small\/#breadcrumb\"},\"inLanguage\":\"fr-CA\",\"potentialAction\":[{\"@type\":\"ReadAction\",\"target\":[\"https:\/\/luciolelighting.com\/fr\/produits\/fantome-lampe-small\/\"]}]},{\"@type\":\"ImageObject\",\"inLanguage\":\"fr-CA\",\"@id\":\"https:\/\/luciolelighting.com\/fr\/produits\/fantome-lampe-small\/#primaryimage\",\"url\":\"https:\/\/luciolelighting.com\/wp-content\/uploads\/2024\/02\/LUCIOLE_P_FANTOME_S_IMAGE_VARIANTE_1_LR-1-scaled.jpg\",\"contentUrl\":\"https:\/\/luciolelighting.com\/wp-content\/uploads\/2024\/02\/LUCIOLE_P_FANTOME_S_IMAGE_VARIANTE_1_LR-1-scaled.jpg\",\"width\":2560,\"height\":2560},{\"@type\":\"BreadcrumbList\",\"@id\":\"https:\/\/luciolelighting.com\/fr\/produits\/fantome-lampe-small\/#breadcrumb\",\"itemListElement\":[{\"@type\":\"ListItem\",\"position\":1,\"name\":\"Products\",\"item\":\"https:\/\/luciolelighting.com\/products\/\"},{\"@type\":\"ListItem\",\"position\":2,\"name\":\"FANT\u00d4ME\",\"item\":\"https:\/\/luciolelighting.com\/fr\/collection\/fantome\/\"},{\"@type\":\"ListItem\",\"position\":3,\"name\":\"Fant\u00f4me\"}]},{\"@type\":\"WebSite\",\"@id\":\"https:\/\/luciolelighting.com\/fr\/#website\",\"url\":\"https:\/\/luciolelighting.com\/fr\/\",\"name\":\"Luciole Lighting\",\"description\":\"\",\"publisher\":{\"@id\":\"https:\/\/luciolelighting.com\/fr\/#organization\"},\"potentialAction\":[{\"@type\":\"SearchAction\",\"target\":{\"@type\":\"EntryPoint\",\"urlTemplate\":\"https:\/\/luciolelighting.com\/fr\/?s={search_term_string}\"},\"query-input\":{\"@type\":\"PropertyValueSpecification\",\"valueRequired\":true,\"valueName\":\"search_term_string\"}}],\"inLanguage\":\"fr-CA\"},{\"@type\":\"Organization\",\"@id\":\"https:\/\/luciolelighting.com\/fr\/#organization\",\"name\":\"Luciole Lighting\",\"url\":\"https:\/\/luciolelighting.com\/fr\/\",\"logo\":{\"@type\":\"ImageObject\",\"inLanguage\":\"fr-CA\",\"@id\":\"https:\/\/luciolelighting.com\/fr\/#\/schema\/logo\/image\/\",\"url\":\"https:\/\/luciolelighting.com\/wp-content\/uploads\/2020\/11\/logo-header.png\",\"contentUrl\":\"https:\/\/luciolelighting.com\/wp-content\/uploads\/2020\/11\/logo-header.png\",\"width\":180,\"height\":55,\"caption\":\"Luciole Lighting\"},\"image\":{\"@id\":\"https:\/\/luciolelighting.com\/fr\/#\/schema\/logo\/image\/\"}}]}<\/script>\n<!-- \/ Yoast SEO plugin. -->","yoast_head_json":{"title":"Fant\u00f4me - Luciole Lighting","robots":{"index":"index","follow":"follow","max-snippet":"max-snippet:-1","max-image-preview":"max-image-preview:large","max-video-preview":"max-video-preview:-1"},"canonical":"https:\/\/luciolelighting.com\/fr\/produits\/fantome-lampe-small\/","og_locale":"fr_CA","og_type":"article","og_title":"Fant\u00f4me - Luciole Lighting","og_description":"Fait d\u2019un m\u00e9lange de lignes droites et courbes, le design de la collection Fant\u00f4me nous rappelle un peu les fameux luminaires chauffants utilis\u00e9s dans les cuisines des restaurants. La source lumineuse DEL est dissimul\u00e9e derri\u00e8re un diffuseur en acrylique opalescent en retrait pour un confort visuel optimal","og_url":"https:\/\/luciolelighting.com\/fr\/produits\/fantome-lampe-small\/","og_site_name":"Luciole Lighting","article_modified_time":"2025-05-13T10:02:57+00:00","og_image":[{"width":2560,"height":2560,"url":"https:\/\/luciolelighting.com\/wp-content\/uploads\/2024\/02\/LUCIOLE_P_FANTOME_S_IMAGE_VARIANTE_1_LR-1-scaled.jpg","type":"image\/jpeg"}],"twitter_card":"summary_large_image","twitter_misc":{"Estimation du temps de lecture":"1 minute"},"schema":{"@context":"https:\/\/schema.org","@graph":[{"@type":"WebPage","@id":"https:\/\/luciolelighting.com\/fr\/produits\/fantome-lampe-small\/","url":"https:\/\/luciolelighting.com\/fr\/produits\/fantome-lampe-small\/","name":"Fant\u00f4me - Luciole Lighting","isPartOf":{"@id":"https:\/\/luciolelighting.com\/fr\/#website"},"primaryImageOfPage":{"@id":"https:\/\/luciolelighting.com\/fr\/produits\/fantome-lampe-small\/#primaryimage"},"image":{"@id":"https:\/\/luciolelighting.com\/fr\/produits\/fantome-lampe-small\/#primaryimage"},"thumbnailUrl":"https:\/\/luciolelighting.com\/wp-content\/uploads\/2024\/02\/LUCIOLE_P_FANTOME_S_IMAGE_VARIANTE_1_LR-1-scaled.jpg","datePublished":"2024-04-10T13:00:09+00:00","dateModified":"2025-05-13T10:02:57+00:00","breadcrumb":{"@id":"https:\/\/luciolelighting.com\/fr\/produits\/fantome-lampe-small\/#breadcrumb"},"inLanguage":"fr-CA","potentialAction":[{"@type":"ReadAction","target":["https:\/\/luciolelighting.com\/fr\/produits\/fantome-lampe-small\/"]}]},{"@type":"ImageObject","inLanguage":"fr-CA","@id":"https:\/\/luciolelighting.com\/fr\/produits\/fantome-lampe-small\/#primaryimage","url":"https:\/\/luciolelighting.com\/wp-content\/uploads\/2024\/02\/LUCIOLE_P_FANTOME_S_IMAGE_VARIANTE_1_LR-1-scaled.jpg","contentUrl":"https:\/\/luciolelighting.com\/wp-content\/uploads\/2024\/02\/LUCIOLE_P_FANTOME_S_IMAGE_VARIANTE_1_LR-1-scaled.jpg","width":2560,"height":2560},{"@type":"BreadcrumbList","@id":"https:\/\/luciolelighting.com\/fr\/produits\/fantome-lampe-small\/#breadcrumb","itemListElement":[{"@type":"ListItem","position":1,"name":"Products","item":"https:\/\/luciolelighting.com\/products\/"},{"@type":"ListItem","position":2,"name":"FANT\u00d4ME","item":"https:\/\/luciolelighting.com\/fr\/collection\/fantome\/"},{"@type":"ListItem","position":3,"name":"Fant\u00f4me"}]},{"@type":"WebSite","@id":"https:\/\/luciolelighting.com\/fr\/#website","url":"https:\/\/luciolelighting.com\/fr\/","name":"Luciole Lighting","description":"","publisher":{"@id":"https:\/\/luciolelighting.com\/fr\/#organization"},"potentialAction":[{"@type":"SearchAction","target":{"@type":"EntryPoint","urlTemplate":"https:\/\/luciolelighting.com\/fr\/?s={search_term_string}"},"query-input":{"@type":"PropertyValueSpecification","valueRequired":true,"valueName":"search_term_string"}}],"inLanguage":"fr-CA"},{"@type":"Organization","@id":"https:\/\/luciolelighting.com\/fr\/#organization","name":"Luciole Lighting","url":"https:\/\/luciolelighting.com\/fr\/","logo":{"@type":"ImageObject","inLanguage":"fr-CA","@id":"https:\/\/luciolelighting.com\/fr\/#\/schema\/logo\/image\/","url":"https:\/\/luciolelighting.com\/wp-content\/uploads\/2020\/11\/logo-header.png","contentUrl":"https:\/\/luciolelighting.com\/wp-content\/uploads\/2020\/11\/logo-header.png","width":180,"height":55,"caption":"Luciole Lighting"},"image":{"@id":"https:\/\/luciolelighting.com\/fr\/#\/schema\/logo\/image\/"}}]}},"_links":{"self":[{"href":"https:\/\/luciolelighting.com\/fr\/wp-json\/wp\/v2\/product\/2880","targetHints":{"allow":["GET"]}}],"collection":[{"href":"https:\/\/luciolelighting.com\/fr\/wp-json\/wp\/v2\/product"}],"about":[{"href":"https:\/\/luciolelighting.com\/fr\/wp-json\/wp\/v2\/types\/product"}],"replies":[{"embeddable":true,"href":"https:\/\/luciolelighting.com\/fr\/wp-json\/wp\/v2\/comments?post=2880"}],"wp:featuredmedia":[{"embeddable":true,"href":"https:\/\/luciolelighting.com\/fr\/wp-json\/wp\/v2\/media\/2854"}],"wp:attachment":[{"href":"https:\/\/luciolelighting.com\/fr\/wp-json\/wp\/v2\/media?parent=2880"}],"wp:term":[{"taxonomy":"product_brand","embeddable":true,"href":"https:\/\/luciolelighting.com\/fr\/wp-json\/wp\/v2\/product_brand?post=2880"},{"taxonomy":"product_cat","embeddable":true,"href":"https:\/\/luciolelighting.com\/fr\/wp-json\/wp\/v2\/product_cat?post=2880"},{"taxonomy":"product_tag","embeddable":true,"href":"https:\/\/luciolelighting.com\/fr\/wp-json\/wp\/v2\/product_tag?post=2880"}],"curies":[{"name":"wp","href":"https:\/\/api.w.org\/{rel}","templated":true}]}}