{"id":2975,"date":"2024-04-11T17:28:54","date_gmt":"2024-04-11T17:28:54","guid":{"rendered":"https:\/\/luciolelighting.com\/?post_type=product&#038;p=2975"},"modified":"2025-10-27T18:28:10","modified_gmt":"2025-10-27T18:28:10","slug":"baboune-asymmetric","status":"publish","type":"product","link":"https:\/\/luciolelighting.com\/fr\/produits\/baboune-asymmetric\/","title":{"rendered":"BABOUNE ASYMMETRIC"},"content":{"rendered":"<p><strong>Construction<\/strong> : Aluminium extrud\u00e9 et usin\u00e9 avec lentille en acrylique blanc extrud\u00e9.<\/p>\n<p><strong>DEL<\/strong> : Module DEL avec une valeur de chromaticit\u00e9 obtenue \u00e0 partir d\u2019une ellipse MacAdam \u00e0 3 d\u00e9viations (SDCM 3). IRC standard de 90 minimum et plusieurs options de temp\u00e9ratures de couleurs.<\/p>\n<p><strong>Driver<\/strong> : Driver de grade commercial offrant une gradation silencieuse et fluide. Offert avec les options de gradation \u00e0 2 fils Forward\/Reverse Phase ou 0-10V. Gradation 1%. Standard 120V-277V.<\/p>\n<p><strong>Homologations<\/strong>: cETLus pour le Canada et les \u00c9tats-Unis<\/p>\n<p><strong>Poids<\/strong>: 17 Lbs (7.71 kg)<\/p>\n<p><strong>Garantie<\/strong>: Garantie limit\u00e9e de 5 ans.<\/p>\n","protected":false},"excerpt":{"rendered":"<p>La collection Baboune est constitu\u00e9e de plusieurs \u00e9l\u00e9ments modulaires permettant de cr\u00e9er des assemblages en de multiples configurations. On y retrouve des \u00e9l\u00e9ments lin\u00e9aires lumineux offrant une lumi\u00e8re diffuse et ou d\u2019accentuation selon l\u2019application. La collection Baboune est disponible en plusieurs assemblages pr\u00e9configur\u00e9s d\u2019appareils individuels et en syst\u00e8me lin\u00e9aire modulaire permettant de cr\u00e9er des assemblage sur-mesure.<\/p>\n","protected":false},"featured_media":3009,"comment_status":"open","ping_status":"closed","template":"","meta":{"_acf_changed":false},"product_brand":[],"product_cat":[234],"product_tag":[236],"class_list":{"0":"post-2975","1":"product","2":"type-product","3":"status-publish","4":"has-post-thumbnail","6":"product_cat-1020-suspendu","7":"product_tag-baboune","9":"first","10":"instock","11":"shipping-taxable","12":"product-type-simple"},"acf":[],"yoast_head":"<!-- This site is optimized with the Yoast SEO plugin v26.9 - https:\/\/yoast.com\/product\/yoast-seo-wordpress\/ -->\n<title>BABOUNE ASYMMETRIC - Luciole Lighting<\/title>\n<meta name=\"robots\" content=\"index, follow, max-snippet:-1, max-image-preview:large, max-video-preview:-1\" \/>\n<link rel=\"canonical\" href=\"https:\/\/luciolelighting.com\/fr\/produits\/baboune-asymmetric\/\" \/>\n<meta property=\"og:locale\" content=\"fr_CA\" \/>\n<meta property=\"og:type\" content=\"article\" \/>\n<meta property=\"og:title\" content=\"BABOUNE ASYMMETRIC - Luciole Lighting\" \/>\n<meta property=\"og:description\" content=\"La collection Baboune est constitu\u00e9e de plusieurs \u00e9l\u00e9ments modulaires permettant de cr\u00e9er des assemblages en de multiples configurations. On y retrouve des \u00e9l\u00e9ments lin\u00e9aires lumineux offrant une lumi\u00e8re diffuse et ou d\u2019accentuation selon l\u2019application. La collection Baboune est disponible en plusieurs assemblages pr\u00e9configur\u00e9s d\u2019appareils individuels et en syst\u00e8me lin\u00e9aire modulaire permettant de cr\u00e9er des assemblage sur-mesure.\" \/>\n<meta property=\"og:url\" content=\"https:\/\/luciolelighting.com\/fr\/produits\/baboune-asymmetric\/\" \/>\n<meta property=\"og:site_name\" content=\"Luciole Lighting\" \/>\n<meta property=\"article:modified_time\" content=\"2025-10-27T18:28:10+00:00\" \/>\n<meta property=\"og:image\" content=\"https:\/\/luciolelighting.com\/wp-content\/uploads\/2024\/04\/LUCIOLE_P_BABOUNE_ASY_BK_IMAGE_INITIALE-1-scaled.jpg\" \/>\n\t<meta property=\"og:image:width\" content=\"2560\" \/>\n\t<meta property=\"og:image:height\" content=\"2560\" \/>\n\t<meta property=\"og:image:type\" content=\"image\/jpeg\" \/>\n<meta name=\"twitter:card\" content=\"summary_large_image\" \/>\n<meta name=\"twitter:label1\" content=\"Estimation du temps de lecture\" \/>\n\t<meta name=\"twitter:data1\" content=\"1 minute\" \/>\n<script type=\"application\/ld+json\" class=\"yoast-schema-graph\">{\"@context\":\"https:\/\/schema.org\",\"@graph\":[{\"@type\":\"WebPage\",\"@id\":\"https:\/\/luciolelighting.com\/fr\/produits\/baboune-asymmetric\/\",\"url\":\"https:\/\/luciolelighting.com\/fr\/produits\/baboune-asymmetric\/\",\"name\":\"BABOUNE ASYMMETRIC - Luciole Lighting\",\"isPartOf\":{\"@id\":\"https:\/\/luciolelighting.com\/fr\/#website\"},\"primaryImageOfPage\":{\"@id\":\"https:\/\/luciolelighting.com\/fr\/produits\/baboune-asymmetric\/#primaryimage\"},\"image\":{\"@id\":\"https:\/\/luciolelighting.com\/fr\/produits\/baboune-asymmetric\/#primaryimage\"},\"thumbnailUrl\":\"https:\/\/luciolelighting.com\/wp-content\/uploads\/2024\/04\/LUCIOLE_P_BABOUNE_ASY_BK_IMAGE_INITIALE-1-scaled.jpg\",\"datePublished\":\"2024-04-11T17:28:54+00:00\",\"dateModified\":\"2025-10-27T18:28:10+00:00\",\"breadcrumb\":{\"@id\":\"https:\/\/luciolelighting.com\/fr\/produits\/baboune-asymmetric\/#breadcrumb\"},\"inLanguage\":\"fr-CA\",\"potentialAction\":[{\"@type\":\"ReadAction\",\"target\":[\"https:\/\/luciolelighting.com\/fr\/produits\/baboune-asymmetric\/\"]}]},{\"@type\":\"ImageObject\",\"inLanguage\":\"fr-CA\",\"@id\":\"https:\/\/luciolelighting.com\/fr\/produits\/baboune-asymmetric\/#primaryimage\",\"url\":\"https:\/\/luciolelighting.com\/wp-content\/uploads\/2024\/04\/LUCIOLE_P_BABOUNE_ASY_BK_IMAGE_INITIALE-1-scaled.jpg\",\"contentUrl\":\"https:\/\/luciolelighting.com\/wp-content\/uploads\/2024\/04\/LUCIOLE_P_BABOUNE_ASY_BK_IMAGE_INITIALE-1-scaled.jpg\",\"width\":2560,\"height\":2560},{\"@type\":\"BreadcrumbList\",\"@id\":\"https:\/\/luciolelighting.com\/fr\/produits\/baboune-asymmetric\/#breadcrumb\",\"itemListElement\":[{\"@type\":\"ListItem\",\"position\":1,\"name\":\"Products\",\"item\":\"https:\/\/luciolelighting.com\/products\/\"},{\"@type\":\"ListItem\",\"position\":2,\"name\":\"BABOUNE\",\"item\":\"https:\/\/luciolelighting.com\/fr\/collection\/baboune\/\"},{\"@type\":\"ListItem\",\"position\":3,\"name\":\"BABOUNE ASYMMETRIC\"}]},{\"@type\":\"WebSite\",\"@id\":\"https:\/\/luciolelighting.com\/fr\/#website\",\"url\":\"https:\/\/luciolelighting.com\/fr\/\",\"name\":\"Luciole Lighting\",\"description\":\"\",\"publisher\":{\"@id\":\"https:\/\/luciolelighting.com\/fr\/#organization\"},\"potentialAction\":[{\"@type\":\"SearchAction\",\"target\":{\"@type\":\"EntryPoint\",\"urlTemplate\":\"https:\/\/luciolelighting.com\/fr\/?s={search_term_string}\"},\"query-input\":{\"@type\":\"PropertyValueSpecification\",\"valueRequired\":true,\"valueName\":\"search_term_string\"}}],\"inLanguage\":\"fr-CA\"},{\"@type\":\"Organization\",\"@id\":\"https:\/\/luciolelighting.com\/fr\/#organization\",\"name\":\"Luciole Lighting\",\"url\":\"https:\/\/luciolelighting.com\/fr\/\",\"logo\":{\"@type\":\"ImageObject\",\"inLanguage\":\"fr-CA\",\"@id\":\"https:\/\/luciolelighting.com\/fr\/#\/schema\/logo\/image\/\",\"url\":\"https:\/\/luciolelighting.com\/wp-content\/uploads\/2020\/11\/logo-header.png\",\"contentUrl\":\"https:\/\/luciolelighting.com\/wp-content\/uploads\/2020\/11\/logo-header.png\",\"width\":180,\"height\":55,\"caption\":\"Luciole Lighting\"},\"image\":{\"@id\":\"https:\/\/luciolelighting.com\/fr\/#\/schema\/logo\/image\/\"}}]}<\/script>\n<!-- \/ Yoast SEO plugin. -->","yoast_head_json":{"title":"BABOUNE ASYMMETRIC - Luciole Lighting","robots":{"index":"index","follow":"follow","max-snippet":"max-snippet:-1","max-image-preview":"max-image-preview:large","max-video-preview":"max-video-preview:-1"},"canonical":"https:\/\/luciolelighting.com\/fr\/produits\/baboune-asymmetric\/","og_locale":"fr_CA","og_type":"article","og_title":"BABOUNE ASYMMETRIC - Luciole Lighting","og_description":"La collection Baboune est constitu\u00e9e de plusieurs \u00e9l\u00e9ments modulaires permettant de cr\u00e9er des assemblages en de multiples configurations. On y retrouve des \u00e9l\u00e9ments lin\u00e9aires lumineux offrant une lumi\u00e8re diffuse et ou d\u2019accentuation selon l\u2019application. La collection Baboune est disponible en plusieurs assemblages pr\u00e9configur\u00e9s d\u2019appareils individuels et en syst\u00e8me lin\u00e9aire modulaire permettant de cr\u00e9er des assemblage sur-mesure.","og_url":"https:\/\/luciolelighting.com\/fr\/produits\/baboune-asymmetric\/","og_site_name":"Luciole Lighting","article_modified_time":"2025-10-27T18:28:10+00:00","og_image":[{"width":2560,"height":2560,"url":"https:\/\/luciolelighting.com\/wp-content\/uploads\/2024\/04\/LUCIOLE_P_BABOUNE_ASY_BK_IMAGE_INITIALE-1-scaled.jpg","type":"image\/jpeg"}],"twitter_card":"summary_large_image","twitter_misc":{"Estimation du temps de lecture":"1 minute"},"schema":{"@context":"https:\/\/schema.org","@graph":[{"@type":"WebPage","@id":"https:\/\/luciolelighting.com\/fr\/produits\/baboune-asymmetric\/","url":"https:\/\/luciolelighting.com\/fr\/produits\/baboune-asymmetric\/","name":"BABOUNE ASYMMETRIC - Luciole Lighting","isPartOf":{"@id":"https:\/\/luciolelighting.com\/fr\/#website"},"primaryImageOfPage":{"@id":"https:\/\/luciolelighting.com\/fr\/produits\/baboune-asymmetric\/#primaryimage"},"image":{"@id":"https:\/\/luciolelighting.com\/fr\/produits\/baboune-asymmetric\/#primaryimage"},"thumbnailUrl":"https:\/\/luciolelighting.com\/wp-content\/uploads\/2024\/04\/LUCIOLE_P_BABOUNE_ASY_BK_IMAGE_INITIALE-1-scaled.jpg","datePublished":"2024-04-11T17:28:54+00:00","dateModified":"2025-10-27T18:28:10+00:00","breadcrumb":{"@id":"https:\/\/luciolelighting.com\/fr\/produits\/baboune-asymmetric\/#breadcrumb"},"inLanguage":"fr-CA","potentialAction":[{"@type":"ReadAction","target":["https:\/\/luciolelighting.com\/fr\/produits\/baboune-asymmetric\/"]}]},{"@type":"ImageObject","inLanguage":"fr-CA","@id":"https:\/\/luciolelighting.com\/fr\/produits\/baboune-asymmetric\/#primaryimage","url":"https:\/\/luciolelighting.com\/wp-content\/uploads\/2024\/04\/LUCIOLE_P_BABOUNE_ASY_BK_IMAGE_INITIALE-1-scaled.jpg","contentUrl":"https:\/\/luciolelighting.com\/wp-content\/uploads\/2024\/04\/LUCIOLE_P_BABOUNE_ASY_BK_IMAGE_INITIALE-1-scaled.jpg","width":2560,"height":2560},{"@type":"BreadcrumbList","@id":"https:\/\/luciolelighting.com\/fr\/produits\/baboune-asymmetric\/#breadcrumb","itemListElement":[{"@type":"ListItem","position":1,"name":"Products","item":"https:\/\/luciolelighting.com\/products\/"},{"@type":"ListItem","position":2,"name":"BABOUNE","item":"https:\/\/luciolelighting.com\/fr\/collection\/baboune\/"},{"@type":"ListItem","position":3,"name":"BABOUNE ASYMMETRIC"}]},{"@type":"WebSite","@id":"https:\/\/luciolelighting.com\/fr\/#website","url":"https:\/\/luciolelighting.com\/fr\/","name":"Luciole Lighting","description":"","publisher":{"@id":"https:\/\/luciolelighting.com\/fr\/#organization"},"potentialAction":[{"@type":"SearchAction","target":{"@type":"EntryPoint","urlTemplate":"https:\/\/luciolelighting.com\/fr\/?s={search_term_string}"},"query-input":{"@type":"PropertyValueSpecification","valueRequired":true,"valueName":"search_term_string"}}],"inLanguage":"fr-CA"},{"@type":"Organization","@id":"https:\/\/luciolelighting.com\/fr\/#organization","name":"Luciole Lighting","url":"https:\/\/luciolelighting.com\/fr\/","logo":{"@type":"ImageObject","inLanguage":"fr-CA","@id":"https:\/\/luciolelighting.com\/fr\/#\/schema\/logo\/image\/","url":"https:\/\/luciolelighting.com\/wp-content\/uploads\/2020\/11\/logo-header.png","contentUrl":"https:\/\/luciolelighting.com\/wp-content\/uploads\/2020\/11\/logo-header.png","width":180,"height":55,"caption":"Luciole Lighting"},"image":{"@id":"https:\/\/luciolelighting.com\/fr\/#\/schema\/logo\/image\/"}}]}},"_links":{"self":[{"href":"https:\/\/luciolelighting.com\/fr\/wp-json\/wp\/v2\/product\/2975","targetHints":{"allow":["GET"]}}],"collection":[{"href":"https:\/\/luciolelighting.com\/fr\/wp-json\/wp\/v2\/product"}],"about":[{"href":"https:\/\/luciolelighting.com\/fr\/wp-json\/wp\/v2\/types\/product"}],"replies":[{"embeddable":true,"href":"https:\/\/luciolelighting.com\/fr\/wp-json\/wp\/v2\/comments?post=2975"}],"wp:featuredmedia":[{"embeddable":true,"href":"https:\/\/luciolelighting.com\/fr\/wp-json\/wp\/v2\/media\/3009"}],"wp:attachment":[{"href":"https:\/\/luciolelighting.com\/fr\/wp-json\/wp\/v2\/media?parent=2975"}],"wp:term":[{"taxonomy":"product_brand","embeddable":true,"href":"https:\/\/luciolelighting.com\/fr\/wp-json\/wp\/v2\/product_brand?post=2975"},{"taxonomy":"product_cat","embeddable":true,"href":"https:\/\/luciolelighting.com\/fr\/wp-json\/wp\/v2\/product_cat?post=2975"},{"taxonomy":"product_tag","embeddable":true,"href":"https:\/\/luciolelighting.com\/fr\/wp-json\/wp\/v2\/product_tag?post=2975"}],"curies":[{"name":"wp","href":"https:\/\/api.w.org\/{rel}","templated":true}]}}