{"id":3397,"date":"2024-08-26T14:46:27","date_gmt":"2024-08-26T14:46:27","guid":{"rendered":"https:\/\/luciolelighting.com\/products\/leo-led\/"},"modified":"2025-10-27T19:10:20","modified_gmt":"2025-10-27T19:10:20","slug":"leo-del","status":"publish","type":"product","link":"https:\/\/luciolelighting.com\/fr\/produits\/leo-del\/","title":{"rendered":"L\u00c9O"},"content":{"rendered":"<p><strong>Construction :<\/strong> Diffuseur m\u00e9tallique en aluminium usin\u00e9 et repouss\u00e9. Structure en aluminium usin\u00e9.<\/p>\n<p><strong>Lampe DEL recommmand\u00e9e :<\/strong>\u00a0Lampe PAR20-DEL \u00e0 base E26. La lampe n\u2019est pas incluse avec le luminaire.<\/p>\n<p><strong>Homologations :<\/strong> cULus pour le Canada et les \u00c9tats-Unis.<\/p>\n<p><strong>Tension d\u2019entr\u00e9e :<\/strong> 120V-277V<\/p>\n<p><strong>Poids :<\/strong> 5 lbs (2.26 kg)<\/p>\n<p><strong>Garantie :<\/strong> Garantie limit\u00e9e de 5 ans. La lampe (non-incluse) ne fait pas partie de la garantie du luminaire.<\/p>\n","protected":false},"excerpt":{"rendered":"<p>Inspir\u00e9e des luminaires industriels des ann\u00e9es 1940, la collection Industrie regroupe les mod\u00e8les Alys, F\u00e9lix, Leo et Lhasa. Leur lumi\u00e8re directionnelle concentr\u00e9e permet d\u2019obtenir un excellent niveau d\u2019\u00e9clairement sous le luminaire. Une partie de cette lumi\u00e8re est r\u00e9fl\u00e9chie vers le haut par le diffuseur en acrylique usin\u00e9 pour illuminer l\u2019int\u00e9rieur\/bas du diffuseur m\u00e9tallique. Le r\u00e9sultat est un agr\u00e9able m\u00e9lange entre un \u00e9clairage direct concentr\u00e9 et un \u00e9clairage indirect discret. Cette collection est aussi offerte pour lampe PAR20-DEL. Cette version n\u2019inclut pas de diffuseur en acrylique usin\u00e9.<\/p>\n","protected":false},"featured_media":3393,"comment_status":"open","ping_status":"closed","template":"","meta":{"_acf_changed":false},"product_brand":[],"product_cat":[293],"product_tag":[201],"class_list":{"0":"post-3397","1":"product","2":"type-product","3":"status-publish","4":"has-post-thumbnail","6":"product_cat-1014-suspendu-15-pour-lampe-del","7":"product_tag-industrie-fr","9":"first","10":"instock","11":"shipping-taxable","12":"product-type-simple"},"acf":[],"yoast_head":"<!-- This site is optimized with the Yoast SEO plugin v26.9 - https:\/\/yoast.com\/product\/yoast-seo-wordpress\/ -->\n<title>L\u00c9O - Luciole Lighting<\/title>\n<meta name=\"description\" content=\"Inspired by the industrial luminaires of the 1940s, the Industrie collection includes the Alys, F\u00e9lix, Leo and Lhasa models. Their concentrated directional light provides an excellent level of illumination under the luminaire. Some of this light is reflected upwards from the machined acrylic diffuser to illuminate the inside\/bottom of the metal diffuser. The result is a pleasant mix of concentrated direct lighting and a discreet indirect lighting.\" \/>\n<meta name=\"robots\" content=\"index, follow, max-snippet:-1, max-image-preview:large, max-video-preview:-1\" \/>\n<link rel=\"canonical\" href=\"https:\/\/luciolelighting.com\/fr\/produits\/leo-del\/\" \/>\n<meta property=\"og:locale\" content=\"fr_CA\" \/>\n<meta property=\"og:type\" content=\"article\" \/>\n<meta property=\"og:title\" content=\"L\u00c9O - Luciole Lighting\" \/>\n<meta property=\"og:description\" content=\"Inspired by the industrial luminaires of the 1940s, the Industrie collection includes the Alys, F\u00e9lix, Leo and Lhasa models. Their concentrated directional light provides an excellent level of illumination under the luminaire. Some of this light is reflected upwards from the machined acrylic diffuser to illuminate the inside\/bottom of the metal diffuser. The result is a pleasant mix of concentrated direct lighting and a discreet indirect lighting.\" \/>\n<meta property=\"og:url\" content=\"https:\/\/luciolelighting.com\/fr\/produits\/leo-del\/\" \/>\n<meta property=\"og:site_name\" content=\"Luciole Lighting\" \/>\n<meta property=\"article:modified_time\" content=\"2025-10-27T19:10:20+00:00\" \/>\n<meta property=\"og:image\" content=\"https:\/\/luciolelighting.com\/wp-content\/uploads\/2024\/08\/LEO_LAMP_INIT_LR-scaled.jpg\" \/>\n\t<meta property=\"og:image:width\" content=\"2560\" \/>\n\t<meta property=\"og:image:height\" content=\"2560\" \/>\n\t<meta property=\"og:image:type\" content=\"image\/jpeg\" \/>\n<meta name=\"twitter:card\" content=\"summary_large_image\" \/>\n<meta name=\"twitter:label1\" content=\"Estimation du temps de lecture\" \/>\n\t<meta name=\"twitter:data1\" content=\"1 minute\" \/>\n<script type=\"application\/ld+json\" class=\"yoast-schema-graph\">{\"@context\":\"https:\/\/schema.org\",\"@graph\":[{\"@type\":\"WebPage\",\"@id\":\"https:\/\/luciolelighting.com\/fr\/produits\/leo-del\/\",\"url\":\"https:\/\/luciolelighting.com\/fr\/produits\/leo-del\/\",\"name\":\"L\u00c9O - Luciole Lighting\",\"isPartOf\":{\"@id\":\"https:\/\/luciolelighting.com\/fr\/#website\"},\"primaryImageOfPage\":{\"@id\":\"https:\/\/luciolelighting.com\/fr\/produits\/leo-del\/#primaryimage\"},\"image\":{\"@id\":\"https:\/\/luciolelighting.com\/fr\/produits\/leo-del\/#primaryimage\"},\"thumbnailUrl\":\"https:\/\/luciolelighting.com\/wp-content\/uploads\/2024\/08\/LEO_LAMP_INIT_LR-scaled.jpg\",\"datePublished\":\"2024-08-26T14:46:27+00:00\",\"dateModified\":\"2025-10-27T19:10:20+00:00\",\"description\":\"Inspired by the industrial luminaires of the 1940s, the Industrie collection includes the Alys, F\u00e9lix, Leo and Lhasa models. Their concentrated directional light provides an excellent level of illumination under the luminaire. Some of this light is reflected upwards from the machined acrylic diffuser to illuminate the inside\/bottom of the metal diffuser. The result is a pleasant mix of concentrated direct lighting and a discreet indirect lighting.\",\"breadcrumb\":{\"@id\":\"https:\/\/luciolelighting.com\/fr\/produits\/leo-del\/#breadcrumb\"},\"inLanguage\":\"fr-CA\",\"potentialAction\":[{\"@type\":\"ReadAction\",\"target\":[\"https:\/\/luciolelighting.com\/fr\/produits\/leo-del\/\"]}]},{\"@type\":\"ImageObject\",\"inLanguage\":\"fr-CA\",\"@id\":\"https:\/\/luciolelighting.com\/fr\/produits\/leo-del\/#primaryimage\",\"url\":\"https:\/\/luciolelighting.com\/wp-content\/uploads\/2024\/08\/LEO_LAMP_INIT_LR-scaled.jpg\",\"contentUrl\":\"https:\/\/luciolelighting.com\/wp-content\/uploads\/2024\/08\/LEO_LAMP_INIT_LR-scaled.jpg\",\"width\":2560,\"height\":2560},{\"@type\":\"BreadcrumbList\",\"@id\":\"https:\/\/luciolelighting.com\/fr\/produits\/leo-del\/#breadcrumb\",\"itemListElement\":[{\"@type\":\"ListItem\",\"position\":1,\"name\":\"Products\",\"item\":\"https:\/\/luciolelighting.com\/products\/\"},{\"@type\":\"ListItem\",\"position\":2,\"name\":\"INDUSTRIE\",\"item\":\"https:\/\/luciolelighting.com\/fr\/collection\/industrie-fr\/\"},{\"@type\":\"ListItem\",\"position\":3,\"name\":\"L\u00c9O\"}]},{\"@type\":\"WebSite\",\"@id\":\"https:\/\/luciolelighting.com\/fr\/#website\",\"url\":\"https:\/\/luciolelighting.com\/fr\/\",\"name\":\"Luciole Lighting\",\"description\":\"\",\"publisher\":{\"@id\":\"https:\/\/luciolelighting.com\/fr\/#organization\"},\"potentialAction\":[{\"@type\":\"SearchAction\",\"target\":{\"@type\":\"EntryPoint\",\"urlTemplate\":\"https:\/\/luciolelighting.com\/fr\/?s={search_term_string}\"},\"query-input\":{\"@type\":\"PropertyValueSpecification\",\"valueRequired\":true,\"valueName\":\"search_term_string\"}}],\"inLanguage\":\"fr-CA\"},{\"@type\":\"Organization\",\"@id\":\"https:\/\/luciolelighting.com\/fr\/#organization\",\"name\":\"Luciole Lighting\",\"url\":\"https:\/\/luciolelighting.com\/fr\/\",\"logo\":{\"@type\":\"ImageObject\",\"inLanguage\":\"fr-CA\",\"@id\":\"https:\/\/luciolelighting.com\/fr\/#\/schema\/logo\/image\/\",\"url\":\"https:\/\/luciolelighting.com\/wp-content\/uploads\/2020\/11\/logo-header.png\",\"contentUrl\":\"https:\/\/luciolelighting.com\/wp-content\/uploads\/2020\/11\/logo-header.png\",\"width\":180,\"height\":55,\"caption\":\"Luciole Lighting\"},\"image\":{\"@id\":\"https:\/\/luciolelighting.com\/fr\/#\/schema\/logo\/image\/\"}}]}<\/script>\n<!-- \/ Yoast SEO plugin. -->","yoast_head_json":{"title":"L\u00c9O - Luciole Lighting","description":"Inspired by the industrial luminaires of the 1940s, the Industrie collection includes the Alys, F\u00e9lix, Leo and Lhasa models. Their concentrated directional light provides an excellent level of illumination under the luminaire. Some of this light is reflected upwards from the machined acrylic diffuser to illuminate the inside\/bottom of the metal diffuser. The result is a pleasant mix of concentrated direct lighting and a discreet indirect lighting.","robots":{"index":"index","follow":"follow","max-snippet":"max-snippet:-1","max-image-preview":"max-image-preview:large","max-video-preview":"max-video-preview:-1"},"canonical":"https:\/\/luciolelighting.com\/fr\/produits\/leo-del\/","og_locale":"fr_CA","og_type":"article","og_title":"L\u00c9O - Luciole Lighting","og_description":"Inspired by the industrial luminaires of the 1940s, the Industrie collection includes the Alys, F\u00e9lix, Leo and Lhasa models. Their concentrated directional light provides an excellent level of illumination under the luminaire. Some of this light is reflected upwards from the machined acrylic diffuser to illuminate the inside\/bottom of the metal diffuser. The result is a pleasant mix of concentrated direct lighting and a discreet indirect lighting.","og_url":"https:\/\/luciolelighting.com\/fr\/produits\/leo-del\/","og_site_name":"Luciole Lighting","article_modified_time":"2025-10-27T19:10:20+00:00","og_image":[{"width":2560,"height":2560,"url":"https:\/\/luciolelighting.com\/wp-content\/uploads\/2024\/08\/LEO_LAMP_INIT_LR-scaled.jpg","type":"image\/jpeg"}],"twitter_card":"summary_large_image","twitter_misc":{"Estimation du temps de lecture":"1 minute"},"schema":{"@context":"https:\/\/schema.org","@graph":[{"@type":"WebPage","@id":"https:\/\/luciolelighting.com\/fr\/produits\/leo-del\/","url":"https:\/\/luciolelighting.com\/fr\/produits\/leo-del\/","name":"L\u00c9O - Luciole Lighting","isPartOf":{"@id":"https:\/\/luciolelighting.com\/fr\/#website"},"primaryImageOfPage":{"@id":"https:\/\/luciolelighting.com\/fr\/produits\/leo-del\/#primaryimage"},"image":{"@id":"https:\/\/luciolelighting.com\/fr\/produits\/leo-del\/#primaryimage"},"thumbnailUrl":"https:\/\/luciolelighting.com\/wp-content\/uploads\/2024\/08\/LEO_LAMP_INIT_LR-scaled.jpg","datePublished":"2024-08-26T14:46:27+00:00","dateModified":"2025-10-27T19:10:20+00:00","description":"Inspired by the industrial luminaires of the 1940s, the Industrie collection includes the Alys, F\u00e9lix, Leo and Lhasa models. Their concentrated directional light provides an excellent level of illumination under the luminaire. Some of this light is reflected upwards from the machined acrylic diffuser to illuminate the inside\/bottom of the metal diffuser. The result is a pleasant mix of concentrated direct lighting and a discreet indirect lighting.","breadcrumb":{"@id":"https:\/\/luciolelighting.com\/fr\/produits\/leo-del\/#breadcrumb"},"inLanguage":"fr-CA","potentialAction":[{"@type":"ReadAction","target":["https:\/\/luciolelighting.com\/fr\/produits\/leo-del\/"]}]},{"@type":"ImageObject","inLanguage":"fr-CA","@id":"https:\/\/luciolelighting.com\/fr\/produits\/leo-del\/#primaryimage","url":"https:\/\/luciolelighting.com\/wp-content\/uploads\/2024\/08\/LEO_LAMP_INIT_LR-scaled.jpg","contentUrl":"https:\/\/luciolelighting.com\/wp-content\/uploads\/2024\/08\/LEO_LAMP_INIT_LR-scaled.jpg","width":2560,"height":2560},{"@type":"BreadcrumbList","@id":"https:\/\/luciolelighting.com\/fr\/produits\/leo-del\/#breadcrumb","itemListElement":[{"@type":"ListItem","position":1,"name":"Products","item":"https:\/\/luciolelighting.com\/products\/"},{"@type":"ListItem","position":2,"name":"INDUSTRIE","item":"https:\/\/luciolelighting.com\/fr\/collection\/industrie-fr\/"},{"@type":"ListItem","position":3,"name":"L\u00c9O"}]},{"@type":"WebSite","@id":"https:\/\/luciolelighting.com\/fr\/#website","url":"https:\/\/luciolelighting.com\/fr\/","name":"Luciole Lighting","description":"","publisher":{"@id":"https:\/\/luciolelighting.com\/fr\/#organization"},"potentialAction":[{"@type":"SearchAction","target":{"@type":"EntryPoint","urlTemplate":"https:\/\/luciolelighting.com\/fr\/?s={search_term_string}"},"query-input":{"@type":"PropertyValueSpecification","valueRequired":true,"valueName":"search_term_string"}}],"inLanguage":"fr-CA"},{"@type":"Organization","@id":"https:\/\/luciolelighting.com\/fr\/#organization","name":"Luciole Lighting","url":"https:\/\/luciolelighting.com\/fr\/","logo":{"@type":"ImageObject","inLanguage":"fr-CA","@id":"https:\/\/luciolelighting.com\/fr\/#\/schema\/logo\/image\/","url":"https:\/\/luciolelighting.com\/wp-content\/uploads\/2020\/11\/logo-header.png","contentUrl":"https:\/\/luciolelighting.com\/wp-content\/uploads\/2020\/11\/logo-header.png","width":180,"height":55,"caption":"Luciole Lighting"},"image":{"@id":"https:\/\/luciolelighting.com\/fr\/#\/schema\/logo\/image\/"}}]}},"_links":{"self":[{"href":"https:\/\/luciolelighting.com\/fr\/wp-json\/wp\/v2\/product\/3397","targetHints":{"allow":["GET"]}}],"collection":[{"href":"https:\/\/luciolelighting.com\/fr\/wp-json\/wp\/v2\/product"}],"about":[{"href":"https:\/\/luciolelighting.com\/fr\/wp-json\/wp\/v2\/types\/product"}],"replies":[{"embeddable":true,"href":"https:\/\/luciolelighting.com\/fr\/wp-json\/wp\/v2\/comments?post=3397"}],"wp:featuredmedia":[{"embeddable":true,"href":"https:\/\/luciolelighting.com\/fr\/wp-json\/wp\/v2\/media\/3393"}],"wp:attachment":[{"href":"https:\/\/luciolelighting.com\/fr\/wp-json\/wp\/v2\/media?parent=3397"}],"wp:term":[{"taxonomy":"product_brand","embeddable":true,"href":"https:\/\/luciolelighting.com\/fr\/wp-json\/wp\/v2\/product_brand?post=3397"},{"taxonomy":"product_cat","embeddable":true,"href":"https:\/\/luciolelighting.com\/fr\/wp-json\/wp\/v2\/product_cat?post=3397"},{"taxonomy":"product_tag","embeddable":true,"href":"https:\/\/luciolelighting.com\/fr\/wp-json\/wp\/v2\/product_tag?post=3397"}],"curies":[{"name":"wp","href":"https:\/\/api.w.org\/{rel}","templated":true}]}}