{"id":3661,"date":"2025-08-08T14:55:57","date_gmt":"2025-08-08T14:55:57","guid":{"rendered":"https:\/\/luciolelighting.com\/?post_type=product&#038;p=3661"},"modified":"2025-10-27T17:45:13","modified_gmt":"2025-10-27T17:45:13","slug":"coco-24-lamp","status":"publish","type":"product","link":"https:\/\/luciolelighting.com\/fr\/produits\/coco-24-lamp\/","title":{"rendered":"COCO 24 LAMP"},"content":{"rendered":"<p><strong>Construction:<\/strong>Diffuseur m\u00e9tallique en aluminium repouss\u00e9 avec une douille \u00e0 base moyenne E26.<\/p>\n<p><strong>Lampes DEL recommand\u00e9e:<\/strong> Lampe A19-DEL givr\u00e9e\/blanche, G30-LED givr\u00e9e\/blanche, PAR30-LED ou PAR38-LED \u00e0 base E26. La lampe n\u2019est pas incluse avec le luminaire.<\/p>\n<p><strong>Gradation:<\/strong> Selon la lampe sp\u00e9cifi\u00e9e (non-incluse avec le luminaire). SVP noter que l\u2019ensemble des lampes DEL gradables peuvent \u00eatre utilis\u00e9es avec un gradateur TRIAC.<\/p>\n<p><strong>Homologations:<\/strong> cULus pour le Canada et les \u00c9tats- Unis.<\/p>\n<p><strong>Tension d\u2019entr\u00e9e:<\/strong> 120V<\/p>\n<p><strong>Poids:<\/strong> 10 lbs (4.54 kg)<\/p>\n<p><strong>Garantie:<\/strong> Garantie limit\u00e9e de 5 ans<\/p>\n","protected":false},"excerpt":{"rendered":"<p>Dans le langage enfantin fran\u00e7ais, le mot \u2018\u2019coco\u2019\u2019 d\u00e9signe un \u0153uf. De sa forme arrondie et \u00e9lanc\u00e9e, la collection Coco est un hommage \u00e0 l\u2019\u00e9l\u00e9gance des formes organiques qu\u2019on retrouve dans la nature. Son design nous inspire le calme et la beaut\u00e9 de la nature. La collection est offerte dans diff\u00e9rents formats et avec des diffuseurs de diff\u00e9rents mat\u00e9riaux comme l\u2019acrylique blanc et l\u2019abat-jour en tissu ou en papier japonais lamin\u00e9s.<\/p>\n","protected":false},"featured_media":3656,"comment_status":"open","ping_status":"closed","template":"","meta":{"_acf_changed":false},"product_brand":[],"product_cat":[322],"product_tag":[318],"class_list":{"0":"post-3661","1":"product","2":"type-product","3":"status-publish","4":"has-post-thumbnail","6":"product_cat-1025-suspension-24d-pour-lampe-del","7":"product_tag-coco-fr","9":"first","10":"instock","11":"shipping-taxable","12":"product-type-simple"},"acf":[],"yoast_head":"<!-- This site is optimized with the Yoast SEO plugin v26.9 - https:\/\/yoast.com\/product\/yoast-seo-wordpress\/ -->\n<title>COCO 24 LAMP - Luciole Lighting<\/title>\n<meta name=\"robots\" content=\"index, follow, max-snippet:-1, max-image-preview:large, max-video-preview:-1\" \/>\n<link rel=\"canonical\" href=\"https:\/\/luciolelighting.com\/fr\/produits\/coco-24-lamp\/\" \/>\n<meta property=\"og:locale\" content=\"fr_CA\" \/>\n<meta property=\"og:type\" content=\"article\" \/>\n<meta property=\"og:title\" content=\"COCO 24 LAMP - Luciole Lighting\" \/>\n<meta property=\"og:description\" content=\"Dans le langage enfantin fran\u00e7ais, le mot \u2018\u2019coco\u2019\u2019 d\u00e9signe un \u0153uf. De sa forme arrondie et \u00e9lanc\u00e9e, la collection Coco est un hommage \u00e0 l\u2019\u00e9l\u00e9gance des formes organiques qu\u2019on retrouve dans la nature. Son design nous inspire le calme et la beaut\u00e9 de la nature. La collection est offerte dans diff\u00e9rents formats et avec des diffuseurs de diff\u00e9rents mat\u00e9riaux comme l\u2019acrylique blanc et l\u2019abat-jour en tissu ou en papier japonais lamin\u00e9s.\" \/>\n<meta property=\"og:url\" content=\"https:\/\/luciolelighting.com\/fr\/produits\/coco-24-lamp\/\" \/>\n<meta property=\"og:site_name\" content=\"Luciole Lighting\" \/>\n<meta property=\"article:modified_time\" content=\"2025-10-27T17:45:13+00:00\" \/>\n<meta property=\"og:image\" content=\"https:\/\/luciolelighting.com\/wp-content\/uploads\/2025\/08\/LUCIOLE_P_COCO_24_IMAGE_INIT_LR.jpg\" \/>\n\t<meta property=\"og:image:width\" content=\"2000\" \/>\n\t<meta property=\"og:image:height\" content=\"2000\" \/>\n\t<meta property=\"og:image:type\" content=\"image\/jpeg\" \/>\n<meta name=\"twitter:card\" content=\"summary_large_image\" \/>\n<meta name=\"twitter:label1\" content=\"Estimation du temps de lecture\" \/>\n\t<meta name=\"twitter:data1\" content=\"1 minute\" \/>\n<script type=\"application\/ld+json\" class=\"yoast-schema-graph\">{\"@context\":\"https:\/\/schema.org\",\"@graph\":[{\"@type\":\"WebPage\",\"@id\":\"https:\/\/luciolelighting.com\/fr\/produits\/coco-24-lamp\/\",\"url\":\"https:\/\/luciolelighting.com\/fr\/produits\/coco-24-lamp\/\",\"name\":\"COCO 24 LAMP - Luciole Lighting\",\"isPartOf\":{\"@id\":\"https:\/\/luciolelighting.com\/fr\/#website\"},\"primaryImageOfPage\":{\"@id\":\"https:\/\/luciolelighting.com\/fr\/produits\/coco-24-lamp\/#primaryimage\"},\"image\":{\"@id\":\"https:\/\/luciolelighting.com\/fr\/produits\/coco-24-lamp\/#primaryimage\"},\"thumbnailUrl\":\"https:\/\/luciolelighting.com\/wp-content\/uploads\/2025\/08\/LUCIOLE_P_COCO_24_IMAGE_INIT_LR.jpg\",\"datePublished\":\"2025-08-08T14:55:57+00:00\",\"dateModified\":\"2025-10-27T17:45:13+00:00\",\"breadcrumb\":{\"@id\":\"https:\/\/luciolelighting.com\/fr\/produits\/coco-24-lamp\/#breadcrumb\"},\"inLanguage\":\"fr-CA\",\"potentialAction\":[{\"@type\":\"ReadAction\",\"target\":[\"https:\/\/luciolelighting.com\/fr\/produits\/coco-24-lamp\/\"]}]},{\"@type\":\"ImageObject\",\"inLanguage\":\"fr-CA\",\"@id\":\"https:\/\/luciolelighting.com\/fr\/produits\/coco-24-lamp\/#primaryimage\",\"url\":\"https:\/\/luciolelighting.com\/wp-content\/uploads\/2025\/08\/LUCIOLE_P_COCO_24_IMAGE_INIT_LR.jpg\",\"contentUrl\":\"https:\/\/luciolelighting.com\/wp-content\/uploads\/2025\/08\/LUCIOLE_P_COCO_24_IMAGE_INIT_LR.jpg\",\"width\":2000,\"height\":2000},{\"@type\":\"BreadcrumbList\",\"@id\":\"https:\/\/luciolelighting.com\/fr\/produits\/coco-24-lamp\/#breadcrumb\",\"itemListElement\":[{\"@type\":\"ListItem\",\"position\":1,\"name\":\"Products\",\"item\":\"https:\/\/luciolelighting.com\/products\/\"},{\"@type\":\"ListItem\",\"position\":2,\"name\":\"COCO\",\"item\":\"https:\/\/luciolelighting.com\/fr\/collection\/coco-fr\/\"},{\"@type\":\"ListItem\",\"position\":3,\"name\":\"COCO 24 LAMP\"}]},{\"@type\":\"WebSite\",\"@id\":\"https:\/\/luciolelighting.com\/fr\/#website\",\"url\":\"https:\/\/luciolelighting.com\/fr\/\",\"name\":\"Luciole Lighting\",\"description\":\"\",\"publisher\":{\"@id\":\"https:\/\/luciolelighting.com\/fr\/#organization\"},\"potentialAction\":[{\"@type\":\"SearchAction\",\"target\":{\"@type\":\"EntryPoint\",\"urlTemplate\":\"https:\/\/luciolelighting.com\/fr\/?s={search_term_string}\"},\"query-input\":{\"@type\":\"PropertyValueSpecification\",\"valueRequired\":true,\"valueName\":\"search_term_string\"}}],\"inLanguage\":\"fr-CA\"},{\"@type\":\"Organization\",\"@id\":\"https:\/\/luciolelighting.com\/fr\/#organization\",\"name\":\"Luciole Lighting\",\"url\":\"https:\/\/luciolelighting.com\/fr\/\",\"logo\":{\"@type\":\"ImageObject\",\"inLanguage\":\"fr-CA\",\"@id\":\"https:\/\/luciolelighting.com\/fr\/#\/schema\/logo\/image\/\",\"url\":\"https:\/\/luciolelighting.com\/wp-content\/uploads\/2020\/11\/logo-header.png\",\"contentUrl\":\"https:\/\/luciolelighting.com\/wp-content\/uploads\/2020\/11\/logo-header.png\",\"width\":180,\"height\":55,\"caption\":\"Luciole Lighting\"},\"image\":{\"@id\":\"https:\/\/luciolelighting.com\/fr\/#\/schema\/logo\/image\/\"}}]}<\/script>\n<!-- \/ Yoast SEO plugin. -->","yoast_head_json":{"title":"COCO 24 LAMP - Luciole Lighting","robots":{"index":"index","follow":"follow","max-snippet":"max-snippet:-1","max-image-preview":"max-image-preview:large","max-video-preview":"max-video-preview:-1"},"canonical":"https:\/\/luciolelighting.com\/fr\/produits\/coco-24-lamp\/","og_locale":"fr_CA","og_type":"article","og_title":"COCO 24 LAMP - Luciole Lighting","og_description":"Dans le langage enfantin fran\u00e7ais, le mot \u2018\u2019coco\u2019\u2019 d\u00e9signe un \u0153uf. De sa forme arrondie et \u00e9lanc\u00e9e, la collection Coco est un hommage \u00e0 l\u2019\u00e9l\u00e9gance des formes organiques qu\u2019on retrouve dans la nature. Son design nous inspire le calme et la beaut\u00e9 de la nature. La collection est offerte dans diff\u00e9rents formats et avec des diffuseurs de diff\u00e9rents mat\u00e9riaux comme l\u2019acrylique blanc et l\u2019abat-jour en tissu ou en papier japonais lamin\u00e9s.","og_url":"https:\/\/luciolelighting.com\/fr\/produits\/coco-24-lamp\/","og_site_name":"Luciole Lighting","article_modified_time":"2025-10-27T17:45:13+00:00","og_image":[{"width":2000,"height":2000,"url":"https:\/\/luciolelighting.com\/wp-content\/uploads\/2025\/08\/LUCIOLE_P_COCO_24_IMAGE_INIT_LR.jpg","type":"image\/jpeg"}],"twitter_card":"summary_large_image","twitter_misc":{"Estimation du temps de lecture":"1 minute"},"schema":{"@context":"https:\/\/schema.org","@graph":[{"@type":"WebPage","@id":"https:\/\/luciolelighting.com\/fr\/produits\/coco-24-lamp\/","url":"https:\/\/luciolelighting.com\/fr\/produits\/coco-24-lamp\/","name":"COCO 24 LAMP - Luciole Lighting","isPartOf":{"@id":"https:\/\/luciolelighting.com\/fr\/#website"},"primaryImageOfPage":{"@id":"https:\/\/luciolelighting.com\/fr\/produits\/coco-24-lamp\/#primaryimage"},"image":{"@id":"https:\/\/luciolelighting.com\/fr\/produits\/coco-24-lamp\/#primaryimage"},"thumbnailUrl":"https:\/\/luciolelighting.com\/wp-content\/uploads\/2025\/08\/LUCIOLE_P_COCO_24_IMAGE_INIT_LR.jpg","datePublished":"2025-08-08T14:55:57+00:00","dateModified":"2025-10-27T17:45:13+00:00","breadcrumb":{"@id":"https:\/\/luciolelighting.com\/fr\/produits\/coco-24-lamp\/#breadcrumb"},"inLanguage":"fr-CA","potentialAction":[{"@type":"ReadAction","target":["https:\/\/luciolelighting.com\/fr\/produits\/coco-24-lamp\/"]}]},{"@type":"ImageObject","inLanguage":"fr-CA","@id":"https:\/\/luciolelighting.com\/fr\/produits\/coco-24-lamp\/#primaryimage","url":"https:\/\/luciolelighting.com\/wp-content\/uploads\/2025\/08\/LUCIOLE_P_COCO_24_IMAGE_INIT_LR.jpg","contentUrl":"https:\/\/luciolelighting.com\/wp-content\/uploads\/2025\/08\/LUCIOLE_P_COCO_24_IMAGE_INIT_LR.jpg","width":2000,"height":2000},{"@type":"BreadcrumbList","@id":"https:\/\/luciolelighting.com\/fr\/produits\/coco-24-lamp\/#breadcrumb","itemListElement":[{"@type":"ListItem","position":1,"name":"Products","item":"https:\/\/luciolelighting.com\/products\/"},{"@type":"ListItem","position":2,"name":"COCO","item":"https:\/\/luciolelighting.com\/fr\/collection\/coco-fr\/"},{"@type":"ListItem","position":3,"name":"COCO 24 LAMP"}]},{"@type":"WebSite","@id":"https:\/\/luciolelighting.com\/fr\/#website","url":"https:\/\/luciolelighting.com\/fr\/","name":"Luciole Lighting","description":"","publisher":{"@id":"https:\/\/luciolelighting.com\/fr\/#organization"},"potentialAction":[{"@type":"SearchAction","target":{"@type":"EntryPoint","urlTemplate":"https:\/\/luciolelighting.com\/fr\/?s={search_term_string}"},"query-input":{"@type":"PropertyValueSpecification","valueRequired":true,"valueName":"search_term_string"}}],"inLanguage":"fr-CA"},{"@type":"Organization","@id":"https:\/\/luciolelighting.com\/fr\/#organization","name":"Luciole Lighting","url":"https:\/\/luciolelighting.com\/fr\/","logo":{"@type":"ImageObject","inLanguage":"fr-CA","@id":"https:\/\/luciolelighting.com\/fr\/#\/schema\/logo\/image\/","url":"https:\/\/luciolelighting.com\/wp-content\/uploads\/2020\/11\/logo-header.png","contentUrl":"https:\/\/luciolelighting.com\/wp-content\/uploads\/2020\/11\/logo-header.png","width":180,"height":55,"caption":"Luciole Lighting"},"image":{"@id":"https:\/\/luciolelighting.com\/fr\/#\/schema\/logo\/image\/"}}]}},"_links":{"self":[{"href":"https:\/\/luciolelighting.com\/fr\/wp-json\/wp\/v2\/product\/3661","targetHints":{"allow":["GET"]}}],"collection":[{"href":"https:\/\/luciolelighting.com\/fr\/wp-json\/wp\/v2\/product"}],"about":[{"href":"https:\/\/luciolelighting.com\/fr\/wp-json\/wp\/v2\/types\/product"}],"replies":[{"embeddable":true,"href":"https:\/\/luciolelighting.com\/fr\/wp-json\/wp\/v2\/comments?post=3661"}],"wp:featuredmedia":[{"embeddable":true,"href":"https:\/\/luciolelighting.com\/fr\/wp-json\/wp\/v2\/media\/3656"}],"wp:attachment":[{"href":"https:\/\/luciolelighting.com\/fr\/wp-json\/wp\/v2\/media?parent=3661"}],"wp:term":[{"taxonomy":"product_brand","embeddable":true,"href":"https:\/\/luciolelighting.com\/fr\/wp-json\/wp\/v2\/product_brand?post=3661"},{"taxonomy":"product_cat","embeddable":true,"href":"https:\/\/luciolelighting.com\/fr\/wp-json\/wp\/v2\/product_cat?post=3661"},{"taxonomy":"product_tag","embeddable":true,"href":"https:\/\/luciolelighting.com\/fr\/wp-json\/wp\/v2\/product_tag?post=3661"}],"curies":[{"name":"wp","href":"https:\/\/api.w.org\/{rel}","templated":true}]}}