{"id":3732,"date":"2025-08-08T14:55:53","date_gmt":"2025-08-08T14:55:53","guid":{"rendered":"https:\/\/luciolelighting.com\/?post_type=product&#038;p=3732"},"modified":"2026-04-09T21:21:27","modified_gmt":"2026-04-09T21:21:27","slug":"tambour-12-2","status":"publish","type":"product","link":"https:\/\/luciolelighting.com\/fr\/produits\/tambour-12-2\/","title":{"rendered":"TAMBOUR 12"},"content":{"rendered":"<p><strong>Construction:<\/strong> Feutre acoustique 100% laine et\/ou li\u00e8ge naturel avec un diffuseur d\u2019\u00e9clairage en acrylique blanc opalescent<\/p>\n<p><strong>DEL:<\/strong> Modules lin\u00e9aires \u00e0 haute performance Advance avec une valeur de chromaticit\u00e9 obtenue \u00e0 partir d\u2019une ellipse MacAdam \u00e0 3 d\u00e9viations (SDCM 3).<\/p>\n<p><strong>Driver:<\/strong> Driver de grade commercial offrant une gradation silencieuse et fluide. Offert avec les options de gradation \u00e0 2 fils Forward Phase ELV ou 0-10V. Gradation 1%. Standard 120V-277V. Option de driver 347V \u00e0 gradation 0-10V \u00e0 distance.<\/p>\n<p><strong>Homologations:<\/strong> cETLus pour le Canada et les \u00c9tats-Unis.<\/p>\n<p><strong>Poids:<\/strong> 6lbs (2.72 kg)<\/p>\n<p><strong>Garantie:<\/strong> Garantie limit\u00e9e de 5 ans.<\/p>\n","protected":false},"excerpt":{"rendered":"<p>La collection Tambour est offerte en plusieurs formats pour les options d\u2019installation plafonnier ou suspendu. Elle est propos\u00e9e avec des mat\u00e9riaux ayant des propri\u00e9t\u00e9s d\u2019absorption acoustique tels que le feutre 100% laine et le li\u00e8ge. Plusieurs couleurs de feutre sont offertes et peuvent \u00eatre combin\u00e9es sur un m\u00eame assemblage pour l\u2019ext\u00e9rieur et l\u2019int\u00e9rieur de l\u2019abat-jour. La source lumineuse DEL de l\u2019abat-jour est dissimul\u00e9e derri\u00e8re un diffuseur en acrylique opalescent en retrait pour un confort visuel optimal.<\/p>\n","protected":false},"featured_media":3731,"comment_status":"open","ping_status":"closed","template":"","meta":{"_acf_changed":false},"product_brand":[],"product_cat":[352],"product_tag":[353],"class_list":{"0":"post-3732","1":"product","2":"type-product","3":"status-publish","4":"has-post-thumbnail","6":"product_cat-1028-plafond-12d","7":"product_tag-tambour-fr","9":"first","10":"instock","11":"shipping-taxable","12":"product-type-simple"},"acf":[],"yoast_head":"<!-- This site is optimized with the Yoast SEO plugin v26.9 - https:\/\/yoast.com\/product\/yoast-seo-wordpress\/ -->\n<title>TAMBOUR 12 - Luciole Lighting<\/title>\n<meta name=\"robots\" content=\"index, follow, max-snippet:-1, max-image-preview:large, max-video-preview:-1\" \/>\n<link rel=\"canonical\" href=\"https:\/\/luciolelighting.com\/fr\/produits\/tambour-12-2\/\" \/>\n<meta property=\"og:locale\" content=\"fr_CA\" \/>\n<meta property=\"og:type\" content=\"article\" \/>\n<meta property=\"og:title\" content=\"TAMBOUR 12 - Luciole Lighting\" \/>\n<meta property=\"og:description\" content=\"La collection Tambour est offerte en plusieurs formats pour les options d\u2019installation plafonnier ou suspendu. Elle est propos\u00e9e avec des mat\u00e9riaux ayant des propri\u00e9t\u00e9s d\u2019absorption acoustique tels que le feutre 100% laine et le li\u00e8ge. Plusieurs couleurs de feutre sont offertes et peuvent \u00eatre combin\u00e9es sur un m\u00eame assemblage pour l\u2019ext\u00e9rieur et l\u2019int\u00e9rieur de l\u2019abat-jour. La source lumineuse DEL de l\u2019abat-jour est dissimul\u00e9e derri\u00e8re un diffuseur en acrylique opalescent en retrait pour un confort visuel optimal.\" \/>\n<meta property=\"og:url\" content=\"https:\/\/luciolelighting.com\/fr\/produits\/tambour-12-2\/\" \/>\n<meta property=\"og:site_name\" content=\"Luciole Lighting\" \/>\n<meta property=\"article:modified_time\" content=\"2026-04-09T21:21:27+00:00\" \/>\n<meta property=\"og:image\" content=\"https:\/\/luciolelighting.com\/wp-content\/uploads\/2025\/08\/LUCIOLE_C_TAMBOUR_12_IMAGE_INIT_LR.jpg\" \/>\n\t<meta property=\"og:image:width\" content=\"2000\" \/>\n\t<meta property=\"og:image:height\" content=\"2000\" \/>\n\t<meta property=\"og:image:type\" content=\"image\/jpeg\" \/>\n<meta name=\"twitter:card\" content=\"summary_large_image\" \/>\n<meta name=\"twitter:label1\" content=\"Estimation du temps de lecture\" \/>\n\t<meta name=\"twitter:data1\" content=\"1 minute\" \/>\n<script type=\"application\/ld+json\" class=\"yoast-schema-graph\">{\"@context\":\"https:\/\/schema.org\",\"@graph\":[{\"@type\":\"WebPage\",\"@id\":\"https:\/\/luciolelighting.com\/fr\/produits\/tambour-12-2\/\",\"url\":\"https:\/\/luciolelighting.com\/fr\/produits\/tambour-12-2\/\",\"name\":\"TAMBOUR 12 - Luciole Lighting\",\"isPartOf\":{\"@id\":\"https:\/\/luciolelighting.com\/fr\/#website\"},\"primaryImageOfPage\":{\"@id\":\"https:\/\/luciolelighting.com\/fr\/produits\/tambour-12-2\/#primaryimage\"},\"image\":{\"@id\":\"https:\/\/luciolelighting.com\/fr\/produits\/tambour-12-2\/#primaryimage\"},\"thumbnailUrl\":\"https:\/\/luciolelighting.com\/wp-content\/uploads\/2025\/08\/LUCIOLE_C_TAMBOUR_12_IMAGE_INIT_LR.jpg\",\"datePublished\":\"2025-08-08T14:55:53+00:00\",\"dateModified\":\"2026-04-09T21:21:27+00:00\",\"breadcrumb\":{\"@id\":\"https:\/\/luciolelighting.com\/fr\/produits\/tambour-12-2\/#breadcrumb\"},\"inLanguage\":\"fr-CA\",\"potentialAction\":[{\"@type\":\"ReadAction\",\"target\":[\"https:\/\/luciolelighting.com\/fr\/produits\/tambour-12-2\/\"]}]},{\"@type\":\"ImageObject\",\"inLanguage\":\"fr-CA\",\"@id\":\"https:\/\/luciolelighting.com\/fr\/produits\/tambour-12-2\/#primaryimage\",\"url\":\"https:\/\/luciolelighting.com\/wp-content\/uploads\/2025\/08\/LUCIOLE_C_TAMBOUR_12_IMAGE_INIT_LR.jpg\",\"contentUrl\":\"https:\/\/luciolelighting.com\/wp-content\/uploads\/2025\/08\/LUCIOLE_C_TAMBOUR_12_IMAGE_INIT_LR.jpg\",\"width\":2000,\"height\":2000},{\"@type\":\"BreadcrumbList\",\"@id\":\"https:\/\/luciolelighting.com\/fr\/produits\/tambour-12-2\/#breadcrumb\",\"itemListElement\":[{\"@type\":\"ListItem\",\"position\":1,\"name\":\"Products\",\"item\":\"https:\/\/luciolelighting.com\/products\/\"},{\"@type\":\"ListItem\",\"position\":2,\"name\":\"TAMBOUR\",\"item\":\"https:\/\/luciolelighting.com\/fr\/collection\/tambour-fr\/\"},{\"@type\":\"ListItem\",\"position\":3,\"name\":\"TAMBOUR 12\"}]},{\"@type\":\"WebSite\",\"@id\":\"https:\/\/luciolelighting.com\/fr\/#website\",\"url\":\"https:\/\/luciolelighting.com\/fr\/\",\"name\":\"Luciole Lighting\",\"description\":\"\",\"publisher\":{\"@id\":\"https:\/\/luciolelighting.com\/fr\/#organization\"},\"potentialAction\":[{\"@type\":\"SearchAction\",\"target\":{\"@type\":\"EntryPoint\",\"urlTemplate\":\"https:\/\/luciolelighting.com\/fr\/?s={search_term_string}\"},\"query-input\":{\"@type\":\"PropertyValueSpecification\",\"valueRequired\":true,\"valueName\":\"search_term_string\"}}],\"inLanguage\":\"fr-CA\"},{\"@type\":\"Organization\",\"@id\":\"https:\/\/luciolelighting.com\/fr\/#organization\",\"name\":\"Luciole Lighting\",\"url\":\"https:\/\/luciolelighting.com\/fr\/\",\"logo\":{\"@type\":\"ImageObject\",\"inLanguage\":\"fr-CA\",\"@id\":\"https:\/\/luciolelighting.com\/fr\/#\/schema\/logo\/image\/\",\"url\":\"https:\/\/luciolelighting.com\/wp-content\/uploads\/2020\/11\/logo-header.png\",\"contentUrl\":\"https:\/\/luciolelighting.com\/wp-content\/uploads\/2020\/11\/logo-header.png\",\"width\":180,\"height\":55,\"caption\":\"Luciole Lighting\"},\"image\":{\"@id\":\"https:\/\/luciolelighting.com\/fr\/#\/schema\/logo\/image\/\"}}]}<\/script>\n<!-- \/ Yoast SEO plugin. -->","yoast_head_json":{"title":"TAMBOUR 12 - Luciole Lighting","robots":{"index":"index","follow":"follow","max-snippet":"max-snippet:-1","max-image-preview":"max-image-preview:large","max-video-preview":"max-video-preview:-1"},"canonical":"https:\/\/luciolelighting.com\/fr\/produits\/tambour-12-2\/","og_locale":"fr_CA","og_type":"article","og_title":"TAMBOUR 12 - Luciole Lighting","og_description":"La collection Tambour est offerte en plusieurs formats pour les options d\u2019installation plafonnier ou suspendu. Elle est propos\u00e9e avec des mat\u00e9riaux ayant des propri\u00e9t\u00e9s d\u2019absorption acoustique tels que le feutre 100% laine et le li\u00e8ge. Plusieurs couleurs de feutre sont offertes et peuvent \u00eatre combin\u00e9es sur un m\u00eame assemblage pour l\u2019ext\u00e9rieur et l\u2019int\u00e9rieur de l\u2019abat-jour. La source lumineuse DEL de l\u2019abat-jour est dissimul\u00e9e derri\u00e8re un diffuseur en acrylique opalescent en retrait pour un confort visuel optimal.","og_url":"https:\/\/luciolelighting.com\/fr\/produits\/tambour-12-2\/","og_site_name":"Luciole Lighting","article_modified_time":"2026-04-09T21:21:27+00:00","og_image":[{"width":2000,"height":2000,"url":"https:\/\/luciolelighting.com\/wp-content\/uploads\/2025\/08\/LUCIOLE_C_TAMBOUR_12_IMAGE_INIT_LR.jpg","type":"image\/jpeg"}],"twitter_card":"summary_large_image","twitter_misc":{"Estimation du temps de lecture":"1 minute"},"schema":{"@context":"https:\/\/schema.org","@graph":[{"@type":"WebPage","@id":"https:\/\/luciolelighting.com\/fr\/produits\/tambour-12-2\/","url":"https:\/\/luciolelighting.com\/fr\/produits\/tambour-12-2\/","name":"TAMBOUR 12 - Luciole Lighting","isPartOf":{"@id":"https:\/\/luciolelighting.com\/fr\/#website"},"primaryImageOfPage":{"@id":"https:\/\/luciolelighting.com\/fr\/produits\/tambour-12-2\/#primaryimage"},"image":{"@id":"https:\/\/luciolelighting.com\/fr\/produits\/tambour-12-2\/#primaryimage"},"thumbnailUrl":"https:\/\/luciolelighting.com\/wp-content\/uploads\/2025\/08\/LUCIOLE_C_TAMBOUR_12_IMAGE_INIT_LR.jpg","datePublished":"2025-08-08T14:55:53+00:00","dateModified":"2026-04-09T21:21:27+00:00","breadcrumb":{"@id":"https:\/\/luciolelighting.com\/fr\/produits\/tambour-12-2\/#breadcrumb"},"inLanguage":"fr-CA","potentialAction":[{"@type":"ReadAction","target":["https:\/\/luciolelighting.com\/fr\/produits\/tambour-12-2\/"]}]},{"@type":"ImageObject","inLanguage":"fr-CA","@id":"https:\/\/luciolelighting.com\/fr\/produits\/tambour-12-2\/#primaryimage","url":"https:\/\/luciolelighting.com\/wp-content\/uploads\/2025\/08\/LUCIOLE_C_TAMBOUR_12_IMAGE_INIT_LR.jpg","contentUrl":"https:\/\/luciolelighting.com\/wp-content\/uploads\/2025\/08\/LUCIOLE_C_TAMBOUR_12_IMAGE_INIT_LR.jpg","width":2000,"height":2000},{"@type":"BreadcrumbList","@id":"https:\/\/luciolelighting.com\/fr\/produits\/tambour-12-2\/#breadcrumb","itemListElement":[{"@type":"ListItem","position":1,"name":"Products","item":"https:\/\/luciolelighting.com\/products\/"},{"@type":"ListItem","position":2,"name":"TAMBOUR","item":"https:\/\/luciolelighting.com\/fr\/collection\/tambour-fr\/"},{"@type":"ListItem","position":3,"name":"TAMBOUR 12"}]},{"@type":"WebSite","@id":"https:\/\/luciolelighting.com\/fr\/#website","url":"https:\/\/luciolelighting.com\/fr\/","name":"Luciole Lighting","description":"","publisher":{"@id":"https:\/\/luciolelighting.com\/fr\/#organization"},"potentialAction":[{"@type":"SearchAction","target":{"@type":"EntryPoint","urlTemplate":"https:\/\/luciolelighting.com\/fr\/?s={search_term_string}"},"query-input":{"@type":"PropertyValueSpecification","valueRequired":true,"valueName":"search_term_string"}}],"inLanguage":"fr-CA"},{"@type":"Organization","@id":"https:\/\/luciolelighting.com\/fr\/#organization","name":"Luciole Lighting","url":"https:\/\/luciolelighting.com\/fr\/","logo":{"@type":"ImageObject","inLanguage":"fr-CA","@id":"https:\/\/luciolelighting.com\/fr\/#\/schema\/logo\/image\/","url":"https:\/\/luciolelighting.com\/wp-content\/uploads\/2020\/11\/logo-header.png","contentUrl":"https:\/\/luciolelighting.com\/wp-content\/uploads\/2020\/11\/logo-header.png","width":180,"height":55,"caption":"Luciole Lighting"},"image":{"@id":"https:\/\/luciolelighting.com\/fr\/#\/schema\/logo\/image\/"}}]}},"_links":{"self":[{"href":"https:\/\/luciolelighting.com\/fr\/wp-json\/wp\/v2\/product\/3732","targetHints":{"allow":["GET"]}}],"collection":[{"href":"https:\/\/luciolelighting.com\/fr\/wp-json\/wp\/v2\/product"}],"about":[{"href":"https:\/\/luciolelighting.com\/fr\/wp-json\/wp\/v2\/types\/product"}],"replies":[{"embeddable":true,"href":"https:\/\/luciolelighting.com\/fr\/wp-json\/wp\/v2\/comments?post=3732"}],"wp:featuredmedia":[{"embeddable":true,"href":"https:\/\/luciolelighting.com\/fr\/wp-json\/wp\/v2\/media\/3731"}],"wp:attachment":[{"href":"https:\/\/luciolelighting.com\/fr\/wp-json\/wp\/v2\/media?parent=3732"}],"wp:term":[{"taxonomy":"product_brand","embeddable":true,"href":"https:\/\/luciolelighting.com\/fr\/wp-json\/wp\/v2\/product_brand?post=3732"},{"taxonomy":"product_cat","embeddable":true,"href":"https:\/\/luciolelighting.com\/fr\/wp-json\/wp\/v2\/product_cat?post=3732"},{"taxonomy":"product_tag","embeddable":true,"href":"https:\/\/luciolelighting.com\/fr\/wp-json\/wp\/v2\/product_tag?post=3732"}],"curies":[{"name":"wp","href":"https:\/\/api.w.org\/{rel}","templated":true}]}}