{"id":3770,"date":"2025-08-08T14:55:51","date_gmt":"2025-08-08T14:55:51","guid":{"rendered":"https:\/\/luciolelighting.com\/?post_type=product&#038;p=3770"},"modified":"2025-08-13T21:50:41","modified_gmt":"2025-08-13T21:50:41","slug":"toto-round","status":"publish","type":"product","link":"https:\/\/luciolelighting.com\/fr\/produits\/toto-round\/","title":{"rendered":"TOTO ROUND"},"content":{"rendered":"<p><strong>Construction:<\/strong> Acier pli\u00e9 et usin\u00e9.<\/p>\n<p><strong>DEL:<\/strong> Module DEL avec une valeur de chromaticit\u00e9 obtenue \u00e0 partir d\u2019une ellipse MacAdam \u00e0 3 d\u00e9viations (SDCM 3). IRC standard de 90 minimum et plusieurs options de temp\u00e9ratures de couleurs.<\/p>\n<p><strong>Driver:<\/strong> Driver de grade commercial non-dimmable ou dimmable encastr\u00e9 offrant une gradation silencieuse et fluide. Offert avec les options de gradation \u00e0 2 fils Forward\/Reverse Phase ou 0-10V. Gradation 1%. Standard 120V-277V.<\/p>\n<p><strong>Homologations:<\/strong> cETLus pour le Canada et les \u00c9tats- Unis.<\/p>\n<p><strong>Poids:<\/strong> 3 lbs (1.37 kg)<\/p>\n<p><strong>Garantie:<\/strong> Garantie limit\u00e9e de 5 ans<\/p>\n","protected":false},"excerpt":{"rendered":"<p>Avec ses deux sources lumineuses dissimul\u00e9es \u00e0 faisceau d\u2019accentuation (35 degr\u00e9s), la collection Toto est parfaite pour cr\u00e9er un \u00e9clairage dramatique et fonctionnel. Elle est offerte en 2 mod\u00e8les de formes diff\u00e9rentes (Toto Round et Toto Square) en installation murale. Son mode d\u2019installation sans plaque d\u00e9corative traditionnelle (\u2018\u2019canopy\u2019\u2019) permet d\u2019obtenir un design simple et \u00e9pur\u00e9. \u00c9videmment, il faut suivre les instructions d\u2019installation et le tour est jou\u00e9.<\/p>\n","protected":false},"featured_media":3769,"comment_status":"open","ping_status":"closed","template":"","meta":{"_acf_changed":false},"product_brand":[],"product_cat":[366],"product_tag":[367],"class_list":{"0":"post-3770","1":"product","2":"type-product","3":"status-publish","4":"has-post-thumbnail","6":"product_cat-1022-dd-fr","7":"product_tag-toto-fr","9":"first","10":"instock","11":"shipping-taxable","12":"product-type-simple"},"acf":[],"yoast_head":"<!-- This site is optimized with the Yoast SEO plugin v26.9 - https:\/\/yoast.com\/product\/yoast-seo-wordpress\/ -->\n<title>TOTO ROUND - Luciole Lighting<\/title>\n<meta name=\"robots\" content=\"index, follow, max-snippet:-1, max-image-preview:large, max-video-preview:-1\" \/>\n<link rel=\"canonical\" href=\"https:\/\/luciolelighting.com\/fr\/produits\/toto-round\/\" \/>\n<meta property=\"og:locale\" content=\"fr_CA\" \/>\n<meta property=\"og:type\" content=\"article\" \/>\n<meta property=\"og:title\" content=\"TOTO ROUND - Luciole Lighting\" \/>\n<meta property=\"og:description\" content=\"Avec ses deux sources lumineuses dissimul\u00e9es \u00e0 faisceau d\u2019accentuation (35 degr\u00e9s), la collection Toto est parfaite pour cr\u00e9er un \u00e9clairage dramatique et fonctionnel. Elle est offerte en 2 mod\u00e8les de formes diff\u00e9rentes (Toto Round et Toto Square) en installation murale. Son mode d\u2019installation sans plaque d\u00e9corative traditionnelle (\u2018\u2019canopy\u2019\u2019) permet d\u2019obtenir un design simple et \u00e9pur\u00e9. \u00c9videmment, il faut suivre les instructions d\u2019installation et le tour est jou\u00e9.\" \/>\n<meta property=\"og:url\" content=\"https:\/\/luciolelighting.com\/fr\/produits\/toto-round\/\" \/>\n<meta property=\"og:site_name\" content=\"Luciole Lighting\" \/>\n<meta property=\"article:modified_time\" content=\"2025-08-13T21:50:41+00:00\" \/>\n<meta property=\"og:image\" content=\"https:\/\/luciolelighting.com\/wp-content\/uploads\/2025\/08\/LUCIOLE_W_TOTO_ROUND_INIT_LR.jpg\" \/>\n\t<meta property=\"og:image:width\" content=\"2000\" \/>\n\t<meta property=\"og:image:height\" content=\"2000\" \/>\n\t<meta property=\"og:image:type\" content=\"image\/jpeg\" \/>\n<meta name=\"twitter:card\" content=\"summary_large_image\" \/>\n<meta name=\"twitter:label1\" content=\"Estimation du temps de lecture\" \/>\n\t<meta name=\"twitter:data1\" content=\"1 minute\" \/>\n<script type=\"application\/ld+json\" class=\"yoast-schema-graph\">{\"@context\":\"https:\/\/schema.org\",\"@graph\":[{\"@type\":\"WebPage\",\"@id\":\"https:\/\/luciolelighting.com\/fr\/produits\/toto-round\/\",\"url\":\"https:\/\/luciolelighting.com\/fr\/produits\/toto-round\/\",\"name\":\"TOTO ROUND - Luciole Lighting\",\"isPartOf\":{\"@id\":\"https:\/\/luciolelighting.com\/fr\/#website\"},\"primaryImageOfPage\":{\"@id\":\"https:\/\/luciolelighting.com\/fr\/produits\/toto-round\/#primaryimage\"},\"image\":{\"@id\":\"https:\/\/luciolelighting.com\/fr\/produits\/toto-round\/#primaryimage\"},\"thumbnailUrl\":\"https:\/\/luciolelighting.com\/wp-content\/uploads\/2025\/08\/LUCIOLE_W_TOTO_ROUND_INIT_LR.jpg\",\"datePublished\":\"2025-08-08T14:55:51+00:00\",\"dateModified\":\"2025-08-13T21:50:41+00:00\",\"breadcrumb\":{\"@id\":\"https:\/\/luciolelighting.com\/fr\/produits\/toto-round\/#breadcrumb\"},\"inLanguage\":\"fr-CA\",\"potentialAction\":[{\"@type\":\"ReadAction\",\"target\":[\"https:\/\/luciolelighting.com\/fr\/produits\/toto-round\/\"]}]},{\"@type\":\"ImageObject\",\"inLanguage\":\"fr-CA\",\"@id\":\"https:\/\/luciolelighting.com\/fr\/produits\/toto-round\/#primaryimage\",\"url\":\"https:\/\/luciolelighting.com\/wp-content\/uploads\/2025\/08\/LUCIOLE_W_TOTO_ROUND_INIT_LR.jpg\",\"contentUrl\":\"https:\/\/luciolelighting.com\/wp-content\/uploads\/2025\/08\/LUCIOLE_W_TOTO_ROUND_INIT_LR.jpg\",\"width\":2000,\"height\":2000},{\"@type\":\"BreadcrumbList\",\"@id\":\"https:\/\/luciolelighting.com\/fr\/produits\/toto-round\/#breadcrumb\",\"itemListElement\":[{\"@type\":\"ListItem\",\"position\":1,\"name\":\"Products\",\"item\":\"https:\/\/luciolelighting.com\/products\/\"},{\"@type\":\"ListItem\",\"position\":2,\"name\":\"TOTO\",\"item\":\"https:\/\/luciolelighting.com\/fr\/collection\/toto-fr\/\"},{\"@type\":\"ListItem\",\"position\":3,\"name\":\"TOTO ROUND\"}]},{\"@type\":\"WebSite\",\"@id\":\"https:\/\/luciolelighting.com\/fr\/#website\",\"url\":\"https:\/\/luciolelighting.com\/fr\/\",\"name\":\"Luciole Lighting\",\"description\":\"\",\"publisher\":{\"@id\":\"https:\/\/luciolelighting.com\/fr\/#organization\"},\"potentialAction\":[{\"@type\":\"SearchAction\",\"target\":{\"@type\":\"EntryPoint\",\"urlTemplate\":\"https:\/\/luciolelighting.com\/fr\/?s={search_term_string}\"},\"query-input\":{\"@type\":\"PropertyValueSpecification\",\"valueRequired\":true,\"valueName\":\"search_term_string\"}}],\"inLanguage\":\"fr-CA\"},{\"@type\":\"Organization\",\"@id\":\"https:\/\/luciolelighting.com\/fr\/#organization\",\"name\":\"Luciole Lighting\",\"url\":\"https:\/\/luciolelighting.com\/fr\/\",\"logo\":{\"@type\":\"ImageObject\",\"inLanguage\":\"fr-CA\",\"@id\":\"https:\/\/luciolelighting.com\/fr\/#\/schema\/logo\/image\/\",\"url\":\"https:\/\/luciolelighting.com\/wp-content\/uploads\/2020\/11\/logo-header.png\",\"contentUrl\":\"https:\/\/luciolelighting.com\/wp-content\/uploads\/2020\/11\/logo-header.png\",\"width\":180,\"height\":55,\"caption\":\"Luciole Lighting\"},\"image\":{\"@id\":\"https:\/\/luciolelighting.com\/fr\/#\/schema\/logo\/image\/\"}}]}<\/script>\n<!-- \/ Yoast SEO plugin. -->","yoast_head_json":{"title":"TOTO ROUND - Luciole Lighting","robots":{"index":"index","follow":"follow","max-snippet":"max-snippet:-1","max-image-preview":"max-image-preview:large","max-video-preview":"max-video-preview:-1"},"canonical":"https:\/\/luciolelighting.com\/fr\/produits\/toto-round\/","og_locale":"fr_CA","og_type":"article","og_title":"TOTO ROUND - Luciole Lighting","og_description":"Avec ses deux sources lumineuses dissimul\u00e9es \u00e0 faisceau d\u2019accentuation (35 degr\u00e9s), la collection Toto est parfaite pour cr\u00e9er un \u00e9clairage dramatique et fonctionnel. Elle est offerte en 2 mod\u00e8les de formes diff\u00e9rentes (Toto Round et Toto Square) en installation murale. Son mode d\u2019installation sans plaque d\u00e9corative traditionnelle (\u2018\u2019canopy\u2019\u2019) permet d\u2019obtenir un design simple et \u00e9pur\u00e9. \u00c9videmment, il faut suivre les instructions d\u2019installation et le tour est jou\u00e9.","og_url":"https:\/\/luciolelighting.com\/fr\/produits\/toto-round\/","og_site_name":"Luciole Lighting","article_modified_time":"2025-08-13T21:50:41+00:00","og_image":[{"width":2000,"height":2000,"url":"https:\/\/luciolelighting.com\/wp-content\/uploads\/2025\/08\/LUCIOLE_W_TOTO_ROUND_INIT_LR.jpg","type":"image\/jpeg"}],"twitter_card":"summary_large_image","twitter_misc":{"Estimation du temps de lecture":"1 minute"},"schema":{"@context":"https:\/\/schema.org","@graph":[{"@type":"WebPage","@id":"https:\/\/luciolelighting.com\/fr\/produits\/toto-round\/","url":"https:\/\/luciolelighting.com\/fr\/produits\/toto-round\/","name":"TOTO ROUND - Luciole Lighting","isPartOf":{"@id":"https:\/\/luciolelighting.com\/fr\/#website"},"primaryImageOfPage":{"@id":"https:\/\/luciolelighting.com\/fr\/produits\/toto-round\/#primaryimage"},"image":{"@id":"https:\/\/luciolelighting.com\/fr\/produits\/toto-round\/#primaryimage"},"thumbnailUrl":"https:\/\/luciolelighting.com\/wp-content\/uploads\/2025\/08\/LUCIOLE_W_TOTO_ROUND_INIT_LR.jpg","datePublished":"2025-08-08T14:55:51+00:00","dateModified":"2025-08-13T21:50:41+00:00","breadcrumb":{"@id":"https:\/\/luciolelighting.com\/fr\/produits\/toto-round\/#breadcrumb"},"inLanguage":"fr-CA","potentialAction":[{"@type":"ReadAction","target":["https:\/\/luciolelighting.com\/fr\/produits\/toto-round\/"]}]},{"@type":"ImageObject","inLanguage":"fr-CA","@id":"https:\/\/luciolelighting.com\/fr\/produits\/toto-round\/#primaryimage","url":"https:\/\/luciolelighting.com\/wp-content\/uploads\/2025\/08\/LUCIOLE_W_TOTO_ROUND_INIT_LR.jpg","contentUrl":"https:\/\/luciolelighting.com\/wp-content\/uploads\/2025\/08\/LUCIOLE_W_TOTO_ROUND_INIT_LR.jpg","width":2000,"height":2000},{"@type":"BreadcrumbList","@id":"https:\/\/luciolelighting.com\/fr\/produits\/toto-round\/#breadcrumb","itemListElement":[{"@type":"ListItem","position":1,"name":"Products","item":"https:\/\/luciolelighting.com\/products\/"},{"@type":"ListItem","position":2,"name":"TOTO","item":"https:\/\/luciolelighting.com\/fr\/collection\/toto-fr\/"},{"@type":"ListItem","position":3,"name":"TOTO ROUND"}]},{"@type":"WebSite","@id":"https:\/\/luciolelighting.com\/fr\/#website","url":"https:\/\/luciolelighting.com\/fr\/","name":"Luciole Lighting","description":"","publisher":{"@id":"https:\/\/luciolelighting.com\/fr\/#organization"},"potentialAction":[{"@type":"SearchAction","target":{"@type":"EntryPoint","urlTemplate":"https:\/\/luciolelighting.com\/fr\/?s={search_term_string}"},"query-input":{"@type":"PropertyValueSpecification","valueRequired":true,"valueName":"search_term_string"}}],"inLanguage":"fr-CA"},{"@type":"Organization","@id":"https:\/\/luciolelighting.com\/fr\/#organization","name":"Luciole Lighting","url":"https:\/\/luciolelighting.com\/fr\/","logo":{"@type":"ImageObject","inLanguage":"fr-CA","@id":"https:\/\/luciolelighting.com\/fr\/#\/schema\/logo\/image\/","url":"https:\/\/luciolelighting.com\/wp-content\/uploads\/2020\/11\/logo-header.png","contentUrl":"https:\/\/luciolelighting.com\/wp-content\/uploads\/2020\/11\/logo-header.png","width":180,"height":55,"caption":"Luciole Lighting"},"image":{"@id":"https:\/\/luciolelighting.com\/fr\/#\/schema\/logo\/image\/"}}]}},"_links":{"self":[{"href":"https:\/\/luciolelighting.com\/fr\/wp-json\/wp\/v2\/product\/3770","targetHints":{"allow":["GET"]}}],"collection":[{"href":"https:\/\/luciolelighting.com\/fr\/wp-json\/wp\/v2\/product"}],"about":[{"href":"https:\/\/luciolelighting.com\/fr\/wp-json\/wp\/v2\/types\/product"}],"replies":[{"embeddable":true,"href":"https:\/\/luciolelighting.com\/fr\/wp-json\/wp\/v2\/comments?post=3770"}],"wp:featuredmedia":[{"embeddable":true,"href":"https:\/\/luciolelighting.com\/fr\/wp-json\/wp\/v2\/media\/3769"}],"wp:attachment":[{"href":"https:\/\/luciolelighting.com\/fr\/wp-json\/wp\/v2\/media?parent=3770"}],"wp:term":[{"taxonomy":"product_brand","embeddable":true,"href":"https:\/\/luciolelighting.com\/fr\/wp-json\/wp\/v2\/product_brand?post=3770"},{"taxonomy":"product_cat","embeddable":true,"href":"https:\/\/luciolelighting.com\/fr\/wp-json\/wp\/v2\/product_cat?post=3770"},{"taxonomy":"product_tag","embeddable":true,"href":"https:\/\/luciolelighting.com\/fr\/wp-json\/wp\/v2\/product_tag?post=3770"}],"curies":[{"name":"wp","href":"https:\/\/api.w.org\/{rel}","templated":true}]}}