{"id":3944,"date":"2025-11-17T14:45:46","date_gmt":"2025-11-17T14:45:46","guid":{"rendered":"https:\/\/luciolelighting.com\/?post_type=product&#038;p=3944"},"modified":"2025-11-17T14:46:33","modified_gmt":"2025-11-17T14:46:33","slug":"dome-24","status":"publish","type":"product","link":"https:\/\/luciolelighting.com\/fr\/produits\/dome-24\/","title":{"rendered":"D\u00d4ME 24"},"content":{"rendered":"<p><strong> Construction<\/strong>: Structure en aluminium repouss\u00e9 et\/ou usin\u00e9 avec un diffuseur en acrylique translucide blanc.<\/p>\n<p><strong>DEL<\/strong>: Module DEL avec une valeur de chromaticit\u00e9 obtenue \u00e0 partir d\u2019une ellipse MacAdam \u00e0 3 d\u00e9viations (SDCM 3). IRC standard de 90 minimum et plusieurs options de temp\u00e9ratures de couleurs.<\/p>\n<p><strong>Driver<\/strong>: Driver de grade commercial offrant une gradation silencieuse et fluide. Offert avec les options de gradation \u00e0 2 fils Forward\/Reverse Phase ou 0-10V. Gradation 1%. Standard 120V-277V.<\/p>\n<p><strong>Homologations<\/strong>: cETLus pour le Canada et les \u00c9tats- Unis.<\/p>\n<p><strong>Poids<\/strong>: 11 lbs (5 kg)<\/p>\n<p><strong>Garantie<\/strong>: Garantie limit\u00e9e de 5 ans.<\/p>\n","protected":false},"excerpt":{"rendered":"<p>En continuit\u00e9 avec l\u2019usage de formes g\u00e9om\u00e9triques simples et intemporelles, la collection D\u00f4me vient s\u2019ajouter comme un \u00e9l\u00e9ment cr\u00e9atif incontournable. Elle est offerte dans diff\u00e9rents formats et avec diff\u00e9rents diffuseurs compl\u00e9mentaires comme le globe en verre souffl\u00e9 blanc et l\u2019abat-jour en tissu ou en papier japonais lamin\u00e9s. Il est aussi possible de combiner diff\u00e9rentes couleurs int\u00e9rieures et ext\u00e9rieures du diffuseur m\u00e9tallique.<\/p>\n","protected":false},"featured_media":3937,"comment_status":"open","ping_status":"closed","template":"","meta":{"_acf_changed":false},"product_brand":[],"product_cat":[379],"product_tag":[326],"class_list":{"0":"post-3944","1":"product","2":"type-product","3":"status-publish","4":"has-post-thumbnail","6":"product_cat-1026-pendant-24d","7":"product_tag-dome-fr","9":"first","10":"instock","11":"shipping-taxable","12":"product-type-simple"},"acf":[],"yoast_head":"<!-- This site is optimized with the Yoast SEO plugin v26.9 - https:\/\/yoast.com\/product\/yoast-seo-wordpress\/ -->\n<title>D\u00d4ME 24 - Luciole Lighting<\/title>\n<meta name=\"robots\" content=\"index, follow, max-snippet:-1, max-image-preview:large, max-video-preview:-1\" \/>\n<link rel=\"canonical\" href=\"https:\/\/luciolelighting.com\/fr\/produits\/dome-24\/\" \/>\n<meta property=\"og:locale\" content=\"fr_CA\" \/>\n<meta property=\"og:type\" content=\"article\" \/>\n<meta property=\"og:title\" content=\"D\u00d4ME 24 - Luciole Lighting\" \/>\n<meta property=\"og:description\" content=\"En continuit\u00e9 avec l\u2019usage de formes g\u00e9om\u00e9triques simples et intemporelles, la collection D\u00f4me vient s\u2019ajouter comme un \u00e9l\u00e9ment cr\u00e9atif incontournable. Elle est offerte dans diff\u00e9rents formats et avec diff\u00e9rents diffuseurs compl\u00e9mentaires comme le globe en verre souffl\u00e9 blanc et l\u2019abat-jour en tissu ou en papier japonais lamin\u00e9s. Il est aussi possible de combiner diff\u00e9rentes couleurs int\u00e9rieures et ext\u00e9rieures du diffuseur m\u00e9tallique.\" \/>\n<meta property=\"og:url\" content=\"https:\/\/luciolelighting.com\/fr\/produits\/dome-24\/\" \/>\n<meta property=\"og:site_name\" content=\"Luciole Lighting\" \/>\n<meta property=\"article:modified_time\" content=\"2025-11-17T14:46:33+00:00\" \/>\n<meta property=\"og:image\" content=\"https:\/\/luciolelighting.com\/wp-content\/uploads\/2025\/11\/LUCIOLE_P_DOME_24_IMAGE_INIT_LR.webp\" \/>\n\t<meta property=\"og:image:width\" content=\"1500\" \/>\n\t<meta property=\"og:image:height\" content=\"1500\" \/>\n\t<meta property=\"og:image:type\" content=\"image\/webp\" \/>\n<meta name=\"twitter:card\" content=\"summary_large_image\" \/>\n<meta name=\"twitter:label1\" content=\"Estimation du temps de lecture\" \/>\n\t<meta name=\"twitter:data1\" content=\"1 minute\" \/>\n<script type=\"application\/ld+json\" class=\"yoast-schema-graph\">{\"@context\":\"https:\/\/schema.org\",\"@graph\":[{\"@type\":\"WebPage\",\"@id\":\"https:\/\/luciolelighting.com\/fr\/produits\/dome-24\/\",\"url\":\"https:\/\/luciolelighting.com\/fr\/produits\/dome-24\/\",\"name\":\"D\u00d4ME 24 - Luciole Lighting\",\"isPartOf\":{\"@id\":\"https:\/\/luciolelighting.com\/fr\/#website\"},\"primaryImageOfPage\":{\"@id\":\"https:\/\/luciolelighting.com\/fr\/produits\/dome-24\/#primaryimage\"},\"image\":{\"@id\":\"https:\/\/luciolelighting.com\/fr\/produits\/dome-24\/#primaryimage\"},\"thumbnailUrl\":\"https:\/\/luciolelighting.com\/wp-content\/uploads\/2025\/11\/LUCIOLE_P_DOME_24_IMAGE_INIT_LR.webp\",\"datePublished\":\"2025-11-17T14:45:46+00:00\",\"dateModified\":\"2025-11-17T14:46:33+00:00\",\"breadcrumb\":{\"@id\":\"https:\/\/luciolelighting.com\/fr\/produits\/dome-24\/#breadcrumb\"},\"inLanguage\":\"fr-CA\",\"potentialAction\":[{\"@type\":\"ReadAction\",\"target\":[\"https:\/\/luciolelighting.com\/fr\/produits\/dome-24\/\"]}]},{\"@type\":\"ImageObject\",\"inLanguage\":\"fr-CA\",\"@id\":\"https:\/\/luciolelighting.com\/fr\/produits\/dome-24\/#primaryimage\",\"url\":\"https:\/\/luciolelighting.com\/wp-content\/uploads\/2025\/11\/LUCIOLE_P_DOME_24_IMAGE_INIT_LR.webp\",\"contentUrl\":\"https:\/\/luciolelighting.com\/wp-content\/uploads\/2025\/11\/LUCIOLE_P_DOME_24_IMAGE_INIT_LR.webp\",\"width\":1500,\"height\":1500},{\"@type\":\"BreadcrumbList\",\"@id\":\"https:\/\/luciolelighting.com\/fr\/produits\/dome-24\/#breadcrumb\",\"itemListElement\":[{\"@type\":\"ListItem\",\"position\":1,\"name\":\"Products\",\"item\":\"https:\/\/luciolelighting.com\/products\/\"},{\"@type\":\"ListItem\",\"position\":2,\"name\":\"D\u00d4ME\",\"item\":\"https:\/\/luciolelighting.com\/fr\/collection\/dome-fr\/\"},{\"@type\":\"ListItem\",\"position\":3,\"name\":\"D\u00d4ME 24\"}]},{\"@type\":\"WebSite\",\"@id\":\"https:\/\/luciolelighting.com\/fr\/#website\",\"url\":\"https:\/\/luciolelighting.com\/fr\/\",\"name\":\"Luciole Lighting\",\"description\":\"\",\"publisher\":{\"@id\":\"https:\/\/luciolelighting.com\/fr\/#organization\"},\"potentialAction\":[{\"@type\":\"SearchAction\",\"target\":{\"@type\":\"EntryPoint\",\"urlTemplate\":\"https:\/\/luciolelighting.com\/fr\/?s={search_term_string}\"},\"query-input\":{\"@type\":\"PropertyValueSpecification\",\"valueRequired\":true,\"valueName\":\"search_term_string\"}}],\"inLanguage\":\"fr-CA\"},{\"@type\":\"Organization\",\"@id\":\"https:\/\/luciolelighting.com\/fr\/#organization\",\"name\":\"Luciole Lighting\",\"url\":\"https:\/\/luciolelighting.com\/fr\/\",\"logo\":{\"@type\":\"ImageObject\",\"inLanguage\":\"fr-CA\",\"@id\":\"https:\/\/luciolelighting.com\/fr\/#\/schema\/logo\/image\/\",\"url\":\"https:\/\/luciolelighting.com\/wp-content\/uploads\/2020\/11\/logo-header.png\",\"contentUrl\":\"https:\/\/luciolelighting.com\/wp-content\/uploads\/2020\/11\/logo-header.png\",\"width\":180,\"height\":55,\"caption\":\"Luciole Lighting\"},\"image\":{\"@id\":\"https:\/\/luciolelighting.com\/fr\/#\/schema\/logo\/image\/\"}}]}<\/script>\n<!-- \/ Yoast SEO plugin. -->","yoast_head_json":{"title":"D\u00d4ME 24 - Luciole Lighting","robots":{"index":"index","follow":"follow","max-snippet":"max-snippet:-1","max-image-preview":"max-image-preview:large","max-video-preview":"max-video-preview:-1"},"canonical":"https:\/\/luciolelighting.com\/fr\/produits\/dome-24\/","og_locale":"fr_CA","og_type":"article","og_title":"D\u00d4ME 24 - Luciole Lighting","og_description":"En continuit\u00e9 avec l\u2019usage de formes g\u00e9om\u00e9triques simples et intemporelles, la collection D\u00f4me vient s\u2019ajouter comme un \u00e9l\u00e9ment cr\u00e9atif incontournable. Elle est offerte dans diff\u00e9rents formats et avec diff\u00e9rents diffuseurs compl\u00e9mentaires comme le globe en verre souffl\u00e9 blanc et l\u2019abat-jour en tissu ou en papier japonais lamin\u00e9s. Il est aussi possible de combiner diff\u00e9rentes couleurs int\u00e9rieures et ext\u00e9rieures du diffuseur m\u00e9tallique.","og_url":"https:\/\/luciolelighting.com\/fr\/produits\/dome-24\/","og_site_name":"Luciole Lighting","article_modified_time":"2025-11-17T14:46:33+00:00","og_image":[{"width":1500,"height":1500,"url":"https:\/\/luciolelighting.com\/wp-content\/uploads\/2025\/11\/LUCIOLE_P_DOME_24_IMAGE_INIT_LR.webp","type":"image\/webp"}],"twitter_card":"summary_large_image","twitter_misc":{"Estimation du temps de lecture":"1 minute"},"schema":{"@context":"https:\/\/schema.org","@graph":[{"@type":"WebPage","@id":"https:\/\/luciolelighting.com\/fr\/produits\/dome-24\/","url":"https:\/\/luciolelighting.com\/fr\/produits\/dome-24\/","name":"D\u00d4ME 24 - Luciole Lighting","isPartOf":{"@id":"https:\/\/luciolelighting.com\/fr\/#website"},"primaryImageOfPage":{"@id":"https:\/\/luciolelighting.com\/fr\/produits\/dome-24\/#primaryimage"},"image":{"@id":"https:\/\/luciolelighting.com\/fr\/produits\/dome-24\/#primaryimage"},"thumbnailUrl":"https:\/\/luciolelighting.com\/wp-content\/uploads\/2025\/11\/LUCIOLE_P_DOME_24_IMAGE_INIT_LR.webp","datePublished":"2025-11-17T14:45:46+00:00","dateModified":"2025-11-17T14:46:33+00:00","breadcrumb":{"@id":"https:\/\/luciolelighting.com\/fr\/produits\/dome-24\/#breadcrumb"},"inLanguage":"fr-CA","potentialAction":[{"@type":"ReadAction","target":["https:\/\/luciolelighting.com\/fr\/produits\/dome-24\/"]}]},{"@type":"ImageObject","inLanguage":"fr-CA","@id":"https:\/\/luciolelighting.com\/fr\/produits\/dome-24\/#primaryimage","url":"https:\/\/luciolelighting.com\/wp-content\/uploads\/2025\/11\/LUCIOLE_P_DOME_24_IMAGE_INIT_LR.webp","contentUrl":"https:\/\/luciolelighting.com\/wp-content\/uploads\/2025\/11\/LUCIOLE_P_DOME_24_IMAGE_INIT_LR.webp","width":1500,"height":1500},{"@type":"BreadcrumbList","@id":"https:\/\/luciolelighting.com\/fr\/produits\/dome-24\/#breadcrumb","itemListElement":[{"@type":"ListItem","position":1,"name":"Products","item":"https:\/\/luciolelighting.com\/products\/"},{"@type":"ListItem","position":2,"name":"D\u00d4ME","item":"https:\/\/luciolelighting.com\/fr\/collection\/dome-fr\/"},{"@type":"ListItem","position":3,"name":"D\u00d4ME 24"}]},{"@type":"WebSite","@id":"https:\/\/luciolelighting.com\/fr\/#website","url":"https:\/\/luciolelighting.com\/fr\/","name":"Luciole Lighting","description":"","publisher":{"@id":"https:\/\/luciolelighting.com\/fr\/#organization"},"potentialAction":[{"@type":"SearchAction","target":{"@type":"EntryPoint","urlTemplate":"https:\/\/luciolelighting.com\/fr\/?s={search_term_string}"},"query-input":{"@type":"PropertyValueSpecification","valueRequired":true,"valueName":"search_term_string"}}],"inLanguage":"fr-CA"},{"@type":"Organization","@id":"https:\/\/luciolelighting.com\/fr\/#organization","name":"Luciole Lighting","url":"https:\/\/luciolelighting.com\/fr\/","logo":{"@type":"ImageObject","inLanguage":"fr-CA","@id":"https:\/\/luciolelighting.com\/fr\/#\/schema\/logo\/image\/","url":"https:\/\/luciolelighting.com\/wp-content\/uploads\/2020\/11\/logo-header.png","contentUrl":"https:\/\/luciolelighting.com\/wp-content\/uploads\/2020\/11\/logo-header.png","width":180,"height":55,"caption":"Luciole Lighting"},"image":{"@id":"https:\/\/luciolelighting.com\/fr\/#\/schema\/logo\/image\/"}}]}},"_links":{"self":[{"href":"https:\/\/luciolelighting.com\/fr\/wp-json\/wp\/v2\/product\/3944","targetHints":{"allow":["GET"]}}],"collection":[{"href":"https:\/\/luciolelighting.com\/fr\/wp-json\/wp\/v2\/product"}],"about":[{"href":"https:\/\/luciolelighting.com\/fr\/wp-json\/wp\/v2\/types\/product"}],"replies":[{"embeddable":true,"href":"https:\/\/luciolelighting.com\/fr\/wp-json\/wp\/v2\/comments?post=3944"}],"wp:featuredmedia":[{"embeddable":true,"href":"https:\/\/luciolelighting.com\/fr\/wp-json\/wp\/v2\/media\/3937"}],"wp:attachment":[{"href":"https:\/\/luciolelighting.com\/fr\/wp-json\/wp\/v2\/media?parent=3944"}],"wp:term":[{"taxonomy":"product_brand","embeddable":true,"href":"https:\/\/luciolelighting.com\/fr\/wp-json\/wp\/v2\/product_brand?post=3944"},{"taxonomy":"product_cat","embeddable":true,"href":"https:\/\/luciolelighting.com\/fr\/wp-json\/wp\/v2\/product_cat?post=3944"},{"taxonomy":"product_tag","embeddable":true,"href":"https:\/\/luciolelighting.com\/fr\/wp-json\/wp\/v2\/product_tag?post=3944"}],"curies":[{"name":"wp","href":"https:\/\/api.w.org\/{rel}","templated":true}]}}