{"id":4054,"date":"2026-04-10T18:14:25","date_gmt":"2026-04-10T18:14:25","guid":{"rendered":"https:\/\/luciolelighting.com\/products\/crayon\/"},"modified":"2026-04-17T14:49:40","modified_gmt":"2026-04-17T14:49:40","slug":"crayon","status":"publish","type":"product","link":"https:\/\/luciolelighting.com\/fr\/produits\/crayon\/","title":{"rendered":"CRAYON"},"content":{"rendered":"<p><strong>Construction :<\/strong> Aluminium usin\u00e9 avec verre borosilicate clair et diffuseur optique givr\u00e9 interne.<\/p>\n<p><strong>DEL :<\/strong> Module DEL avec une valeur de chromaticit\u00e9 obtenue \u00e0 partir d\u2019une ellipse MacAdam \u00e0 3 d\u00e9viations (SDCM 3). IRC standard de 90 minimum et plusieurs options de temp\u00e9ratures de couleurs.<\/p>\n<p><strong>Driver :<\/strong> Driver de grade commercial offrant une gradation silencieuse et fluide. Offert avec les options de gradation \u00e0 2 fils Forward\/Reverse Phase ou 0-10V. Gradation 1%. Standard 120V-277V.<\/p>\n<p><strong>Homologations :<\/strong> cETLus pour le Canada et les \u00c9tats-Unis.<\/p>\n<p><strong>Poids :<\/strong> 40\u2019\u2019: 3.8 Lbs (1.72 kg) ; 64\u2019\u2019: 6.25 Lbs (2.83 kg)<\/p>\n<p><strong>\u00a0Garantie :<\/strong> Garantie limit\u00e9e de 5 ans.<\/p>\n","protected":false},"excerpt":{"rendered":"<p>Il y a quelque chose de magique qui se produit quand nous voyons une lumi\u00e8re traverser une surface de verre en relief. C\u2019est aussi ce qui se produit quand nous regardons le verre illumin\u00e9 de la collection Crayon.<\/p>\n<p>Fait de verre de borosilicate clair, le diffuseur fl\u00fbt\u00e9 de la collection nous rappelle cet objet classique qu\u2019est le crayon \u00e0 mine en bois que nous avons tous manipul\u00e9 \u00e0 diff\u00e9rentes p\u00e9riodes de notre vie pour \u00e9crire ou dessiner. Bien que son usage ne soit plus aussi fr\u00e9quent depuis l\u2019arriv\u00e9e des diff\u00e9rents outils modernes, cet objet restera \u00e0 toujours grav\u00e9 dans notre m\u00e9moire. C\u2019est donc la forme de ce verre fl\u00fbt\u00e9 qui a inspir\u00e9 le nom et le design de la collection Crayon.<\/p>\n<p>Disponibles en longueurs de 40\u2019\u2019 et 64\u2019\u2019 ou sur mesure, les mod\u00e8les de la collection sont aussi offerts dans plusieurs configurations standards ou sur mesure qui vous permettent de cr\u00e9er diff\u00e9rentes ambiances avec une touche d\u2019\u00e9clat. Aussi offerts dans les couleurs et finis standards, optionnels ou sur-mesure, les embouts l\u00e9g\u00e8rement bomb\u00e9s sont disponibles en laiton massif bross\u00e9 si jamais vous ressentez le besoin d\u2019ajouter une touche contrastante avec le reste de la structure du luminaire.<\/p>\n","protected":false},"featured_media":4040,"comment_status":"open","ping_status":"closed","template":"","meta":{"_acf_changed":false},"product_brand":[],"product_cat":[390],"product_tag":[388],"class_list":{"0":"post-4054","1":"product","2":"type-product","3":"status-publish","4":"has-post-thumbnail","6":"product_cat-1004-suspendu-40","7":"product_tag-crayon-fr","9":"first","10":"instock","11":"shipping-taxable","12":"product-type-simple"},"acf":[],"yoast_head":"<!-- This site is optimized with the Yoast SEO plugin v26.9 - https:\/\/yoast.com\/product\/yoast-seo-wordpress\/ -->\n<title>CRAYON - Luciole Lighting<\/title>\n<meta name=\"robots\" content=\"index, follow, max-snippet:-1, max-image-preview:large, max-video-preview:-1\" \/>\n<link rel=\"canonical\" href=\"https:\/\/luciolelighting.com\/fr\/produits\/crayon\/\" \/>\n<meta property=\"og:locale\" content=\"fr_CA\" \/>\n<meta property=\"og:type\" content=\"article\" \/>\n<meta property=\"og:title\" content=\"CRAYON - Luciole Lighting\" \/>\n<meta property=\"og:description\" content=\"Il y a quelque chose de magique qui se produit quand nous voyons une lumi\u00e8re traverser une surface de verre en relief. C\u2019est aussi ce qui se produit quand nous regardons le verre illumin\u00e9 de la collection Crayon.  Fait de verre de borosilicate clair, le diffuseur fl\u00fbt\u00e9 de la collection nous rappelle cet objet classique qu\u2019est le crayon \u00e0 mine en bois que nous avons tous manipul\u00e9 \u00e0 diff\u00e9rentes p\u00e9riodes de notre vie pour \u00e9crire ou dessiner. Bien que son usage ne soit plus aussi fr\u00e9quent depuis l\u2019arriv\u00e9e des diff\u00e9rents outils modernes, cet objet restera \u00e0 toujours grav\u00e9 dans notre m\u00e9moire. C\u2019est donc la forme de ce verre fl\u00fbt\u00e9 qui a inspir\u00e9 le nom et le design de la collection Crayon.  Disponibles en longueurs de 40\u2019\u2019 et 64\u2019\u2019 ou sur mesure, les mod\u00e8les de la collection sont aussi offerts dans plusieurs configurations standards ou sur mesure qui vous permettent de cr\u00e9er diff\u00e9rentes ambiances avec une touche d\u2019\u00e9clat. Aussi offerts dans les couleurs et finis standards, optionnels ou sur-mesure, les embouts l\u00e9g\u00e8rement bomb\u00e9s sont disponibles en laiton massif bross\u00e9 si jamais vous ressentez le besoin d\u2019ajouter une touche contrastante avec le reste de la structure du luminaire.\" \/>\n<meta property=\"og:url\" content=\"https:\/\/luciolelighting.com\/fr\/produits\/crayon\/\" \/>\n<meta property=\"og:site_name\" content=\"Luciole Lighting\" \/>\n<meta property=\"article:modified_time\" content=\"2026-04-17T14:49:40+00:00\" \/>\n<meta property=\"og:image\" content=\"https:\/\/luciolelighting.com\/wp-content\/uploads\/2026\/04\/LUCIOLE_P_CRAYON_INIT_LR.webp\" \/>\n\t<meta property=\"og:image:width\" content=\"1400\" \/>\n\t<meta property=\"og:image:height\" content=\"1400\" \/>\n\t<meta property=\"og:image:type\" content=\"image\/webp\" \/>\n<meta name=\"twitter:card\" content=\"summary_large_image\" \/>\n<meta name=\"twitter:label1\" content=\"Estimation du temps de lecture\" \/>\n\t<meta name=\"twitter:data1\" content=\"1 minute\" \/>\n<script type=\"application\/ld+json\" class=\"yoast-schema-graph\">{\"@context\":\"https:\/\/schema.org\",\"@graph\":[{\"@type\":\"WebPage\",\"@id\":\"https:\/\/luciolelighting.com\/fr\/produits\/crayon\/\",\"url\":\"https:\/\/luciolelighting.com\/fr\/produits\/crayon\/\",\"name\":\"CRAYON - Luciole Lighting\",\"isPartOf\":{\"@id\":\"https:\/\/luciolelighting.com\/fr\/#website\"},\"primaryImageOfPage\":{\"@id\":\"https:\/\/luciolelighting.com\/fr\/produits\/crayon\/#primaryimage\"},\"image\":{\"@id\":\"https:\/\/luciolelighting.com\/fr\/produits\/crayon\/#primaryimage\"},\"thumbnailUrl\":\"https:\/\/luciolelighting.com\/wp-content\/uploads\/2026\/04\/LUCIOLE_P_CRAYON_INIT_LR.webp\",\"datePublished\":\"2026-04-10T18:14:25+00:00\",\"dateModified\":\"2026-04-17T14:49:40+00:00\",\"breadcrumb\":{\"@id\":\"https:\/\/luciolelighting.com\/fr\/produits\/crayon\/#breadcrumb\"},\"inLanguage\":\"fr-CA\",\"potentialAction\":[{\"@type\":\"ReadAction\",\"target\":[\"https:\/\/luciolelighting.com\/fr\/produits\/crayon\/\"]}]},{\"@type\":\"ImageObject\",\"inLanguage\":\"fr-CA\",\"@id\":\"https:\/\/luciolelighting.com\/fr\/produits\/crayon\/#primaryimage\",\"url\":\"https:\/\/luciolelighting.com\/wp-content\/uploads\/2026\/04\/LUCIOLE_P_CRAYON_INIT_LR.webp\",\"contentUrl\":\"https:\/\/luciolelighting.com\/wp-content\/uploads\/2026\/04\/LUCIOLE_P_CRAYON_INIT_LR.webp\",\"width\":1400,\"height\":1400},{\"@type\":\"BreadcrumbList\",\"@id\":\"https:\/\/luciolelighting.com\/fr\/produits\/crayon\/#breadcrumb\",\"itemListElement\":[{\"@type\":\"ListItem\",\"position\":1,\"name\":\"Products\",\"item\":\"https:\/\/luciolelighting.com\/products\/\"},{\"@type\":\"ListItem\",\"position\":2,\"name\":\"CRAYON\",\"item\":\"https:\/\/luciolelighting.com\/fr\/collection\/crayon-fr\/\"},{\"@type\":\"ListItem\",\"position\":3,\"name\":\"CRAYON\"}]},{\"@type\":\"WebSite\",\"@id\":\"https:\/\/luciolelighting.com\/fr\/#website\",\"url\":\"https:\/\/luciolelighting.com\/fr\/\",\"name\":\"Luciole Lighting\",\"description\":\"\",\"publisher\":{\"@id\":\"https:\/\/luciolelighting.com\/fr\/#organization\"},\"potentialAction\":[{\"@type\":\"SearchAction\",\"target\":{\"@type\":\"EntryPoint\",\"urlTemplate\":\"https:\/\/luciolelighting.com\/fr\/?s={search_term_string}\"},\"query-input\":{\"@type\":\"PropertyValueSpecification\",\"valueRequired\":true,\"valueName\":\"search_term_string\"}}],\"inLanguage\":\"fr-CA\"},{\"@type\":\"Organization\",\"@id\":\"https:\/\/luciolelighting.com\/fr\/#organization\",\"name\":\"Luciole Lighting\",\"url\":\"https:\/\/luciolelighting.com\/fr\/\",\"logo\":{\"@type\":\"ImageObject\",\"inLanguage\":\"fr-CA\",\"@id\":\"https:\/\/luciolelighting.com\/fr\/#\/schema\/logo\/image\/\",\"url\":\"https:\/\/luciolelighting.com\/wp-content\/uploads\/2020\/11\/logo-header.png\",\"contentUrl\":\"https:\/\/luciolelighting.com\/wp-content\/uploads\/2020\/11\/logo-header.png\",\"width\":180,\"height\":55,\"caption\":\"Luciole Lighting\"},\"image\":{\"@id\":\"https:\/\/luciolelighting.com\/fr\/#\/schema\/logo\/image\/\"}}]}<\/script>\n<!-- \/ Yoast SEO plugin. -->","yoast_head_json":{"title":"CRAYON - Luciole Lighting","robots":{"index":"index","follow":"follow","max-snippet":"max-snippet:-1","max-image-preview":"max-image-preview:large","max-video-preview":"max-video-preview:-1"},"canonical":"https:\/\/luciolelighting.com\/fr\/produits\/crayon\/","og_locale":"fr_CA","og_type":"article","og_title":"CRAYON - Luciole Lighting","og_description":"Il y a quelque chose de magique qui se produit quand nous voyons une lumi\u00e8re traverser une surface de verre en relief. C\u2019est aussi ce qui se produit quand nous regardons le verre illumin\u00e9 de la collection Crayon.  Fait de verre de borosilicate clair, le diffuseur fl\u00fbt\u00e9 de la collection nous rappelle cet objet classique qu\u2019est le crayon \u00e0 mine en bois que nous avons tous manipul\u00e9 \u00e0 diff\u00e9rentes p\u00e9riodes de notre vie pour \u00e9crire ou dessiner. Bien que son usage ne soit plus aussi fr\u00e9quent depuis l\u2019arriv\u00e9e des diff\u00e9rents outils modernes, cet objet restera \u00e0 toujours grav\u00e9 dans notre m\u00e9moire. C\u2019est donc la forme de ce verre fl\u00fbt\u00e9 qui a inspir\u00e9 le nom et le design de la collection Crayon.  Disponibles en longueurs de 40\u2019\u2019 et 64\u2019\u2019 ou sur mesure, les mod\u00e8les de la collection sont aussi offerts dans plusieurs configurations standards ou sur mesure qui vous permettent de cr\u00e9er diff\u00e9rentes ambiances avec une touche d\u2019\u00e9clat. Aussi offerts dans les couleurs et finis standards, optionnels ou sur-mesure, les embouts l\u00e9g\u00e8rement bomb\u00e9s sont disponibles en laiton massif bross\u00e9 si jamais vous ressentez le besoin d\u2019ajouter une touche contrastante avec le reste de la structure du luminaire.","og_url":"https:\/\/luciolelighting.com\/fr\/produits\/crayon\/","og_site_name":"Luciole Lighting","article_modified_time":"2026-04-17T14:49:40+00:00","og_image":[{"width":1400,"height":1400,"url":"https:\/\/luciolelighting.com\/wp-content\/uploads\/2026\/04\/LUCIOLE_P_CRAYON_INIT_LR.webp","type":"image\/webp"}],"twitter_card":"summary_large_image","twitter_misc":{"Estimation du temps de lecture":"1 minute"},"schema":{"@context":"https:\/\/schema.org","@graph":[{"@type":"WebPage","@id":"https:\/\/luciolelighting.com\/fr\/produits\/crayon\/","url":"https:\/\/luciolelighting.com\/fr\/produits\/crayon\/","name":"CRAYON - Luciole Lighting","isPartOf":{"@id":"https:\/\/luciolelighting.com\/fr\/#website"},"primaryImageOfPage":{"@id":"https:\/\/luciolelighting.com\/fr\/produits\/crayon\/#primaryimage"},"image":{"@id":"https:\/\/luciolelighting.com\/fr\/produits\/crayon\/#primaryimage"},"thumbnailUrl":"https:\/\/luciolelighting.com\/wp-content\/uploads\/2026\/04\/LUCIOLE_P_CRAYON_INIT_LR.webp","datePublished":"2026-04-10T18:14:25+00:00","dateModified":"2026-04-17T14:49:40+00:00","breadcrumb":{"@id":"https:\/\/luciolelighting.com\/fr\/produits\/crayon\/#breadcrumb"},"inLanguage":"fr-CA","potentialAction":[{"@type":"ReadAction","target":["https:\/\/luciolelighting.com\/fr\/produits\/crayon\/"]}]},{"@type":"ImageObject","inLanguage":"fr-CA","@id":"https:\/\/luciolelighting.com\/fr\/produits\/crayon\/#primaryimage","url":"https:\/\/luciolelighting.com\/wp-content\/uploads\/2026\/04\/LUCIOLE_P_CRAYON_INIT_LR.webp","contentUrl":"https:\/\/luciolelighting.com\/wp-content\/uploads\/2026\/04\/LUCIOLE_P_CRAYON_INIT_LR.webp","width":1400,"height":1400},{"@type":"BreadcrumbList","@id":"https:\/\/luciolelighting.com\/fr\/produits\/crayon\/#breadcrumb","itemListElement":[{"@type":"ListItem","position":1,"name":"Products","item":"https:\/\/luciolelighting.com\/products\/"},{"@type":"ListItem","position":2,"name":"CRAYON","item":"https:\/\/luciolelighting.com\/fr\/collection\/crayon-fr\/"},{"@type":"ListItem","position":3,"name":"CRAYON"}]},{"@type":"WebSite","@id":"https:\/\/luciolelighting.com\/fr\/#website","url":"https:\/\/luciolelighting.com\/fr\/","name":"Luciole Lighting","description":"","publisher":{"@id":"https:\/\/luciolelighting.com\/fr\/#organization"},"potentialAction":[{"@type":"SearchAction","target":{"@type":"EntryPoint","urlTemplate":"https:\/\/luciolelighting.com\/fr\/?s={search_term_string}"},"query-input":{"@type":"PropertyValueSpecification","valueRequired":true,"valueName":"search_term_string"}}],"inLanguage":"fr-CA"},{"@type":"Organization","@id":"https:\/\/luciolelighting.com\/fr\/#organization","name":"Luciole Lighting","url":"https:\/\/luciolelighting.com\/fr\/","logo":{"@type":"ImageObject","inLanguage":"fr-CA","@id":"https:\/\/luciolelighting.com\/fr\/#\/schema\/logo\/image\/","url":"https:\/\/luciolelighting.com\/wp-content\/uploads\/2020\/11\/logo-header.png","contentUrl":"https:\/\/luciolelighting.com\/wp-content\/uploads\/2020\/11\/logo-header.png","width":180,"height":55,"caption":"Luciole Lighting"},"image":{"@id":"https:\/\/luciolelighting.com\/fr\/#\/schema\/logo\/image\/"}}]}},"_links":{"self":[{"href":"https:\/\/luciolelighting.com\/fr\/wp-json\/wp\/v2\/product\/4054","targetHints":{"allow":["GET"]}}],"collection":[{"href":"https:\/\/luciolelighting.com\/fr\/wp-json\/wp\/v2\/product"}],"about":[{"href":"https:\/\/luciolelighting.com\/fr\/wp-json\/wp\/v2\/types\/product"}],"replies":[{"embeddable":true,"href":"https:\/\/luciolelighting.com\/fr\/wp-json\/wp\/v2\/comments?post=4054"}],"wp:featuredmedia":[{"embeddable":true,"href":"https:\/\/luciolelighting.com\/fr\/wp-json\/wp\/v2\/media\/4040"}],"wp:attachment":[{"href":"https:\/\/luciolelighting.com\/fr\/wp-json\/wp\/v2\/media?parent=4054"}],"wp:term":[{"taxonomy":"product_brand","embeddable":true,"href":"https:\/\/luciolelighting.com\/fr\/wp-json\/wp\/v2\/product_brand?post=4054"},{"taxonomy":"product_cat","embeddable":true,"href":"https:\/\/luciolelighting.com\/fr\/wp-json\/wp\/v2\/product_cat?post=4054"},{"taxonomy":"product_tag","embeddable":true,"href":"https:\/\/luciolelighting.com\/fr\/wp-json\/wp\/v2\/product_tag?post=4054"}],"curies":[{"name":"wp","href":"https:\/\/api.w.org\/{rel}","templated":true}]}}